{"id":2389,"date":"2024-11-22T18:01:45","date_gmt":"2024-11-22T18:01:45","guid":{"rendered":"https:\/\/elba-travels.com\/traghetti-elba\/"},"modified":"2025-06-18T08:27:56","modified_gmt":"2025-06-18T08:27:56","slug":"traghetti-elba","status":"publish","type":"page","link":"https:\/\/elba-travels.com\/it\/traghetti-elba\/","title":{"rendered":"Traghetti Elba"},"content":{"rendered":"\t\t<div data-elementor-type=\"wp-page\" data-elementor-id=\"2389\" class=\"elementor elementor-2389 elementor-1109\" data-elementor-post-type=\"page\">\n\t\t\t\t<div class=\"elementor-element elementor-element-13b62724 e-con-full e-flex e-con e-parent\" data-id=\"13b62724\" data-element_type=\"container\" data-e-type=\"container\">\n\t\t\t\t<div class=\"elementor-element elementor-element-356fbd8d elementor--h-position-center elementor--v-position-middle elementor-arrows-position-inside elementor-pagination-position-inside elementor-widget elementor-widget-slides\" data-id=\"356fbd8d\" data-element_type=\"widget\" data-e-type=\"widget\" data-settings=\"{&quot;navigation&quot;:&quot;both&quot;,&quot;autoplay&quot;:&quot;yes&quot;,&quot;pause_on_hover&quot;:&quot;yes&quot;,&quot;pause_on_interaction&quot;:&quot;yes&quot;,&quot;autoplay_speed&quot;:5000,&quot;infinite&quot;:&quot;yes&quot;,&quot;transition&quot;:&quot;slide&quot;,&quot;transition_speed&quot;:500}\" data-widget_type=\"slides.default\">\n\t\t\t\t<div class=\"elementor-widget-container\">\n\t\t\t\t\t\t\t\t\t<div class=\"elementor-swiper\">\n\t\t\t\t\t<div class=\"elementor-slides-wrapper elementor-main-swiper swiper\" role=\"region\" aria-roledescription=\"carousel\" aria-label=\"Slides\" dir=\"ltr\" data-animation=\"fadeInUp\">\n\t\t\t\t<div class=\"swiper-wrapper elementor-slides\">\n\t\t\t\t\t\t\t\t\t\t<div class=\"elementor-repeater-item-69b4f37 swiper-slide\" role=\"group\" aria-roledescription=\"slide\"><div class=\"swiper-slide-bg elementor-ken-burns elementor-ken-burns--in\" role=\"img\" aria-label=\"Santa Lucia 2\"><\/div><div class=\"swiper-slide-inner\" ><div class=\"swiper-slide-contents\"><\/div><\/div><\/div>\t\t\t\t<\/div>\n\t\t\t\t\t\t\t<\/div>\n\t\t\t\t<\/div>\n\t\t\t\t\t\t\t\t<\/div>\n\t\t\t\t<\/div>\n\t\t\t\t<\/div>\n\t\t<div class=\"elementor-element elementor-element-7f0a2552 e-con-full e-flex e-con e-parent\" data-id=\"7f0a2552\" data-element_type=\"container\" data-e-type=\"container\" data-settings=\"{&quot;background_background&quot;:&quot;classic&quot;,&quot;shape_divider_top&quot;:&quot;mountains&quot;,&quot;shape_divider_bottom&quot;:&quot;mountains&quot;}\">\n\t\t\t\t<div class=\"elementor-shape elementor-shape-top\" aria-hidden=\"true\" data-negative=\"false\">\n\t\t\t<svg xmlns=\"http:\/\/www.w3.org\/2000\/svg\" viewBox=\"0 0 1000 100\" preserveAspectRatio=\"none\">\n\t<path class=\"elementor-shape-fill\" opacity=\"0.33\" d=\"M473,67.3c-203.9,88.3-263.1-34-320.3,0C66,119.1,0,59.7,0,59.7V0h1000v59.7 c0,0-62.1,26.1-94.9,29.3c-32.8,3.3-62.8-12.3-75.8-22.1C806,49.6,745.3,8.7,694.9,4.7S492.4,59,473,67.3z\"\/>\n\t<path class=\"elementor-shape-fill\" opacity=\"0.66\" d=\"M734,67.3c-45.5,0-77.2-23.2-129.1-39.1c-28.6-8.7-150.3-10.1-254,39.1 s-91.7-34.4-149.2,0C115.7,118.3,0,39.8,0,39.8V0h1000v36.5c0,0-28.2-18.5-92.1-18.5C810.2,18.1,775.7,67.3,734,67.3z\"\/>\n\t<path class=\"elementor-shape-fill\" d=\"M766.1,28.9c-200-57.5-266,65.5-395.1,19.5C242,1.8,242,5.4,184.8,20.6C128,35.8,132.3,44.9,89.9,52.5C28.6,63.7,0,0,0,0 h1000c0,0-9.9,40.9-83.6,48.1S829.6,47,766.1,28.9z\"\/>\n<\/svg>\t\t<\/div>\n\t\t\t\t<div class=\"elementor-shape elementor-shape-bottom\" aria-hidden=\"true\" data-negative=\"false\">\n\t\t\t<svg xmlns=\"http:\/\/www.w3.org\/2000\/svg\" viewBox=\"0 0 1000 100\" preserveAspectRatio=\"none\">\n\t<path class=\"elementor-shape-fill\" opacity=\"0.33\" d=\"M473,67.3c-203.9,88.3-263.1-34-320.3,0C66,119.1,0,59.7,0,59.7V0h1000v59.7 c0,0-62.1,26.1-94.9,29.3c-32.8,3.3-62.8-12.3-75.8-22.1C806,49.6,745.3,8.7,694.9,4.7S492.4,59,473,67.3z\"\/>\n\t<path class=\"elementor-shape-fill\" opacity=\"0.66\" d=\"M734,67.3c-45.5,0-77.2-23.2-129.1-39.1c-28.6-8.7-150.3-10.1-254,39.1 s-91.7-34.4-149.2,0C115.7,118.3,0,39.8,0,39.8V0h1000v36.5c0,0-28.2-18.5-92.1-18.5C810.2,18.1,775.7,67.3,734,67.3z\"\/>\n\t<path class=\"elementor-shape-fill\" d=\"M766.1,28.9c-200-57.5-266,65.5-395.1,19.5C242,1.8,242,5.4,184.8,20.6C128,35.8,132.3,44.9,89.9,52.5C28.6,63.7,0,0,0,0 h1000c0,0-9.9,40.9-83.6,48.1S829.6,47,766.1,28.9z\"\/>\n<\/svg>\t\t<\/div>\n\t\t\t\t<div class=\"elementor-element elementor-element-41601a4c elementor-widget elementor-widget-text-editor\" data-id=\"41601a4c\" data-element_type=\"widget\" data-e-type=\"widget\" data-widget_type=\"text-editor.default\">\n\t\t\t\t<div class=\"elementor-widget-container\">\n\t\t\t\t\t\t\t\t\t<p>Traghetti<\/p><h4>controlla i porti, i traghetti e gli sconti qui sotto<\/h4>\t\t\t\t\t\t\t\t<\/div>\n\t\t\t\t<\/div>\n\t\t\t\t<\/div>\n\t\t<div class=\"elementor-element elementor-element-45c41e4 e-flex e-con-boxed e-con e-parent\" data-id=\"45c41e4\" data-element_type=\"container\" data-e-type=\"container\">\n\t\t\t\t\t<div class=\"e-con-inner\">\n\t\t\t\t\t<\/div>\n\t\t\t\t<\/div>\n\t\t<div class=\"elementor-element elementor-element-a7d4cfd e-flex e-con-boxed e-con e-parent\" data-id=\"a7d4cfd\" data-element_type=\"container\" data-e-type=\"container\">\n\t\t\t\t\t<div class=\"e-con-inner\">\n\t\t\t\t<div class=\"elementor-element elementor-element-126b9eb elementor-widget elementor-widget-text-editor\" data-id=\"126b9eb\" data-element_type=\"widget\" data-e-type=\"widget\" data-widget_type=\"text-editor.default\">\n\t\t\t\t<div class=\"elementor-widget-container\">\n\t\t\t\t\t\t\t\t\t<p><span style=\"color: #000000;\">Per raggiungere l \u201cElba \u00e8 necessario navigare per circa un\u201d ora dal porto di Piombino. Ci sono quattro diverse compagnie che offrono questo servizio di traghetto:   <\/span><\/p><ul style=\"font-size: 16px; background-color: #ffffff; font-family: 'Source Sans Pro', Arial, sans-serif; margin: 0px 0px 1.5em 1em; padding: 0px; list-style-position: initial; list-style-image: initial; color: #404040;\"><li style=\"font-size: 16px; font-family: inherit; font-weight: inherit; font-style: inherit; margin: 0px; padding: 0px;\"><span style=\"color: #000000;\">Moby<\/span><\/li><li style=\"font-size: 16px; font-family: inherit; font-weight: inherit; font-style: inherit; margin: 0px; padding: 0px;\"><span style=\"color: #000000;\">Toremar<\/span><\/li><li style=\"font-size: 16px; font-family: inherit; font-weight: inherit; font-style: inherit; margin: 0px; padding: 0px;\"><span style=\"color: #000000;\">Blu Navy<\/span><\/li><li style=\"font-size: 16px; font-family: inherit; font-weight: inherit; font-style: inherit; margin: 0px; padding: 0px;\"><span style=\"color: #000000;\">Corsica Ferreis \/ Traghetti per l&#8217;Elba<\/span><\/li><\/ul><div><p><span style=\"color: #000000; font-family: 'Source Sans Pro', Arial, sans-serif;\">Ci sono 3 porti diversi, di cui Portoferraio \u00e8 il pi\u00f9 grande e il pi\u00f9 visitato. Qui i traghetti partono e arrivano dalla terraferma quasi ogni ora.   <br>Da qui, Elba Travels offre un servizio di trasferimento da e per il campeggio per i nostri ospiti.  <\/span><\/p><p><b>Consigliamo ai nostri ospiti di prendere il percorso Piombino &#8211; Portoferraio.  <\/b><\/p><p><span style=\"color: #000000;\">Altri porti sono Cavo e Rio Marina, ma tieni presente che questo servizio di traghetti \u00e8 attivo solo per un periodo limitato e potrebbe essere riservato ai passeggeri. Inoltre, le infrastrutture qui sono meno dinamiche e potresti dover aspettare a lungo per prendere un autobus o un taxi.   <\/span><br><span style=\"color: #000000;\">A partire dall&#8217;estate 2024, ci sar\u00e0 un servizio di autobus che collegher\u00e0 questi porti a Capoliveri. Da qui offriamo anche un servizio di trasporto da e per il campeggio per i nostri ospiti.   <\/span><\/p><p><span style=\"color: #000000; font-family: 'Source Sans Pro', Arial, sans-serif;\">I prezzi dei traghetti variano a seconda del giorno, dell \u201cora o delle dimensioni del tuo veicolo. Controlla qui sotto per avere un\u201d indicazione rapida dei prezzi.   <br><b>codice sconto<\/b>: elbatravels<br>In questo modo risparmierai subito euro da spendere in un delizioso caff\u00e8 o <em>gelato<\/em> italiano <em>.<\/em><\/span><\/p><\/div>\t\t\t\t\t\t\t\t<\/div>\n\t\t\t\t<\/div>\n\t\t\t\t<div class=\"elementor-element elementor-element-d42c6c5 elementor-widget elementor-widget-heading\" data-id=\"d42c6c5\" data-element_type=\"widget\" data-e-type=\"widget\" data-widget_type=\"heading.default\">\n\t\t\t\t<div class=\"elementor-widget-container\">\n\t\t\t\t\t<h2 class=\"elementor-heading-title elementor-size-default\"><a href=\"https:\/\/www.misterferry.com\/en\/discount-code.aspx?from=sconto&#038;UAID=589971&#038;noredirect=1\" target=\"_blank\">Pianifica il tuo traghetto scontato qui<\/a><\/h2>\t\t\t\t<\/div>\n\t\t\t\t<\/div>\n\t\t\t\t\t<\/div>\n\t\t\t\t<\/div>\n\t\t<div class=\"elementor-element elementor-element-28c11c3 e-flex e-con-boxed e-con e-parent\" data-id=\"28c11c3\" data-element_type=\"container\" data-e-type=\"container\">\n\t\t\t\t\t<div class=\"e-con-inner\">\n\t\t\t\t<div class=\"elementor-element elementor-element-5c1b336 elementor-widget elementor-widget-text-editor\" data-id=\"5c1b336\" data-element_type=\"widget\" data-e-type=\"widget\" data-widget_type=\"text-editor.default\">\n\t\t\t\t<div class=\"elementor-widget-container\">\n\t\t\t\t\t\t\t\t\t<div style=\"margin-left: auto; margin-right: auto; max-width: 100%;\">\n<iframe id=\"tlines\" class=\"tlines_frame\" style=\"border: 0px; width: 100%;\" src=\"https:\/\/www.misterferry.com\/en\/elba-island-ferries.aspx?UAID=589971&amp;bkcolor=F1E082&amp;txtcolor=2B2B2B&amp;bkbtncolor=88D3D7&amp;txtbtncolor=FFFFFF&amp;bktitolo=3399CC&amp;txttitolo=FFFFFF&amp;language=en&amp;iframe_booking=true&amp;v2=true\" scrolling=\"no\"><\/iframe>\n<p style=\"font-size: 11px; margin: auto; font-family: Verdana; width: 100%; color: #666; margin-bottom: 12px; text-align: center;\">Servizio gestito da <a style=\"color: #666; text-decoration: none;\" href=\"https:\/\/www.misterferry.com\/en\/elba-island-ferries.aspx?UAID=589971&amp;bkcolor=F1E082&amp;txtcolor=2B2B2B&amp;bkbtncolor=88D3D7&amp;txtbtncolor=FFFFFF&amp;bktitolo=3399CC&amp;txttitolo=FFFFFF\" target=\"_blank\" rel=\"noopener\">Misterferry.com<\/a><\/p>\n<script type=\"text\/javascript\" src=\"https:\/\/www.misterferry.com\/Ajax\/tlines_resp_v2.js\"><\/script>\n\n<\/div>\t\t\t\t\t\t\t\t<\/div>\n\t\t\t\t<\/div>\n\t\t\t\t\t<\/div>\n\t\t\t\t<\/div>\n\t\t<div class=\"elementor-element elementor-element-4694b33 e-flex e-con-boxed e-con e-parent\" data-id=\"4694b33\" data-element_type=\"container\" data-e-type=\"container\">\n\t\t\t\t\t<div class=\"e-con-inner\">\n\t\t\t\t<div class=\"elementor-element elementor-element-8817b38 elementor-widget elementor-widget-text-editor\" data-id=\"8817b38\" data-element_type=\"widget\" data-e-type=\"widget\" data-widget_type=\"text-editor.default\">\n\t\t\t\t<div class=\"elementor-widget-container\">\n\t\t\t\t\t\t\t\t\t<p style=\"font-family: 'Source Sans Pro', Arial, sans-serif; margin: 0px 0px 1.5em; padding: 0px; vertical-align: baseline; border: 0px; outline: 0px; color: #404040;\"><strong style=\"font-family: inherit; text-align: var(--text-align); font-size: 1rem; font-weight: bold; font-style: inherit; margin: 0px; padding: 0px; vertical-align: baseline; border: 0px; outline: 0px;\">Utile da sapere<\/strong><\/p><p style=\"font-family: 'Source Sans Pro', Arial, sans-serif; margin: 0px; padding: 0px; vertical-align: baseline; border: 0px; outline: 0px; color: #404040;\">Moby e Toremar lavorano insieme, il che significa che un biglietto di uno dei due ti permette di imbarcarti anche su un traghetto dell&#8217;altro. \u00c8 utile se arrivi al porto in anticipo o se sei in ritardo, in quanto puoi prendere un traghetto precedente o successivo.   <br><br>Tieni presente che se prenoti Blu Navy o Corsica Ferries, puoi navigare solo con quella compagnia.<br><br>In alta stagione, ti consigliamo di prenotare i biglietti per tempo per evitare lunghe attese.  <\/p>\t\t\t\t\t\t\t\t<\/div>\n\t\t\t\t<\/div>\n\t\t\t\t\t<\/div>\n\t\t\t\t<\/div>\n\t\t<div class=\"elementor-element elementor-element-5b2175de e-con-full e-flex e-con e-parent\" data-id=\"5b2175de\" data-element_type=\"container\" data-e-type=\"container\" data-settings=\"{&quot;background_background&quot;:&quot;classic&quot;,&quot;shape_divider_top&quot;:&quot;mountains&quot;,&quot;shape_divider_bottom&quot;:&quot;mountains&quot;}\">\n\t\t\t\t<div class=\"elementor-shape elementor-shape-top\" aria-hidden=\"true\" data-negative=\"false\">\n\t\t\t<svg xmlns=\"http:\/\/www.w3.org\/2000\/svg\" viewBox=\"0 0 1000 100\" preserveAspectRatio=\"none\">\n\t<path class=\"elementor-shape-fill\" opacity=\"0.33\" d=\"M473,67.3c-203.9,88.3-263.1-34-320.3,0C66,119.1,0,59.7,0,59.7V0h1000v59.7 c0,0-62.1,26.1-94.9,29.3c-32.8,3.3-62.8-12.3-75.8-22.1C806,49.6,745.3,8.7,694.9,4.7S492.4,59,473,67.3z\"\/>\n\t<path class=\"elementor-shape-fill\" opacity=\"0.66\" d=\"M734,67.3c-45.5,0-77.2-23.2-129.1-39.1c-28.6-8.7-150.3-10.1-254,39.1 s-91.7-34.4-149.2,0C115.7,118.3,0,39.8,0,39.8V0h1000v36.5c0,0-28.2-18.5-92.1-18.5C810.2,18.1,775.7,67.3,734,67.3z\"\/>\n\t<path class=\"elementor-shape-fill\" d=\"M766.1,28.9c-200-57.5-266,65.5-395.1,19.5C242,1.8,242,5.4,184.8,20.6C128,35.8,132.3,44.9,89.9,52.5C28.6,63.7,0,0,0,0 h1000c0,0-9.9,40.9-83.6,48.1S829.6,47,766.1,28.9z\"\/>\n<\/svg>\t\t<\/div>\n\t\t\t\t<div class=\"elementor-shape elementor-shape-bottom\" aria-hidden=\"true\" data-negative=\"false\">\n\t\t\t<svg xmlns=\"http:\/\/www.w3.org\/2000\/svg\" viewBox=\"0 0 1000 100\" preserveAspectRatio=\"none\">\n\t<path class=\"elementor-shape-fill\" opacity=\"0.33\" d=\"M473,67.3c-203.9,88.3-263.1-34-320.3,0C66,119.1,0,59.7,0,59.7V0h1000v59.7 c0,0-62.1,26.1-94.9,29.3c-32.8,3.3-62.8-12.3-75.8-22.1C806,49.6,745.3,8.7,694.9,4.7S492.4,59,473,67.3z\"\/>\n\t<path class=\"elementor-shape-fill\" opacity=\"0.66\" d=\"M734,67.3c-45.5,0-77.2-23.2-129.1-39.1c-28.6-8.7-150.3-10.1-254,39.1 s-91.7-34.4-149.2,0C115.7,118.3,0,39.8,0,39.8V0h1000v36.5c0,0-28.2-18.5-92.1-18.5C810.2,18.1,775.7,67.3,734,67.3z\"\/>\n\t<path class=\"elementor-shape-fill\" d=\"M766.1,28.9c-200-57.5-266,65.5-395.1,19.5C242,1.8,242,5.4,184.8,20.6C128,35.8,132.3,44.9,89.9,52.5C28.6,63.7,0,0,0,0 h1000c0,0-9.9,40.9-83.6,48.1S829.6,47,766.1,28.9z\"\/>\n<\/svg>\t\t<\/div>\n\t\t\t\t<div class=\"elementor-element elementor-element-42f5065c elementor-widget elementor-widget-text-editor\" data-id=\"42f5065c\" data-element_type=\"widget\" data-e-type=\"widget\" data-widget_type=\"text-editor.default\">\n\t\t\t\t<div class=\"elementor-widget-container\">\n\t\t\t\t\t\t\t\t\t<p>Traghetti<\/p><h4>Prenota il tuo traghetto in tempo, l&#8217;estate pu\u00f2 essere molto impegnativa<\/h4>\t\t\t\t\t\t\t\t<\/div>\n\t\t\t\t<\/div>\n\t\t\t\t<\/div>\n\t\t<div class=\"elementor-element elementor-element-4cb3cc8 e-flex e-con-boxed e-con e-parent\" data-id=\"4cb3cc8\" data-element_type=\"container\" data-e-type=\"container\">\n\t\t\t\t\t<div class=\"e-con-inner\">\n\t\t\t\t\t<\/div>\n\t\t\t\t<\/div>\n\t\t\t\t<\/div>\n\t\t","protected":false},"excerpt":{"rendered":"<p>Traghetti controlla i porti, i traghetti e gli sconti qui sotto Per raggiungere l \u201cElba \u00e8 necessario navigare per circa un\u201d ora dal porto di Piombino. Ci sono quattro diverse compagnie che offrono questo servizio di traghetto: Moby Toremar Blu Navy Corsica Ferreis \/ Traghetti per l&#8217;Elba Ci sono 3 porti diversi, di cui Portoferraio [&hellip;]<\/p>\n","protected":false},"author":1,"featured_media":0,"parent":0,"menu_order":0,"comment_status":"closed","ping_status":"closed","template":"","meta":{"footnotes":""},"class_list":["post-2389","page","type-page","status-publish","hentry"],"yoast_head":"<!-- This site is optimized with the Yoast SEO plugin v25.3 - https:\/\/yoast.com\/wordpress\/plugins\/seo\/ -->\n<title>Traghetti Elba -<\/title>\n<meta name=\"robots\" content=\"index, follow, max-snippet:-1, max-image-preview:large, max-video-preview:-1\" \/>\n<link rel=\"canonical\" href=\"https:\/\/elba-travels.com\/it\/traghetti-elba\/\" \/>\n<meta property=\"og:locale\" content=\"it_IT\" \/>\n<meta property=\"og:type\" content=\"article\" \/>\n<meta property=\"og:title\" content=\"Traghetti Elba -\" \/>\n<meta property=\"og:description\" content=\"Traghetti controlla i porti, i traghetti e gli sconti qui sotto Per raggiungere l \u201cElba \u00e8 necessario navigare per circa un\u201d ora dal porto di Piombino. Ci sono quattro diverse compagnie che offrono questo servizio di traghetto: Moby Toremar Blu Navy Corsica Ferreis \/ Traghetti per l&#8217;Elba Ci sono 3 porti diversi, di cui Portoferraio [&hellip;]\" \/>\n<meta property=\"og:url\" content=\"https:\/\/elba-travels.com\/it\/traghetti-elba\/\" \/>\n<meta property=\"article:publisher\" content=\"https:\/\/www.facebook.com\/elbatravels\" \/>\n<meta property=\"article:modified_time\" content=\"2025-06-18T08:27:56+00:00\" \/>\n<meta name=\"twitter:card\" content=\"summary_large_image\" \/>\n<meta name=\"twitter:label1\" content=\"Tempo di lettura stimato\" \/>\n\t<meta name=\"twitter:data1\" content=\"2 minuti\" \/>\n<script type=\"application\/ld+json\" class=\"yoast-schema-graph\">{\"@context\":\"https:\/\/schema.org\",\"@graph\":[{\"@type\":\"WebPage\",\"@id\":\"https:\/\/elba-travels.com\/it\/traghetti-elba\/\",\"url\":\"https:\/\/elba-travels.com\/it\/traghetti-elba\/\",\"name\":\"Traghetti Elba -\",\"isPartOf\":{\"@id\":\"https:\/\/elba-travels.com\/it\/#website\"},\"datePublished\":\"2024-11-22T18:01:45+00:00\",\"dateModified\":\"2025-06-18T08:27:56+00:00\",\"breadcrumb\":{\"@id\":\"https:\/\/elba-travels.com\/it\/traghetti-elba\/#breadcrumb\"},\"inLanguage\":\"it-IT\",\"potentialAction\":[{\"@type\":\"ReadAction\",\"target\":[\"https:\/\/elba-travels.com\/it\/traghetti-elba\/\"]}]},{\"@type\":\"BreadcrumbList\",\"@id\":\"https:\/\/elba-travels.com\/it\/traghetti-elba\/#breadcrumb\",\"itemListElement\":[{\"@type\":\"ListItem\",\"position\":1,\"name\":\"Home\",\"item\":\"https:\/\/elba-travels.com\/it\/pagina-principale\/\"},{\"@type\":\"ListItem\",\"position\":2,\"name\":\"Traghetti Elba\"}]},{\"@type\":\"WebSite\",\"@id\":\"https:\/\/elba-travels.com\/it\/#website\",\"url\":\"https:\/\/elba-travels.com\/it\/\",\"name\":\"Elba Travels\",\"description\":\"\",\"publisher\":{\"@id\":\"https:\/\/elba-travels.com\/it\/#organization\"},\"potentialAction\":[{\"@type\":\"SearchAction\",\"target\":{\"@type\":\"EntryPoint\",\"urlTemplate\":\"https:\/\/elba-travels.com\/it\/?s={search_term_string}\"},\"query-input\":{\"@type\":\"PropertyValueSpecification\",\"valueRequired\":true,\"valueName\":\"search_term_string\"}}],\"inLanguage\":\"it-IT\"},{\"@type\":\"Organization\",\"@id\":\"https:\/\/elba-travels.com\/it\/#organization\",\"name\":\"Elba Travels\",\"url\":\"https:\/\/elba-travels.com\/it\/\",\"logo\":{\"@type\":\"ImageObject\",\"inLanguage\":\"it-IT\",\"@id\":\"https:\/\/elba-travels.com\/it\/#\/schema\/logo\/image\/\",\"url\":\"https:\/\/elba-travels.com\/wp-content\/uploads\/2024\/11\/Elbatravels_logo_groot.png\",\"contentUrl\":\"https:\/\/elba-travels.com\/wp-content\/uploads\/2024\/11\/Elbatravels_logo_groot.png\",\"width\":2245,\"height\":349,\"caption\":\"Elba Travels\"},\"image\":{\"@id\":\"https:\/\/elba-travels.com\/it\/#\/schema\/logo\/image\/\"},\"sameAs\":[\"https:\/\/www.facebook.com\/elbatravels\",\"https:\/\/www.instagram.com\/elbatravels\/\"]}]}<\/script>\n<!-- \/ Yoast SEO plugin. -->","yoast_head_json":{"title":"Traghetti Elba -","robots":{"index":"index","follow":"follow","max-snippet":"max-snippet:-1","max-image-preview":"max-image-preview:large","max-video-preview":"max-video-preview:-1"},"canonical":"https:\/\/elba-travels.com\/it\/traghetti-elba\/","og_locale":"it_IT","og_type":"article","og_title":"Traghetti Elba -","og_description":"Traghetti controlla i porti, i traghetti e gli sconti qui sotto Per raggiungere l \u201cElba \u00e8 necessario navigare per circa un\u201d ora dal porto di Piombino. Ci sono quattro diverse compagnie che offrono questo servizio di traghetto: Moby Toremar Blu Navy Corsica Ferreis \/ Traghetti per l&#8217;Elba Ci sono 3 porti diversi, di cui Portoferraio [&hellip;]","og_url":"https:\/\/elba-travels.com\/it\/traghetti-elba\/","article_publisher":"https:\/\/www.facebook.com\/elbatravels","article_modified_time":"2025-06-18T08:27:56+00:00","twitter_card":"summary_large_image","twitter_misc":{"Tempo di lettura stimato":"2 minuti"},"schema":{"@context":"https:\/\/schema.org","@graph":[{"@type":"WebPage","@id":"https:\/\/elba-travels.com\/it\/traghetti-elba\/","url":"https:\/\/elba-travels.com\/it\/traghetti-elba\/","name":"Traghetti Elba -","isPartOf":{"@id":"https:\/\/elba-travels.com\/it\/#website"},"datePublished":"2024-11-22T18:01:45+00:00","dateModified":"2025-06-18T08:27:56+00:00","breadcrumb":{"@id":"https:\/\/elba-travels.com\/it\/traghetti-elba\/#breadcrumb"},"inLanguage":"it-IT","potentialAction":[{"@type":"ReadAction","target":["https:\/\/elba-travels.com\/it\/traghetti-elba\/"]}]},{"@type":"BreadcrumbList","@id":"https:\/\/elba-travels.com\/it\/traghetti-elba\/#breadcrumb","itemListElement":[{"@type":"ListItem","position":1,"name":"Home","item":"https:\/\/elba-travels.com\/it\/pagina-principale\/"},{"@type":"ListItem","position":2,"name":"Traghetti Elba"}]},{"@type":"WebSite","@id":"https:\/\/elba-travels.com\/it\/#website","url":"https:\/\/elba-travels.com\/it\/","name":"Elba Travels","description":"","publisher":{"@id":"https:\/\/elba-travels.com\/it\/#organization"},"potentialAction":[{"@type":"SearchAction","target":{"@type":"EntryPoint","urlTemplate":"https:\/\/elba-travels.com\/it\/?s={search_term_string}"},"query-input":{"@type":"PropertyValueSpecification","valueRequired":true,"valueName":"search_term_string"}}],"inLanguage":"it-IT"},{"@type":"Organization","@id":"https:\/\/elba-travels.com\/it\/#organization","name":"Elba Travels","url":"https:\/\/elba-travels.com\/it\/","logo":{"@type":"ImageObject","inLanguage":"it-IT","@id":"https:\/\/elba-travels.com\/it\/#\/schema\/logo\/image\/","url":"https:\/\/elba-travels.com\/wp-content\/uploads\/2024\/11\/Elbatravels_logo_groot.png","contentUrl":"https:\/\/elba-travels.com\/wp-content\/uploads\/2024\/11\/Elbatravels_logo_groot.png","width":2245,"height":349,"caption":"Elba Travels"},"image":{"@id":"https:\/\/elba-travels.com\/it\/#\/schema\/logo\/image\/"},"sameAs":["https:\/\/www.facebook.com\/elbatravels","https:\/\/www.instagram.com\/elbatravels\/"]}]}},"_links":{"self":[{"href":"https:\/\/elba-travels.com\/it\/wp-json\/wp\/v2\/pages\/2389","targetHints":{"allow":["GET"]}}],"collection":[{"href":"https:\/\/elba-travels.com\/it\/wp-json\/wp\/v2\/pages"}],"about":[{"href":"https:\/\/elba-travels.com\/it\/wp-json\/wp\/v2\/types\/page"}],"author":[{"embeddable":true,"href":"https:\/\/elba-travels.com\/it\/wp-json\/wp\/v2\/users\/1"}],"replies":[{"embeddable":true,"href":"https:\/\/elba-travels.com\/it\/wp-json\/wp\/v2\/comments?post=2389"}],"version-history":[{"count":1,"href":"https:\/\/elba-travels.com\/it\/wp-json\/wp\/v2\/pages\/2389\/revisions"}],"predecessor-version":[{"id":2390,"href":"https:\/\/elba-travels.com\/it\/wp-json\/wp\/v2\/pages\/2389\/revisions\/2390"}],"wp:attachment":[{"href":"https:\/\/elba-travels.com\/it\/wp-json\/wp\/v2\/media?parent=2389"}],"curies":[{"name":"wp","href":"https:\/\/api.w.org\/{rel}","templated":true}]}}