{"id":2375,"date":"2024-11-13T22:23:23","date_gmt":"2024-11-13T22:23:23","guid":{"rendered":"https:\/\/elba-travels.com\/chi-siamo\/"},"modified":"2025-06-12T17:30:46","modified_gmt":"2025-06-12T17:30:46","slug":"chi-siamo","status":"publish","type":"page","link":"https:\/\/elba-travels.com\/it\/chi-siamo\/","title":{"rendered":"Chi siamo"},"content":{"rendered":"\t\t<div data-elementor-type=\"wp-page\" data-elementor-id=\"2375\" class=\"elementor elementor-2375 elementor-72\" data-elementor-post-type=\"page\">\n\t\t\t\t<div class=\"elementor-element elementor-element-cf2d7c5 e-con-full e-flex e-con e-parent\" data-id=\"cf2d7c5\" data-element_type=\"container\" data-e-type=\"container\" data-settings=\"{&quot;shape_divider_top&quot;:&quot;waves&quot;}\">\n\t\t\t\t<div class=\"elementor-shape elementor-shape-top\" aria-hidden=\"true\" data-negative=\"false\">\n\t\t\t<svg xmlns=\"http:\/\/www.w3.org\/2000\/svg\" viewBox=\"0 0 1000 100\" preserveAspectRatio=\"none\">\n\t<path class=\"elementor-shape-fill\" d=\"M421.9,6.5c22.6-2.5,51.5,0.4,75.5,5.3c23.6,4.9,70.9,23.5,100.5,35.7c75.8,32.2,133.7,44.5,192.6,49.7\n\tc23.6,2.1,48.7,3.5,103.4-2.5c54.7-6,106.2-25.6,106.2-25.6V0H0v30.3c0,0,72,32.6,158.4,30.5c39.2-0.7,92.8-6.7,134-22.4\n\tc21.2-8.1,52.2-18.2,79.7-24.2C399.3,7.9,411.6,7.5,421.9,6.5z\"\/>\n<\/svg>\t\t<\/div>\n\t\t\t\t<div class=\"elementor-element elementor-element-c7a60c1 elementor--v-position-top elementor--h-position-center elementor-arrows-position-inside elementor-pagination-position-inside elementor-widget elementor-widget-slides\" data-id=\"c7a60c1\" data-element_type=\"widget\" data-e-type=\"widget\" data-settings=\"{&quot;navigation&quot;:&quot;both&quot;,&quot;autoplay&quot;:&quot;yes&quot;,&quot;pause_on_hover&quot;:&quot;yes&quot;,&quot;pause_on_interaction&quot;:&quot;yes&quot;,&quot;autoplay_speed&quot;:5000,&quot;infinite&quot;:&quot;yes&quot;,&quot;transition&quot;:&quot;slide&quot;,&quot;transition_speed&quot;:500}\" data-widget_type=\"slides.default\">\n\t\t\t\t<div class=\"elementor-widget-container\">\n\t\t\t\t\t\t\t\t\t<div class=\"elementor-swiper\">\n\t\t\t\t\t<div class=\"elementor-slides-wrapper elementor-main-swiper swiper\" role=\"region\" aria-roledescription=\"carousel\" aria-label=\"Slides\" dir=\"ltr\" data-animation=\"fadeInUp\">\n\t\t\t\t<div class=\"swiper-wrapper elementor-slides\">\n\t\t\t\t\t\t\t\t\t\t<div class=\"elementor-repeater-item-cecf8ca swiper-slide\" role=\"group\" aria-roledescription=\"slide\"><div class=\"swiper-slide-bg\" role=\"img\" aria-label=\"Santa Lucia 2\"><\/div><div class=\"swiper-slide-inner\" ><div class=\"swiper-slide-contents\"><\/div><\/div><\/div>\t\t\t\t<\/div>\n\t\t\t\t\t\t\t<\/div>\n\t\t\t\t<\/div>\n\t\t\t\t\t\t\t\t<\/div>\n\t\t\t\t<\/div>\n\t\t\t\t<\/div>\n\t\t<div class=\"elementor-element elementor-element-285f95d e-con-full e-flex e-con e-parent\" data-id=\"285f95d\" data-element_type=\"container\" data-e-type=\"container\" data-settings=\"{&quot;background_background&quot;:&quot;classic&quot;,&quot;shape_divider_top&quot;:&quot;mountains&quot;,&quot;shape_divider_bottom&quot;:&quot;mountains&quot;}\">\n\t\t\t\t<div class=\"elementor-shape elementor-shape-top\" aria-hidden=\"true\" data-negative=\"false\">\n\t\t\t<svg xmlns=\"http:\/\/www.w3.org\/2000\/svg\" viewBox=\"0 0 1000 100\" preserveAspectRatio=\"none\">\n\t<path class=\"elementor-shape-fill\" opacity=\"0.33\" d=\"M473,67.3c-203.9,88.3-263.1-34-320.3,0C66,119.1,0,59.7,0,59.7V0h1000v59.7 c0,0-62.1,26.1-94.9,29.3c-32.8,3.3-62.8-12.3-75.8-22.1C806,49.6,745.3,8.7,694.9,4.7S492.4,59,473,67.3z\"\/>\n\t<path class=\"elementor-shape-fill\" opacity=\"0.66\" d=\"M734,67.3c-45.5,0-77.2-23.2-129.1-39.1c-28.6-8.7-150.3-10.1-254,39.1 s-91.7-34.4-149.2,0C115.7,118.3,0,39.8,0,39.8V0h1000v36.5c0,0-28.2-18.5-92.1-18.5C810.2,18.1,775.7,67.3,734,67.3z\"\/>\n\t<path class=\"elementor-shape-fill\" d=\"M766.1,28.9c-200-57.5-266,65.5-395.1,19.5C242,1.8,242,5.4,184.8,20.6C128,35.8,132.3,44.9,89.9,52.5C28.6,63.7,0,0,0,0 h1000c0,0-9.9,40.9-83.6,48.1S829.6,47,766.1,28.9z\"\/>\n<\/svg>\t\t<\/div>\n\t\t\t\t<div class=\"elementor-shape elementor-shape-bottom\" aria-hidden=\"true\" data-negative=\"false\">\n\t\t\t<svg xmlns=\"http:\/\/www.w3.org\/2000\/svg\" viewBox=\"0 0 1000 100\" preserveAspectRatio=\"none\">\n\t<path class=\"elementor-shape-fill\" opacity=\"0.33\" d=\"M473,67.3c-203.9,88.3-263.1-34-320.3,0C66,119.1,0,59.7,0,59.7V0h1000v59.7 c0,0-62.1,26.1-94.9,29.3c-32.8,3.3-62.8-12.3-75.8-22.1C806,49.6,745.3,8.7,694.9,4.7S492.4,59,473,67.3z\"\/>\n\t<path class=\"elementor-shape-fill\" opacity=\"0.66\" d=\"M734,67.3c-45.5,0-77.2-23.2-129.1-39.1c-28.6-8.7-150.3-10.1-254,39.1 s-91.7-34.4-149.2,0C115.7,118.3,0,39.8,0,39.8V0h1000v36.5c0,0-28.2-18.5-92.1-18.5C810.2,18.1,775.7,67.3,734,67.3z\"\/>\n\t<path class=\"elementor-shape-fill\" d=\"M766.1,28.9c-200-57.5-266,65.5-395.1,19.5C242,1.8,242,5.4,184.8,20.6C128,35.8,132.3,44.9,89.9,52.5C28.6,63.7,0,0,0,0 h1000c0,0-9.9,40.9-83.6,48.1S829.6,47,766.1,28.9z\"\/>\n<\/svg>\t\t<\/div>\n\t\t\t\t<div class=\"elementor-element elementor-element-17eff2f elementor-widget elementor-widget-text-editor\" data-id=\"17eff2f\" data-element_type=\"widget\" data-e-type=\"widget\" data-widget_type=\"text-editor.default\">\n\t\t\t\t<div class=\"elementor-widget-container\">\n\t\t\t\t\t\t\t\t\t<p>Chi siamo<\/p><h4>Scopri l&#8217;ELBA con Elba Travels<\/h4>\t\t\t\t\t\t\t\t<\/div>\n\t\t\t\t<\/div>\n\t\t\t\t<\/div>\n\t\t<div class=\"elementor-element elementor-element-53f7080 e-flex e-con-boxed e-con e-parent\" data-id=\"53f7080\" data-element_type=\"container\" data-e-type=\"container\">\n\t\t\t\t\t<div class=\"e-con-inner\">\n\t\t\t\t<div class=\"elementor-element elementor-element-346c96d elementor-position-left elementor-vertical-align-top elementor-widget elementor-widget-image-box\" data-id=\"346c96d\" data-element_type=\"widget\" data-e-type=\"widget\" data-widget_type=\"image-box.default\">\n\t\t\t\t<div class=\"elementor-widget-container\">\n\t\t\t\t\t<div class=\"elementor-image-box-wrapper\"><figure class=\"elementor-image-box-img\"><a href=\"https:\/\/elba-travels.com\/onze-visie\/\" tabindex=\"-1\"><img decoding=\"async\" src=\"https:\/\/elba-travels.com\/wp-content\/uploads\/elementor\/thumbs\/Santa-Lucia-2-scaled-qx3guhuqpcqm37rb803b34otz9syra3y8i999xeimo.jpg\" title=\"Santa Lucia 2\" alt=\"Santa Lucia 2\" loading=\"lazy\" \/><\/a><\/figure><div class=\"elementor-image-box-content\"><h3 class=\"elementor-image-box-title\"><a href=\"https:\/\/elba-travels.com\/onze-visie\/\">La nostra visione<\/a><\/h3><p class=\"elementor-image-box-description\">Tutto \u00e8 lecito e niente \u00e8 obbligatorio. Guarda la versione estesa della nostra visione qui.   <\/p><\/div><\/div>\t\t\t\t<\/div>\n\t\t\t\t<\/div>\n\t\t\t\t<div class=\"elementor-element elementor-element-b41f8ba elementor-position-left elementor-vertical-align-top elementor-widget elementor-widget-image-box\" data-id=\"b41f8ba\" data-element_type=\"widget\" data-e-type=\"widget\" data-widget_type=\"image-box.default\">\n\t\t\t\t<div class=\"elementor-widget-container\">\n\t\t\t\t\t<div class=\"elementor-image-box-wrapper\"><figure class=\"elementor-image-box-img\"><a href=\"https:\/\/elba-travels.com\/team\/\" tabindex=\"-1\"><img decoding=\"async\" src=\"https:\/\/elba-travels.com\/wp-content\/uploads\/elementor\/thumbs\/crew-qx3e5t6dpudtv676spjt410y9gcs039wlyi96arcnk.jpg\" title=\"crew\" alt=\"crew\" loading=\"lazy\" \/><\/a><\/figure><div class=\"elementor-image-box-content\"><h3 class=\"elementor-image-box-title\"><a href=\"https:\/\/elba-travels.com\/team\/\">Squadra<\/a><\/h3><p class=\"elementor-image-box-description\">Il nostro team \u00e8 composto da personale e istruttori giovani e dinamici.  <\/p><\/div><\/div>\t\t\t\t<\/div>\n\t\t\t\t<\/div>\n\t\t\t\t<div class=\"elementor-element elementor-element-64f489c elementor-position-left elementor-vertical-align-top elementor-widget elementor-widget-image-box\" data-id=\"64f489c\" data-element_type=\"widget\" data-e-type=\"widget\" data-widget_type=\"image-box.default\">\n\t\t\t\t<div class=\"elementor-widget-container\">\n\t\t\t\t\t<div class=\"elementor-image-box-wrapper\"><figure class=\"elementor-image-box-img\"><a href=\"https:\/\/elba-travels.com\/vacatures\/\" tabindex=\"-1\"><img decoding=\"async\" src=\"https:\/\/elba-travels.com\/wp-content\/uploads\/elementor\/thumbs\/crew-monte-capanne-qx3fiufa8pibiuz2gwl66nklv2o3jnxtcno4fy2028.jpg\" title=\"crew monte capanne\" alt=\"crew monte capanne\" loading=\"lazy\" \/><\/a><\/figure><div class=\"elementor-image-box-content\"><h3 class=\"elementor-image-box-title\"><a href=\"https:\/\/elba-travels.com\/vacatures\/\">Offerte di lavoro<\/a><\/h3><p class=\"elementor-image-box-description\">Ti piacerebbe lavorare su un'isola del Mediterraneo? Controlla qui tutte le offerte di lavoro recenti.   <\/p><\/div><\/div>\t\t\t\t<\/div>\n\t\t\t\t<\/div>\n\t\t\t\t<div class=\"elementor-element elementor-element-1757898 elementor-position-left elementor-vertical-align-top elementor-widget elementor-widget-image-box\" data-id=\"1757898\" data-element_type=\"widget\" data-e-type=\"widget\" data-widget_type=\"image-box.default\">\n\t\t\t\t<div class=\"elementor-widget-container\">\n\t\t\t\t\t<div class=\"elementor-image-box-wrapper\"><figure class=\"elementor-image-box-img\"><a href=\"https:\/\/elba-travels.com\/faq\/\" tabindex=\"-1\"><img decoding=\"async\" src=\"https:\/\/elba-travels.com\/wp-content\/uploads\/elementor\/thumbs\/ricardo-in-hangmat-qx3fiwaymdkw62wc5xefbn3j1uetz25a0wz3ehz7ps.jpg\" title=\"ricardo in hangmat\" alt=\"ricardo in hangmat\" loading=\"lazy\" \/><\/a><\/figure><div class=\"elementor-image-box-content\"><h3 class=\"elementor-image-box-title\"><a href=\"https:\/\/elba-travels.com\/faq\/\">DOMANDE FREQUENTI<\/a><\/h3><p class=\"elementor-image-box-description\">Scopri le domande pi\u00f9 comuni.  <\/p><\/div><\/div>\t\t\t\t<\/div>\n\t\t\t\t<\/div>\n\t\t\t\t<div class=\"elementor-element elementor-element-d5835cb elementor-position-left elementor-vertical-align-top elementor-widget elementor-widget-image-box\" data-id=\"d5835cb\" data-element_type=\"widget\" data-e-type=\"widget\" data-widget_type=\"image-box.default\">\n\t\t\t\t<div class=\"elementor-widget-container\">\n\t\t\t\t\t<div class=\"elementor-image-box-wrapper\"><figure class=\"elementor-image-box-img\"><a href=\"https:\/\/elba-travels.com\/it\/contatto\/\" tabindex=\"-1\"><img decoding=\"async\" src=\"https:\/\/elba-travels.com\/wp-content\/uploads\/elementor\/thumbs\/WhatsApp-Image-2024-11-15-at-13.50.19-2-qx3fdgsj4u5936sbvkw0x0fnhp6hi0l3y1a3ky13o0.jpeg\" title=\"WhatsApp Image 2024-11-15 at 13.50.19 (2)\" alt=\"WhatsApp Image 2024-11-15 at 13.50.19 (2)\" loading=\"lazy\" \/><\/a><\/figure><div class=\"elementor-image-box-content\"><h3 class=\"elementor-image-box-title\"><a href=\"https:\/\/elba-travels.com\/it\/contatto\/\">Contatto<\/a><\/h3><p class=\"elementor-image-box-description\">Non esitare a contattarci tramite il modulo di contatto o whatsapp.\nDisponibile solo per telefono tra il 18 aprile e il 18 ottobre.  <\/p><\/div><\/div>\t\t\t\t<\/div>\n\t\t\t\t<\/div>\n\t\t\t\t\t<\/div>\n\t\t\t\t<\/div>\n\t\t<div class=\"elementor-element elementor-element-753decf e-con-full e-flex e-con e-parent\" data-id=\"753decf\" data-element_type=\"container\" data-e-type=\"container\" data-settings=\"{&quot;background_background&quot;:&quot;classic&quot;,&quot;shape_divider_top&quot;:&quot;mountains&quot;,&quot;shape_divider_bottom&quot;:&quot;mountains&quot;}\">\n\t\t\t\t<div class=\"elementor-shape elementor-shape-top\" aria-hidden=\"true\" data-negative=\"false\">\n\t\t\t<svg xmlns=\"http:\/\/www.w3.org\/2000\/svg\" viewBox=\"0 0 1000 100\" preserveAspectRatio=\"none\">\n\t<path class=\"elementor-shape-fill\" opacity=\"0.33\" d=\"M473,67.3c-203.9,88.3-263.1-34-320.3,0C66,119.1,0,59.7,0,59.7V0h1000v59.7 c0,0-62.1,26.1-94.9,29.3c-32.8,3.3-62.8-12.3-75.8-22.1C806,49.6,745.3,8.7,694.9,4.7S492.4,59,473,67.3z\"\/>\n\t<path class=\"elementor-shape-fill\" opacity=\"0.66\" d=\"M734,67.3c-45.5,0-77.2-23.2-129.1-39.1c-28.6-8.7-150.3-10.1-254,39.1 s-91.7-34.4-149.2,0C115.7,118.3,0,39.8,0,39.8V0h1000v36.5c0,0-28.2-18.5-92.1-18.5C810.2,18.1,775.7,67.3,734,67.3z\"\/>\n\t<path class=\"elementor-shape-fill\" d=\"M766.1,28.9c-200-57.5-266,65.5-395.1,19.5C242,1.8,242,5.4,184.8,20.6C128,35.8,132.3,44.9,89.9,52.5C28.6,63.7,0,0,0,0 h1000c0,0-9.9,40.9-83.6,48.1S829.6,47,766.1,28.9z\"\/>\n<\/svg>\t\t<\/div>\n\t\t\t\t<div class=\"elementor-shape elementor-shape-bottom\" aria-hidden=\"true\" data-negative=\"false\">\n\t\t\t<svg xmlns=\"http:\/\/www.w3.org\/2000\/svg\" viewBox=\"0 0 1000 100\" preserveAspectRatio=\"none\">\n\t<path class=\"elementor-shape-fill\" opacity=\"0.33\" d=\"M473,67.3c-203.9,88.3-263.1-34-320.3,0C66,119.1,0,59.7,0,59.7V0h1000v59.7 c0,0-62.1,26.1-94.9,29.3c-32.8,3.3-62.8-12.3-75.8-22.1C806,49.6,745.3,8.7,694.9,4.7S492.4,59,473,67.3z\"\/>\n\t<path class=\"elementor-shape-fill\" opacity=\"0.66\" d=\"M734,67.3c-45.5,0-77.2-23.2-129.1-39.1c-28.6-8.7-150.3-10.1-254,39.1 s-91.7-34.4-149.2,0C115.7,118.3,0,39.8,0,39.8V0h1000v36.5c0,0-28.2-18.5-92.1-18.5C810.2,18.1,775.7,67.3,734,67.3z\"\/>\n\t<path class=\"elementor-shape-fill\" d=\"M766.1,28.9c-200-57.5-266,65.5-395.1,19.5C242,1.8,242,5.4,184.8,20.6C128,35.8,132.3,44.9,89.9,52.5C28.6,63.7,0,0,0,0 h1000c0,0-9.9,40.9-83.6,48.1S829.6,47,766.1,28.9z\"\/>\n<\/svg>\t\t<\/div>\n\t\t\t\t<div class=\"elementor-element elementor-element-2a83f0a elementor-widget elementor-widget-text-editor\" data-id=\"2a83f0a\" data-element_type=\"widget\" data-e-type=\"widget\" data-widget_type=\"text-editor.default\">\n\t\t\t\t<div class=\"elementor-widget-container\">\n\t\t\t\t\t\t\t\t\t<p>Chi siamo<\/p><h4>Scopri l&#8217;ELBA con Elba Travels<\/h4>\t\t\t\t\t\t\t\t<\/div>\n\t\t\t\t<\/div>\n\t\t\t\t<\/div>\n\t\t\t\t<\/div>\n\t\t","protected":false},"excerpt":{"rendered":"<p>Chi siamo Scopri l&#8217;ELBA con Elba Travels La nostra visione Tutto \u00e8 lecito e niente \u00e8 obbligatorio. Guarda la versione estesa della nostra visione qui. Squadra Il nostro team \u00e8 composto da personale e istruttori giovani e dinamici. Offerte di lavoro Ti piacerebbe lavorare su un&#8217;isola del Mediterraneo? Controlla qui tutte le offerte di lavoro [&hellip;]<\/p>\n","protected":false},"author":1,"featured_media":0,"parent":0,"menu_order":0,"comment_status":"closed","ping_status":"closed","template":"","meta":{"footnotes":""},"class_list":["post-2375","page","type-page","status-publish","hentry"],"yoast_head":"<!-- This site is optimized with the Yoast SEO plugin v25.3 - https:\/\/yoast.com\/wordpress\/plugins\/seo\/ -->\n<title>Chi siamo -<\/title>\n<meta name=\"robots\" content=\"index, follow, max-snippet:-1, max-image-preview:large, max-video-preview:-1\" \/>\n<link rel=\"canonical\" href=\"https:\/\/elba-travels.com\/it\/chi-siamo\/\" \/>\n<meta property=\"og:locale\" content=\"it_IT\" \/>\n<meta property=\"og:type\" content=\"article\" \/>\n<meta property=\"og:title\" content=\"Chi siamo -\" \/>\n<meta property=\"og:description\" content=\"Chi siamo Scopri l&#8217;ELBA con Elba Travels La nostra visione Tutto \u00e8 lecito e niente \u00e8 obbligatorio. Guarda la versione estesa della nostra visione qui. Squadra Il nostro team \u00e8 composto da personale e istruttori giovani e dinamici. Offerte di lavoro Ti piacerebbe lavorare su un&#8217;isola del Mediterraneo? Controlla qui tutte le offerte di lavoro [&hellip;]\" \/>\n<meta property=\"og:url\" content=\"https:\/\/elba-travels.com\/it\/chi-siamo\/\" \/>\n<meta property=\"article:publisher\" content=\"https:\/\/www.facebook.com\/elbatravels\" \/>\n<meta property=\"article:modified_time\" content=\"2025-06-12T17:30:46+00:00\" \/>\n<meta property=\"og:image\" content=\"https:\/\/elba-travels.com\/wp-content\/uploads\/elementor\/thumbs\/Santa-Lucia-2-scaled-qx3guhuqpcqm37rb803b34otz9syra3y8i999xeimo.jpg\" \/>\n<meta name=\"twitter:card\" content=\"summary_large_image\" \/>\n<script type=\"application\/ld+json\" class=\"yoast-schema-graph\">{\"@context\":\"https:\/\/schema.org\",\"@graph\":[{\"@type\":\"WebPage\",\"@id\":\"https:\/\/elba-travels.com\/it\/chi-siamo\/\",\"url\":\"https:\/\/elba-travels.com\/it\/chi-siamo\/\",\"name\":\"Chi siamo -\",\"isPartOf\":{\"@id\":\"https:\/\/elba-travels.com\/it\/#website\"},\"primaryImageOfPage\":{\"@id\":\"https:\/\/elba-travels.com\/it\/chi-siamo\/#primaryimage\"},\"image\":{\"@id\":\"https:\/\/elba-travels.com\/it\/chi-siamo\/#primaryimage\"},\"thumbnailUrl\":\"https:\/\/elba-travels.com\/wp-content\/uploads\/elementor\/thumbs\/Santa-Lucia-2-scaled-qx3guhuqpcqm37rb803b34otz9syra3y8i999xeimo.jpg\",\"datePublished\":\"2024-11-13T22:23:23+00:00\",\"dateModified\":\"2025-06-12T17:30:46+00:00\",\"breadcrumb\":{\"@id\":\"https:\/\/elba-travels.com\/it\/chi-siamo\/#breadcrumb\"},\"inLanguage\":\"it-IT\",\"potentialAction\":[{\"@type\":\"ReadAction\",\"target\":[\"https:\/\/elba-travels.com\/it\/chi-siamo\/\"]}]},{\"@type\":\"ImageObject\",\"inLanguage\":\"it-IT\",\"@id\":\"https:\/\/elba-travels.com\/it\/chi-siamo\/#primaryimage\",\"url\":\"https:\/\/elba-travels.com\/wp-content\/uploads\/elementor\/thumbs\/Santa-Lucia-2-scaled-qx3guhuqpcqm37rb803b34otz9syra3y8i999xeimo.jpg\",\"contentUrl\":\"https:\/\/elba-travels.com\/wp-content\/uploads\/elementor\/thumbs\/Santa-Lucia-2-scaled-qx3guhuqpcqm37rb803b34otz9syra3y8i999xeimo.jpg\"},{\"@type\":\"BreadcrumbList\",\"@id\":\"https:\/\/elba-travels.com\/it\/chi-siamo\/#breadcrumb\",\"itemListElement\":[{\"@type\":\"ListItem\",\"position\":1,\"name\":\"Home\",\"item\":\"https:\/\/elba-travels.com\/it\/pagina-principale\/\"},{\"@type\":\"ListItem\",\"position\":2,\"name\":\"Chi siamo\"}]},{\"@type\":\"WebSite\",\"@id\":\"https:\/\/elba-travels.com\/it\/#website\",\"url\":\"https:\/\/elba-travels.com\/it\/\",\"name\":\"Elba Travels\",\"description\":\"\",\"publisher\":{\"@id\":\"https:\/\/elba-travels.com\/it\/#organization\"},\"potentialAction\":[{\"@type\":\"SearchAction\",\"target\":{\"@type\":\"EntryPoint\",\"urlTemplate\":\"https:\/\/elba-travels.com\/it\/?s={search_term_string}\"},\"query-input\":{\"@type\":\"PropertyValueSpecification\",\"valueRequired\":true,\"valueName\":\"search_term_string\"}}],\"inLanguage\":\"it-IT\"},{\"@type\":\"Organization\",\"@id\":\"https:\/\/elba-travels.com\/it\/#organization\",\"name\":\"Elba Travels\",\"url\":\"https:\/\/elba-travels.com\/it\/\",\"logo\":{\"@type\":\"ImageObject\",\"inLanguage\":\"it-IT\",\"@id\":\"https:\/\/elba-travels.com\/it\/#\/schema\/logo\/image\/\",\"url\":\"https:\/\/elba-travels.com\/wp-content\/uploads\/2024\/11\/Elbatravels_logo_groot.png\",\"contentUrl\":\"https:\/\/elba-travels.com\/wp-content\/uploads\/2024\/11\/Elbatravels_logo_groot.png\",\"width\":2245,\"height\":349,\"caption\":\"Elba Travels\"},\"image\":{\"@id\":\"https:\/\/elba-travels.com\/it\/#\/schema\/logo\/image\/\"},\"sameAs\":[\"https:\/\/www.facebook.com\/elbatravels\",\"https:\/\/www.instagram.com\/elbatravels\/\"]}]}<\/script>\n<!-- \/ Yoast SEO plugin. -->","yoast_head_json":{"title":"Chi siamo -","robots":{"index":"index","follow":"follow","max-snippet":"max-snippet:-1","max-image-preview":"max-image-preview:large","max-video-preview":"max-video-preview:-1"},"canonical":"https:\/\/elba-travels.com\/it\/chi-siamo\/","og_locale":"it_IT","og_type":"article","og_title":"Chi siamo -","og_description":"Chi siamo Scopri l&#8217;ELBA con Elba Travels La nostra visione Tutto \u00e8 lecito e niente \u00e8 obbligatorio. Guarda la versione estesa della nostra visione qui. Squadra Il nostro team \u00e8 composto da personale e istruttori giovani e dinamici. Offerte di lavoro Ti piacerebbe lavorare su un&#8217;isola del Mediterraneo? Controlla qui tutte le offerte di lavoro [&hellip;]","og_url":"https:\/\/elba-travels.com\/it\/chi-siamo\/","article_publisher":"https:\/\/www.facebook.com\/elbatravels","article_modified_time":"2025-06-12T17:30:46+00:00","og_image":[{"url":"https:\/\/elba-travels.com\/wp-content\/uploads\/elementor\/thumbs\/Santa-Lucia-2-scaled-qx3guhuqpcqm37rb803b34otz9syra3y8i999xeimo.jpg","type":"","width":"","height":""}],"twitter_card":"summary_large_image","schema":{"@context":"https:\/\/schema.org","@graph":[{"@type":"WebPage","@id":"https:\/\/elba-travels.com\/it\/chi-siamo\/","url":"https:\/\/elba-travels.com\/it\/chi-siamo\/","name":"Chi siamo -","isPartOf":{"@id":"https:\/\/elba-travels.com\/it\/#website"},"primaryImageOfPage":{"@id":"https:\/\/elba-travels.com\/it\/chi-siamo\/#primaryimage"},"image":{"@id":"https:\/\/elba-travels.com\/it\/chi-siamo\/#primaryimage"},"thumbnailUrl":"https:\/\/elba-travels.com\/wp-content\/uploads\/elementor\/thumbs\/Santa-Lucia-2-scaled-qx3guhuqpcqm37rb803b34otz9syra3y8i999xeimo.jpg","datePublished":"2024-11-13T22:23:23+00:00","dateModified":"2025-06-12T17:30:46+00:00","breadcrumb":{"@id":"https:\/\/elba-travels.com\/it\/chi-siamo\/#breadcrumb"},"inLanguage":"it-IT","potentialAction":[{"@type":"ReadAction","target":["https:\/\/elba-travels.com\/it\/chi-siamo\/"]}]},{"@type":"ImageObject","inLanguage":"it-IT","@id":"https:\/\/elba-travels.com\/it\/chi-siamo\/#primaryimage","url":"https:\/\/elba-travels.com\/wp-content\/uploads\/elementor\/thumbs\/Santa-Lucia-2-scaled-qx3guhuqpcqm37rb803b34otz9syra3y8i999xeimo.jpg","contentUrl":"https:\/\/elba-travels.com\/wp-content\/uploads\/elementor\/thumbs\/Santa-Lucia-2-scaled-qx3guhuqpcqm37rb803b34otz9syra3y8i999xeimo.jpg"},{"@type":"BreadcrumbList","@id":"https:\/\/elba-travels.com\/it\/chi-siamo\/#breadcrumb","itemListElement":[{"@type":"ListItem","position":1,"name":"Home","item":"https:\/\/elba-travels.com\/it\/pagina-principale\/"},{"@type":"ListItem","position":2,"name":"Chi siamo"}]},{"@type":"WebSite","@id":"https:\/\/elba-travels.com\/it\/#website","url":"https:\/\/elba-travels.com\/it\/","name":"Elba Travels","description":"","publisher":{"@id":"https:\/\/elba-travels.com\/it\/#organization"},"potentialAction":[{"@type":"SearchAction","target":{"@type":"EntryPoint","urlTemplate":"https:\/\/elba-travels.com\/it\/?s={search_term_string}"},"query-input":{"@type":"PropertyValueSpecification","valueRequired":true,"valueName":"search_term_string"}}],"inLanguage":"it-IT"},{"@type":"Organization","@id":"https:\/\/elba-travels.com\/it\/#organization","name":"Elba Travels","url":"https:\/\/elba-travels.com\/it\/","logo":{"@type":"ImageObject","inLanguage":"it-IT","@id":"https:\/\/elba-travels.com\/it\/#\/schema\/logo\/image\/","url":"https:\/\/elba-travels.com\/wp-content\/uploads\/2024\/11\/Elbatravels_logo_groot.png","contentUrl":"https:\/\/elba-travels.com\/wp-content\/uploads\/2024\/11\/Elbatravels_logo_groot.png","width":2245,"height":349,"caption":"Elba Travels"},"image":{"@id":"https:\/\/elba-travels.com\/it\/#\/schema\/logo\/image\/"},"sameAs":["https:\/\/www.facebook.com\/elbatravels","https:\/\/www.instagram.com\/elbatravels\/"]}]}},"_links":{"self":[{"href":"https:\/\/elba-travels.com\/it\/wp-json\/wp\/v2\/pages\/2375","targetHints":{"allow":["GET"]}}],"collection":[{"href":"https:\/\/elba-travels.com\/it\/wp-json\/wp\/v2\/pages"}],"about":[{"href":"https:\/\/elba-travels.com\/it\/wp-json\/wp\/v2\/types\/page"}],"author":[{"embeddable":true,"href":"https:\/\/elba-travels.com\/it\/wp-json\/wp\/v2\/users\/1"}],"replies":[{"embeddable":true,"href":"https:\/\/elba-travels.com\/it\/wp-json\/wp\/v2\/comments?post=2375"}],"version-history":[{"count":1,"href":"https:\/\/elba-travels.com\/it\/wp-json\/wp\/v2\/pages\/2375\/revisions"}],"predecessor-version":[{"id":2376,"href":"https:\/\/elba-travels.com\/it\/wp-json\/wp\/v2\/pages\/2375\/revisions\/2376"}],"wp:attachment":[{"href":"https:\/\/elba-travels.com\/it\/wp-json\/wp\/v2\/media?parent=2375"}],"curies":[{"name":"wp","href":"https:\/\/api.w.org\/{rel}","templated":true}]}}