{"id":2391,"date":"2024-11-22T18:01:45","date_gmt":"2024-11-22T18:01:45","guid":{"rendered":"https:\/\/elba-travels.com\/faehren-elba\/"},"modified":"2025-06-18T08:29:31","modified_gmt":"2025-06-18T08:29:31","slug":"faehren-elba","status":"publish","type":"page","link":"https:\/\/elba-travels.com\/de\/faehren-elba\/","title":{"rendered":"F\u00e4hren Elba"},"content":{"rendered":"\t\t<div data-elementor-type=\"wp-page\" data-elementor-id=\"2391\" class=\"elementor elementor-2391 elementor-1109\" data-elementor-post-type=\"page\">\n\t\t\t\t<div class=\"elementor-element elementor-element-13b62724 e-con-full e-flex e-con e-parent\" data-id=\"13b62724\" data-element_type=\"container\" data-e-type=\"container\">\n\t\t\t\t<div class=\"elementor-element elementor-element-356fbd8d elementor--h-position-center elementor--v-position-middle elementor-arrows-position-inside elementor-pagination-position-inside elementor-widget elementor-widget-slides\" data-id=\"356fbd8d\" data-element_type=\"widget\" data-e-type=\"widget\" data-settings=\"{&quot;navigation&quot;:&quot;both&quot;,&quot;autoplay&quot;:&quot;yes&quot;,&quot;pause_on_hover&quot;:&quot;yes&quot;,&quot;pause_on_interaction&quot;:&quot;yes&quot;,&quot;autoplay_speed&quot;:5000,&quot;infinite&quot;:&quot;yes&quot;,&quot;transition&quot;:&quot;slide&quot;,&quot;transition_speed&quot;:500}\" data-widget_type=\"slides.default\">\n\t\t\t\t<div class=\"elementor-widget-container\">\n\t\t\t\t\t\t\t\t\t<div class=\"elementor-swiper\">\n\t\t\t\t\t<div class=\"elementor-slides-wrapper elementor-main-swiper swiper\" role=\"region\" aria-roledescription=\"carousel\" aria-label=\"Slider\" dir=\"ltr\" data-animation=\"fadeInUp\">\n\t\t\t\t<div class=\"swiper-wrapper elementor-slides\">\n\t\t\t\t\t\t\t\t\t\t<div class=\"elementor-repeater-item-69b4f37 swiper-slide\" role=\"group\" aria-roledescription=\"slide\"><div class=\"swiper-slide-bg elementor-ken-burns elementor-ken-burns--in\" role=\"img\" aria-label=\"Santa Lucia 2\"><\/div><div class=\"swiper-slide-inner\" ><div class=\"swiper-slide-contents\"><\/div><\/div><\/div>\t\t\t\t<\/div>\n\t\t\t\t\t\t\t<\/div>\n\t\t\t\t<\/div>\n\t\t\t\t\t\t\t\t<\/div>\n\t\t\t\t<\/div>\n\t\t\t\t<\/div>\n\t\t<div class=\"elementor-element elementor-element-7f0a2552 e-con-full e-flex e-con e-parent\" data-id=\"7f0a2552\" data-element_type=\"container\" data-e-type=\"container\" data-settings=\"{&quot;background_background&quot;:&quot;classic&quot;,&quot;shape_divider_top&quot;:&quot;mountains&quot;,&quot;shape_divider_bottom&quot;:&quot;mountains&quot;}\">\n\t\t\t\t<div class=\"elementor-shape elementor-shape-top\" aria-hidden=\"true\" data-negative=\"false\">\n\t\t\t<svg xmlns=\"http:\/\/www.w3.org\/2000\/svg\" viewBox=\"0 0 1000 100\" preserveAspectRatio=\"none\">\n\t<path class=\"elementor-shape-fill\" opacity=\"0.33\" d=\"M473,67.3c-203.9,88.3-263.1-34-320.3,0C66,119.1,0,59.7,0,59.7V0h1000v59.7 c0,0-62.1,26.1-94.9,29.3c-32.8,3.3-62.8-12.3-75.8-22.1C806,49.6,745.3,8.7,694.9,4.7S492.4,59,473,67.3z\"\/>\n\t<path class=\"elementor-shape-fill\" opacity=\"0.66\" d=\"M734,67.3c-45.5,0-77.2-23.2-129.1-39.1c-28.6-8.7-150.3-10.1-254,39.1 s-91.7-34.4-149.2,0C115.7,118.3,0,39.8,0,39.8V0h1000v36.5c0,0-28.2-18.5-92.1-18.5C810.2,18.1,775.7,67.3,734,67.3z\"\/>\n\t<path class=\"elementor-shape-fill\" d=\"M766.1,28.9c-200-57.5-266,65.5-395.1,19.5C242,1.8,242,5.4,184.8,20.6C128,35.8,132.3,44.9,89.9,52.5C28.6,63.7,0,0,0,0 h1000c0,0-9.9,40.9-83.6,48.1S829.6,47,766.1,28.9z\"\/>\n<\/svg>\t\t<\/div>\n\t\t\t\t<div class=\"elementor-shape elementor-shape-bottom\" aria-hidden=\"true\" data-negative=\"false\">\n\t\t\t<svg xmlns=\"http:\/\/www.w3.org\/2000\/svg\" viewBox=\"0 0 1000 100\" preserveAspectRatio=\"none\">\n\t<path class=\"elementor-shape-fill\" opacity=\"0.33\" d=\"M473,67.3c-203.9,88.3-263.1-34-320.3,0C66,119.1,0,59.7,0,59.7V0h1000v59.7 c0,0-62.1,26.1-94.9,29.3c-32.8,3.3-62.8-12.3-75.8-22.1C806,49.6,745.3,8.7,694.9,4.7S492.4,59,473,67.3z\"\/>\n\t<path class=\"elementor-shape-fill\" opacity=\"0.66\" d=\"M734,67.3c-45.5,0-77.2-23.2-129.1-39.1c-28.6-8.7-150.3-10.1-254,39.1 s-91.7-34.4-149.2,0C115.7,118.3,0,39.8,0,39.8V0h1000v36.5c0,0-28.2-18.5-92.1-18.5C810.2,18.1,775.7,67.3,734,67.3z\"\/>\n\t<path class=\"elementor-shape-fill\" d=\"M766.1,28.9c-200-57.5-266,65.5-395.1,19.5C242,1.8,242,5.4,184.8,20.6C128,35.8,132.3,44.9,89.9,52.5C28.6,63.7,0,0,0,0 h1000c0,0-9.9,40.9-83.6,48.1S829.6,47,766.1,28.9z\"\/>\n<\/svg>\t\t<\/div>\n\t\t\t\t<div class=\"elementor-element elementor-element-41601a4c elementor-widget elementor-widget-text-editor\" data-id=\"41601a4c\" data-element_type=\"widget\" data-e-type=\"widget\" data-widget_type=\"text-editor.default\">\n\t\t\t\t<div class=\"elementor-widget-container\">\n\t\t\t\t\t\t\t\t\t<p>F\u00e4hren<\/p><h4>H\u00e4fen, F\u00e4hren und Rabatte unten pr\u00fcfen<\/h4>\t\t\t\t\t\t\t\t<\/div>\n\t\t\t\t<\/div>\n\t\t\t\t<\/div>\n\t\t<div class=\"elementor-element elementor-element-45c41e4 e-flex e-con-boxed e-con e-parent\" data-id=\"45c41e4\" data-element_type=\"container\" data-e-type=\"container\">\n\t\t\t\t\t<div class=\"e-con-inner\">\n\t\t\t\t\t<\/div>\n\t\t\t\t<\/div>\n\t\t<div class=\"elementor-element elementor-element-a7d4cfd e-flex e-con-boxed e-con e-parent\" data-id=\"a7d4cfd\" data-element_type=\"container\" data-e-type=\"container\">\n\t\t\t\t\t<div class=\"e-con-inner\">\n\t\t\t\t<div class=\"elementor-element elementor-element-126b9eb elementor-widget elementor-widget-text-editor\" data-id=\"126b9eb\" data-element_type=\"widget\" data-e-type=\"widget\" data-widget_type=\"text-editor.default\">\n\t\t\t\t<div class=\"elementor-widget-container\">\n\t\t\t\t\t\t\t\t\t<p><span style=\"color: #000000;\">Um nach Elba zu gelangen, m\u00fcssen Sie etwa eine Stunde lang vom Hafen von Piombino aus \u00fcbersetzen. Es gibt vier verschiedene Unternehmen, die diesen F\u00e4hrdienst anbieten:   <\/span><\/p><ul style=\"font-size: 16px; background-color: #ffffff; font-family: 'Source Sans Pro', Arial, sans-serif; margin: 0px 0px 1.5em 1em; padding: 0px; list-style-position: initial; list-style-image: initial; color: #404040;\"><li style=\"font-size: 16px; font-family: inherit; font-weight: inherit; font-style: inherit; margin: 0px; padding: 0px;\"><span style=\"color: #000000;\">Moby<\/span><\/li><li style=\"font-size: 16px; font-family: inherit; font-weight: inherit; font-style: inherit; margin: 0px; padding: 0px;\"><span style=\"color: #000000;\">Toremar<\/span><\/li><li style=\"font-size: 16px; font-family: inherit; font-weight: inherit; font-style: inherit; margin: 0px; padding: 0px;\"><span style=\"color: #000000;\">Blu Navy<\/span><\/li><li style=\"font-size: 16px; font-family: inherit; font-weight: inherit; font-style: inherit; margin: 0px; padding: 0px;\"><span style=\"color: #000000;\">Corsica Ferries \/ Elba Ferries<\/span><\/li><\/ul><div><p><span style=\"color: #000000; font-family: 'Source Sans Pro', Arial, sans-serif;\">Es gibt 3 verschiedene H\u00e4fen, von denen Portoferraio der gr\u00f6\u00dfte und meistbesuchte ist. Hier verkehren fast st\u00fcndlich F\u00e4hren zum und vom Festland.   <br>Von hier aus bietet Elba Travels einen Transferservice zum und vom Campingplatz f\u00fcr unsere G\u00e4ste an.  <\/span><\/p><p><b>Wir empfehlen unseren G\u00e4sten, die Route Piombino &#8211; Portoferraio zu nehmen.  <\/b><\/p><p><span style=\"color: #000000;\">Andere H\u00e4fen sind Cavo und Rio Marina, aber bedenken Sie, dass diese F\u00e4hren nur f\u00fcr eine begrenzte Zeit fahren und m\u00f6glicherweise nur f\u00fcr Passagiere zug\u00e4nglich sind. Au\u00dferdem ist die Infrastruktur hier weniger dynamisch und Sie m\u00fcssen m\u00f6glicherweise lange auf einen Bus oder ein Taxi warten.   <\/span><br><span style=\"color: #000000;\">Ab Sommer 2024 wird es einen Busservice geben, der diese H\u00e4fen mit Capoliveri verbindet. Von dort aus bieten wir auch einen Transferservice zum und vom Campingplatz f\u00fcr unsere G\u00e4ste an.   <\/span><\/p><p><span style=\"color: #000000; font-family: 'Source Sans Pro', Arial, sans-serif;\">Die Preise f\u00fcr die F\u00e4hren variieren je nach Tag, Tageszeit oder der Gr\u00f6\u00dfe Ihres Fahrzeugs. Nachstehend finden Sie eine schnelle Preisangabe.   <br><b>Rabattcode<\/b>: elbatravels<br>Auf diese Weise sparen Sie sofort Euros, die Sie f\u00fcr einen k\u00f6stlichen italienischen Kaffee oder ein <em>Gelato<\/em> ausgeben k\u00f6nnen <em>.<\/em><\/span><\/p><\/div>\t\t\t\t\t\t\t\t<\/div>\n\t\t\t\t<\/div>\n\t\t\t\t<div class=\"elementor-element elementor-element-d42c6c5 elementor-widget elementor-widget-heading\" data-id=\"d42c6c5\" data-element_type=\"widget\" data-e-type=\"widget\" data-widget_type=\"heading.default\">\n\t\t\t\t<div class=\"elementor-widget-container\">\n\t\t\t\t\t<h2 class=\"elementor-heading-title elementor-size-default\"><a href=\"https:\/\/www.misterferry.com\/en\/discount-code.aspx?from=sconto&#038;UAID=589971&#038;noredirect=1\" target=\"_blank\">Planen Sie Ihre erm\u00e4\u00dfigte F\u00e4hre hier<\/a><\/h2>\t\t\t\t<\/div>\n\t\t\t\t<\/div>\n\t\t\t\t\t<\/div>\n\t\t\t\t<\/div>\n\t\t<div class=\"elementor-element elementor-element-28c11c3 e-flex e-con-boxed e-con e-parent\" data-id=\"28c11c3\" data-element_type=\"container\" data-e-type=\"container\">\n\t\t\t\t\t<div class=\"e-con-inner\">\n\t\t\t\t<div class=\"elementor-element elementor-element-5c1b336 elementor-widget elementor-widget-text-editor\" data-id=\"5c1b336\" data-element_type=\"widget\" data-e-type=\"widget\" data-widget_type=\"text-editor.default\">\n\t\t\t\t<div class=\"elementor-widget-container\">\n\t\t\t\t\t\t\t\t\t<div style=\"margin-left: auto; margin-right: auto; max-width: 100%;\">\n<iframe id=\"tlines\" class=\"tlines_frame\" style=\"border: 0px; width: 100%;\" src=\"https:\/\/www.misterferry.com\/en\/elba-island-ferries.aspx?UAID=589971&amp;bkcolor=F1E082&amp;txtcolor=2B2B2B&amp;bkbtncolor=88D3D7&amp;txtbtncolor=FFFFFF&amp;bktitolo=3399CC&amp;txttitolo=FFFFFF&amp;language=en&amp;iframe_booking=true&amp;v2=true\" scrolling=\"no\"><\/iframe>\n<p style=\"font-size: 11px; margin: auto; font-family: Verdana; width: 100%; color: #666; margin-bottom: 12px; text-align: center;\">Der Service wird von <a style=\"color: #666; text-decoration: none;\" href=\"https:\/\/www.misterferry.com\/en\/elba-island-ferries.aspx?UAID=589971&amp;bkcolor=F1E082&amp;txtcolor=2B2B2B&amp;bkbtncolor=88D3D7&amp;txtbtncolor=FFFFFF&amp;bktitolo=3399CC&amp;txttitolo=FFFFFF\" target=\"_blank\" rel=\"noopener\">Misterferry.com abgewickelt .<\/a><\/p>\n<script type=\"text\/javascript\" src=\"https:\/\/www.misterferry.com\/Ajax\/tlines_resp_v2.js\"><\/script>\n\n<\/div>\t\t\t\t\t\t\t\t<\/div>\n\t\t\t\t<\/div>\n\t\t\t\t\t<\/div>\n\t\t\t\t<\/div>\n\t\t<div class=\"elementor-element elementor-element-4694b33 e-flex e-con-boxed e-con e-parent\" data-id=\"4694b33\" data-element_type=\"container\" data-e-type=\"container\">\n\t\t\t\t\t<div class=\"e-con-inner\">\n\t\t\t\t<div class=\"elementor-element elementor-element-8817b38 elementor-widget elementor-widget-text-editor\" data-id=\"8817b38\" data-element_type=\"widget\" data-e-type=\"widget\" data-widget_type=\"text-editor.default\">\n\t\t\t\t<div class=\"elementor-widget-container\">\n\t\t\t\t\t\t\t\t\t<p style=\"font-family: 'Source Sans Pro', Arial, sans-serif; margin: 0px 0px 1.5em; padding: 0px; vertical-align: baseline; border: 0px; outline: 0px; color: #404040;\"><strong style=\"font-family: inherit; text-align: var(--text-align); font-size: 1rem; font-weight: bold; font-style: inherit; margin: 0px; padding: 0px; vertical-align: baseline; border: 0px; outline: 0px;\">N\u00fctzlich zu wissen<\/strong><\/p><p style=\"font-family: 'Source Sans Pro', Arial, sans-serif; margin: 0px; padding: 0px; vertical-align: baseline; border: 0px; outline: 0px; color: #404040;\">Moby und Toremar arbeiten zusammen, d.h. mit einem Ticket der einen F\u00e4hre k\u00f6nnen Sie auch eine F\u00e4hre der anderen nehmen. Praktisch, wenn Sie fr\u00fcher am Hafen ankommen oder sich versp\u00e4ten, da Sie dann eine fr\u00fchere oder sp\u00e4tere F\u00e4hre nehmen k\u00f6nnen.   <br><br>Denken Sie daran, dass Sie, wenn Sie Blu Navy oder Corsica Ferries buchen, auch wirklich nur mit dieser Gesellschaft fahren k\u00f6nnen.<br><br>In der Hochsaison empfehlen wir Ihnen, Ihre Tickets rechtzeitig zu buchen, um lange Wartezeiten zu vermeiden.  <\/p>\t\t\t\t\t\t\t\t<\/div>\n\t\t\t\t<\/div>\n\t\t\t\t\t<\/div>\n\t\t\t\t<\/div>\n\t\t<div class=\"elementor-element elementor-element-5b2175de e-con-full e-flex e-con e-parent\" data-id=\"5b2175de\" data-element_type=\"container\" data-e-type=\"container\" data-settings=\"{&quot;background_background&quot;:&quot;classic&quot;,&quot;shape_divider_top&quot;:&quot;mountains&quot;,&quot;shape_divider_bottom&quot;:&quot;mountains&quot;}\">\n\t\t\t\t<div class=\"elementor-shape elementor-shape-top\" aria-hidden=\"true\" data-negative=\"false\">\n\t\t\t<svg xmlns=\"http:\/\/www.w3.org\/2000\/svg\" viewBox=\"0 0 1000 100\" preserveAspectRatio=\"none\">\n\t<path class=\"elementor-shape-fill\" opacity=\"0.33\" d=\"M473,67.3c-203.9,88.3-263.1-34-320.3,0C66,119.1,0,59.7,0,59.7V0h1000v59.7 c0,0-62.1,26.1-94.9,29.3c-32.8,3.3-62.8-12.3-75.8-22.1C806,49.6,745.3,8.7,694.9,4.7S492.4,59,473,67.3z\"\/>\n\t<path class=\"elementor-shape-fill\" opacity=\"0.66\" d=\"M734,67.3c-45.5,0-77.2-23.2-129.1-39.1c-28.6-8.7-150.3-10.1-254,39.1 s-91.7-34.4-149.2,0C115.7,118.3,0,39.8,0,39.8V0h1000v36.5c0,0-28.2-18.5-92.1-18.5C810.2,18.1,775.7,67.3,734,67.3z\"\/>\n\t<path class=\"elementor-shape-fill\" d=\"M766.1,28.9c-200-57.5-266,65.5-395.1,19.5C242,1.8,242,5.4,184.8,20.6C128,35.8,132.3,44.9,89.9,52.5C28.6,63.7,0,0,0,0 h1000c0,0-9.9,40.9-83.6,48.1S829.6,47,766.1,28.9z\"\/>\n<\/svg>\t\t<\/div>\n\t\t\t\t<div class=\"elementor-shape elementor-shape-bottom\" aria-hidden=\"true\" data-negative=\"false\">\n\t\t\t<svg xmlns=\"http:\/\/www.w3.org\/2000\/svg\" viewBox=\"0 0 1000 100\" preserveAspectRatio=\"none\">\n\t<path class=\"elementor-shape-fill\" opacity=\"0.33\" d=\"M473,67.3c-203.9,88.3-263.1-34-320.3,0C66,119.1,0,59.7,0,59.7V0h1000v59.7 c0,0-62.1,26.1-94.9,29.3c-32.8,3.3-62.8-12.3-75.8-22.1C806,49.6,745.3,8.7,694.9,4.7S492.4,59,473,67.3z\"\/>\n\t<path class=\"elementor-shape-fill\" opacity=\"0.66\" d=\"M734,67.3c-45.5,0-77.2-23.2-129.1-39.1c-28.6-8.7-150.3-10.1-254,39.1 s-91.7-34.4-149.2,0C115.7,118.3,0,39.8,0,39.8V0h1000v36.5c0,0-28.2-18.5-92.1-18.5C810.2,18.1,775.7,67.3,734,67.3z\"\/>\n\t<path class=\"elementor-shape-fill\" d=\"M766.1,28.9c-200-57.5-266,65.5-395.1,19.5C242,1.8,242,5.4,184.8,20.6C128,35.8,132.3,44.9,89.9,52.5C28.6,63.7,0,0,0,0 h1000c0,0-9.9,40.9-83.6,48.1S829.6,47,766.1,28.9z\"\/>\n<\/svg>\t\t<\/div>\n\t\t\t\t<div class=\"elementor-element elementor-element-42f5065c elementor-widget elementor-widget-text-editor\" data-id=\"42f5065c\" data-element_type=\"widget\" data-e-type=\"widget\" data-widget_type=\"text-editor.default\">\n\t\t\t\t<div class=\"elementor-widget-container\">\n\t\t\t\t\t\t\t\t\t<p>F\u00e4hren<\/p><h4>Buchen Sie Ihre F\u00e4hre rechtzeitig, im Sommer kann viel los sein<\/h4>\t\t\t\t\t\t\t\t<\/div>\n\t\t\t\t<\/div>\n\t\t\t\t<\/div>\n\t\t<div class=\"elementor-element elementor-element-4cb3cc8 e-flex e-con-boxed e-con e-parent\" data-id=\"4cb3cc8\" data-element_type=\"container\" data-e-type=\"container\">\n\t\t\t\t\t<div class=\"e-con-inner\">\n\t\t\t\t\t<\/div>\n\t\t\t\t<\/div>\n\t\t\t\t<\/div>\n\t\t","protected":false},"excerpt":{"rendered":"<p>F\u00e4hren H\u00e4fen, F\u00e4hren und Rabatte unten pr\u00fcfen Um nach Elba zu gelangen, m\u00fcssen Sie etwa eine Stunde lang vom Hafen von Piombino aus \u00fcbersetzen. Es gibt vier verschiedene Unternehmen, die diesen F\u00e4hrdienst anbieten: Moby Toremar Blu Navy Corsica Ferries \/ Elba Ferries Es gibt 3 verschiedene H\u00e4fen, von denen Portoferraio der gr\u00f6\u00dfte und meistbesuchte ist. [&hellip;]<\/p>\n","protected":false},"author":1,"featured_media":0,"parent":0,"menu_order":0,"comment_status":"closed","ping_status":"closed","template":"","meta":{"footnotes":""},"class_list":["post-2391","page","type-page","status-publish","hentry"],"yoast_head":"<!-- This site is optimized with the Yoast SEO plugin v25.3 - https:\/\/yoast.com\/wordpress\/plugins\/seo\/ -->\n<title>F\u00e4hren Elba -<\/title>\n<meta name=\"robots\" content=\"index, follow, max-snippet:-1, max-image-preview:large, max-video-preview:-1\" \/>\n<link rel=\"canonical\" href=\"https:\/\/elba-travels.com\/de\/faehren-elba\/\" \/>\n<meta property=\"og:locale\" content=\"de_DE\" \/>\n<meta property=\"og:type\" content=\"article\" \/>\n<meta property=\"og:title\" content=\"F\u00e4hren Elba -\" \/>\n<meta property=\"og:description\" content=\"F\u00e4hren H\u00e4fen, F\u00e4hren und Rabatte unten pr\u00fcfen Um nach Elba zu gelangen, m\u00fcssen Sie etwa eine Stunde lang vom Hafen von Piombino aus \u00fcbersetzen. Es gibt vier verschiedene Unternehmen, die diesen F\u00e4hrdienst anbieten: Moby Toremar Blu Navy Corsica Ferries \/ Elba Ferries Es gibt 3 verschiedene H\u00e4fen, von denen Portoferraio der gr\u00f6\u00dfte und meistbesuchte ist. [&hellip;]\" \/>\n<meta property=\"og:url\" content=\"https:\/\/elba-travels.com\/de\/faehren-elba\/\" \/>\n<meta property=\"article:publisher\" content=\"https:\/\/www.facebook.com\/elbatravels\" \/>\n<meta property=\"article:modified_time\" content=\"2025-06-18T08:29:31+00:00\" \/>\n<meta name=\"twitter:card\" content=\"summary_large_image\" \/>\n<meta name=\"twitter:label1\" content=\"Gesch\u00e4tzte Lesezeit\" \/>\n\t<meta name=\"twitter:data1\" content=\"2\u00a0Minuten\" \/>\n<script type=\"application\/ld+json\" class=\"yoast-schema-graph\">{\"@context\":\"https:\/\/schema.org\",\"@graph\":[{\"@type\":\"WebPage\",\"@id\":\"https:\/\/elba-travels.com\/de\/faehren-elba\/\",\"url\":\"https:\/\/elba-travels.com\/de\/faehren-elba\/\",\"name\":\"F\u00e4hren Elba -\",\"isPartOf\":{\"@id\":\"https:\/\/elba-travels.com\/de\/#website\"},\"datePublished\":\"2024-11-22T18:01:45+00:00\",\"dateModified\":\"2025-06-18T08:29:31+00:00\",\"breadcrumb\":{\"@id\":\"https:\/\/elba-travels.com\/de\/faehren-elba\/#breadcrumb\"},\"inLanguage\":\"de\",\"potentialAction\":[{\"@type\":\"ReadAction\",\"target\":[\"https:\/\/elba-travels.com\/de\/faehren-elba\/\"]}]},{\"@type\":\"BreadcrumbList\",\"@id\":\"https:\/\/elba-travels.com\/de\/faehren-elba\/#breadcrumb\",\"itemListElement\":[{\"@type\":\"ListItem\",\"position\":1,\"name\":\"Home\",\"item\":\"https:\/\/elba-travels.com\/de\/hauptseite\/\"},{\"@type\":\"ListItem\",\"position\":2,\"name\":\"F\u00e4hren Elba\"}]},{\"@type\":\"WebSite\",\"@id\":\"https:\/\/elba-travels.com\/de\/#website\",\"url\":\"https:\/\/elba-travels.com\/de\/\",\"name\":\"Elba Travels\",\"description\":\"\",\"publisher\":{\"@id\":\"https:\/\/elba-travels.com\/de\/#organization\"},\"potentialAction\":[{\"@type\":\"SearchAction\",\"target\":{\"@type\":\"EntryPoint\",\"urlTemplate\":\"https:\/\/elba-travels.com\/de\/?s={search_term_string}\"},\"query-input\":{\"@type\":\"PropertyValueSpecification\",\"valueRequired\":true,\"valueName\":\"search_term_string\"}}],\"inLanguage\":\"de\"},{\"@type\":\"Organization\",\"@id\":\"https:\/\/elba-travels.com\/de\/#organization\",\"name\":\"Elba Travels\",\"url\":\"https:\/\/elba-travels.com\/de\/\",\"logo\":{\"@type\":\"ImageObject\",\"inLanguage\":\"de\",\"@id\":\"https:\/\/elba-travels.com\/de\/#\/schema\/logo\/image\/\",\"url\":\"https:\/\/elba-travels.com\/wp-content\/uploads\/2024\/11\/Elbatravels_logo_groot.png\",\"contentUrl\":\"https:\/\/elba-travels.com\/wp-content\/uploads\/2024\/11\/Elbatravels_logo_groot.png\",\"width\":2245,\"height\":349,\"caption\":\"Elba Travels\"},\"image\":{\"@id\":\"https:\/\/elba-travels.com\/de\/#\/schema\/logo\/image\/\"},\"sameAs\":[\"https:\/\/www.facebook.com\/elbatravels\",\"https:\/\/www.instagram.com\/elbatravels\/\"]}]}<\/script>\n<!-- \/ Yoast SEO plugin. -->","yoast_head_json":{"title":"F\u00e4hren Elba -","robots":{"index":"index","follow":"follow","max-snippet":"max-snippet:-1","max-image-preview":"max-image-preview:large","max-video-preview":"max-video-preview:-1"},"canonical":"https:\/\/elba-travels.com\/de\/faehren-elba\/","og_locale":"de_DE","og_type":"article","og_title":"F\u00e4hren Elba -","og_description":"F\u00e4hren H\u00e4fen, F\u00e4hren und Rabatte unten pr\u00fcfen Um nach Elba zu gelangen, m\u00fcssen Sie etwa eine Stunde lang vom Hafen von Piombino aus \u00fcbersetzen. Es gibt vier verschiedene Unternehmen, die diesen F\u00e4hrdienst anbieten: Moby Toremar Blu Navy Corsica Ferries \/ Elba Ferries Es gibt 3 verschiedene H\u00e4fen, von denen Portoferraio der gr\u00f6\u00dfte und meistbesuchte ist. [&hellip;]","og_url":"https:\/\/elba-travels.com\/de\/faehren-elba\/","article_publisher":"https:\/\/www.facebook.com\/elbatravels","article_modified_time":"2025-06-18T08:29:31+00:00","twitter_card":"summary_large_image","twitter_misc":{"Gesch\u00e4tzte Lesezeit":"2\u00a0Minuten"},"schema":{"@context":"https:\/\/schema.org","@graph":[{"@type":"WebPage","@id":"https:\/\/elba-travels.com\/de\/faehren-elba\/","url":"https:\/\/elba-travels.com\/de\/faehren-elba\/","name":"F\u00e4hren Elba -","isPartOf":{"@id":"https:\/\/elba-travels.com\/de\/#website"},"datePublished":"2024-11-22T18:01:45+00:00","dateModified":"2025-06-18T08:29:31+00:00","breadcrumb":{"@id":"https:\/\/elba-travels.com\/de\/faehren-elba\/#breadcrumb"},"inLanguage":"de","potentialAction":[{"@type":"ReadAction","target":["https:\/\/elba-travels.com\/de\/faehren-elba\/"]}]},{"@type":"BreadcrumbList","@id":"https:\/\/elba-travels.com\/de\/faehren-elba\/#breadcrumb","itemListElement":[{"@type":"ListItem","position":1,"name":"Home","item":"https:\/\/elba-travels.com\/de\/hauptseite\/"},{"@type":"ListItem","position":2,"name":"F\u00e4hren Elba"}]},{"@type":"WebSite","@id":"https:\/\/elba-travels.com\/de\/#website","url":"https:\/\/elba-travels.com\/de\/","name":"Elba Travels","description":"","publisher":{"@id":"https:\/\/elba-travels.com\/de\/#organization"},"potentialAction":[{"@type":"SearchAction","target":{"@type":"EntryPoint","urlTemplate":"https:\/\/elba-travels.com\/de\/?s={search_term_string}"},"query-input":{"@type":"PropertyValueSpecification","valueRequired":true,"valueName":"search_term_string"}}],"inLanguage":"de"},{"@type":"Organization","@id":"https:\/\/elba-travels.com\/de\/#organization","name":"Elba Travels","url":"https:\/\/elba-travels.com\/de\/","logo":{"@type":"ImageObject","inLanguage":"de","@id":"https:\/\/elba-travels.com\/de\/#\/schema\/logo\/image\/","url":"https:\/\/elba-travels.com\/wp-content\/uploads\/2024\/11\/Elbatravels_logo_groot.png","contentUrl":"https:\/\/elba-travels.com\/wp-content\/uploads\/2024\/11\/Elbatravels_logo_groot.png","width":2245,"height":349,"caption":"Elba Travels"},"image":{"@id":"https:\/\/elba-travels.com\/de\/#\/schema\/logo\/image\/"},"sameAs":["https:\/\/www.facebook.com\/elbatravels","https:\/\/www.instagram.com\/elbatravels\/"]}]}},"_links":{"self":[{"href":"https:\/\/elba-travels.com\/de\/wp-json\/wp\/v2\/pages\/2391","targetHints":{"allow":["GET"]}}],"collection":[{"href":"https:\/\/elba-travels.com\/de\/wp-json\/wp\/v2\/pages"}],"about":[{"href":"https:\/\/elba-travels.com\/de\/wp-json\/wp\/v2\/types\/page"}],"author":[{"embeddable":true,"href":"https:\/\/elba-travels.com\/de\/wp-json\/wp\/v2\/users\/1"}],"replies":[{"embeddable":true,"href":"https:\/\/elba-travels.com\/de\/wp-json\/wp\/v2\/comments?post=2391"}],"version-history":[{"count":1,"href":"https:\/\/elba-travels.com\/de\/wp-json\/wp\/v2\/pages\/2391\/revisions"}],"predecessor-version":[{"id":2392,"href":"https:\/\/elba-travels.com\/de\/wp-json\/wp\/v2\/pages\/2391\/revisions\/2392"}],"wp:attachment":[{"href":"https:\/\/elba-travels.com\/de\/wp-json\/wp\/v2\/media?parent=2391"}],"curies":[{"name":"wp","href":"https:\/\/api.w.org\/{rel}","templated":true}]}}