{"id":2385,"date":"2024-11-14T15:50:25","date_gmt":"2024-11-14T15:50:25","guid":{"rendered":"https:\/\/elba-travels.com\/route\/"},"modified":"2025-06-18T08:12:48","modified_gmt":"2025-06-18T08:12:48","slug":"route","status":"publish","type":"page","link":"https:\/\/elba-travels.com\/de\/route\/","title":{"rendered":"Route"},"content":{"rendered":"\t\t<div data-elementor-type=\"wp-page\" data-elementor-id=\"2385\" class=\"elementor elementor-2385 elementor-313\" data-elementor-post-type=\"page\">\n\t\t\t\t<div class=\"elementor-element elementor-element-97e181d e-con-full e-flex e-con e-parent\" data-id=\"97e181d\" data-element_type=\"container\" data-e-type=\"container\" data-settings=\"{&quot;shape_divider_top&quot;:&quot;waves&quot;}\">\n\t\t\t\t<div class=\"elementor-shape elementor-shape-top\" aria-hidden=\"true\" data-negative=\"false\">\n\t\t\t<svg xmlns=\"http:\/\/www.w3.org\/2000\/svg\" viewBox=\"0 0 1000 100\" preserveAspectRatio=\"none\">\n\t<path class=\"elementor-shape-fill\" d=\"M421.9,6.5c22.6-2.5,51.5,0.4,75.5,5.3c23.6,4.9,70.9,23.5,100.5,35.7c75.8,32.2,133.7,44.5,192.6,49.7\n\tc23.6,2.1,48.7,3.5,103.4-2.5c54.7-6,106.2-25.6,106.2-25.6V0H0v30.3c0,0,72,32.6,158.4,30.5c39.2-0.7,92.8-6.7,134-22.4\n\tc21.2-8.1,52.2-18.2,79.7-24.2C399.3,7.9,411.6,7.5,421.9,6.5z\"\/>\n<\/svg>\t\t<\/div>\n\t\t\t\t<div class=\"elementor-element elementor-element-71c469a elementor--v-position-top elementor--h-position-center elementor-arrows-position-inside elementor-pagination-position-inside elementor-widget elementor-widget-slides\" data-id=\"71c469a\" data-element_type=\"widget\" data-e-type=\"widget\" data-settings=\"{&quot;navigation&quot;:&quot;both&quot;,&quot;autoplay&quot;:&quot;yes&quot;,&quot;pause_on_hover&quot;:&quot;yes&quot;,&quot;pause_on_interaction&quot;:&quot;yes&quot;,&quot;autoplay_speed&quot;:5000,&quot;infinite&quot;:&quot;yes&quot;,&quot;transition&quot;:&quot;slide&quot;,&quot;transition_speed&quot;:500}\" data-widget_type=\"slides.default\">\n\t\t\t\t<div class=\"elementor-widget-container\">\n\t\t\t\t\t\t\t\t\t<div class=\"elementor-swiper\">\n\t\t\t\t\t<div class=\"elementor-slides-wrapper elementor-main-swiper swiper\" role=\"region\" aria-roledescription=\"carousel\" aria-label=\"Slider\" dir=\"ltr\" data-animation=\"fadeInUp\">\n\t\t\t\t<div class=\"swiper-wrapper elementor-slides\">\n\t\t\t\t\t\t\t\t\t\t<div class=\"elementor-repeater-item-cecf8ca swiper-slide\" role=\"group\" aria-roledescription=\"slide\"><div class=\"swiper-slide-bg\" role=\"img\" aria-label=\"Santa Lucia 2\"><\/div><div class=\"swiper-slide-inner\" ><div class=\"swiper-slide-contents\"><\/div><\/div><\/div>\t\t\t\t<\/div>\n\t\t\t\t\t\t\t<\/div>\n\t\t\t\t<\/div>\n\t\t\t\t\t\t\t\t<\/div>\n\t\t\t\t<\/div>\n\t\t\t\t<\/div>\n\t\t<div class=\"elementor-element elementor-element-340c141 e-con-full e-flex e-con e-parent\" data-id=\"340c141\" data-element_type=\"container\" data-e-type=\"container\" data-settings=\"{&quot;background_background&quot;:&quot;classic&quot;,&quot;shape_divider_top&quot;:&quot;mountains&quot;,&quot;shape_divider_bottom&quot;:&quot;mountains&quot;}\">\n\t\t\t\t<div class=\"elementor-shape elementor-shape-top\" aria-hidden=\"true\" data-negative=\"false\">\n\t\t\t<svg xmlns=\"http:\/\/www.w3.org\/2000\/svg\" viewBox=\"0 0 1000 100\" preserveAspectRatio=\"none\">\n\t<path class=\"elementor-shape-fill\" opacity=\"0.33\" d=\"M473,67.3c-203.9,88.3-263.1-34-320.3,0C66,119.1,0,59.7,0,59.7V0h1000v59.7 c0,0-62.1,26.1-94.9,29.3c-32.8,3.3-62.8-12.3-75.8-22.1C806,49.6,745.3,8.7,694.9,4.7S492.4,59,473,67.3z\"\/>\n\t<path class=\"elementor-shape-fill\" opacity=\"0.66\" d=\"M734,67.3c-45.5,0-77.2-23.2-129.1-39.1c-28.6-8.7-150.3-10.1-254,39.1 s-91.7-34.4-149.2,0C115.7,118.3,0,39.8,0,39.8V0h1000v36.5c0,0-28.2-18.5-92.1-18.5C810.2,18.1,775.7,67.3,734,67.3z\"\/>\n\t<path class=\"elementor-shape-fill\" d=\"M766.1,28.9c-200-57.5-266,65.5-395.1,19.5C242,1.8,242,5.4,184.8,20.6C128,35.8,132.3,44.9,89.9,52.5C28.6,63.7,0,0,0,0 h1000c0,0-9.9,40.9-83.6,48.1S829.6,47,766.1,28.9z\"\/>\n<\/svg>\t\t<\/div>\n\t\t\t\t<div class=\"elementor-shape elementor-shape-bottom\" aria-hidden=\"true\" data-negative=\"false\">\n\t\t\t<svg xmlns=\"http:\/\/www.w3.org\/2000\/svg\" viewBox=\"0 0 1000 100\" preserveAspectRatio=\"none\">\n\t<path class=\"elementor-shape-fill\" opacity=\"0.33\" d=\"M473,67.3c-203.9,88.3-263.1-34-320.3,0C66,119.1,0,59.7,0,59.7V0h1000v59.7 c0,0-62.1,26.1-94.9,29.3c-32.8,3.3-62.8-12.3-75.8-22.1C806,49.6,745.3,8.7,694.9,4.7S492.4,59,473,67.3z\"\/>\n\t<path class=\"elementor-shape-fill\" opacity=\"0.66\" d=\"M734,67.3c-45.5,0-77.2-23.2-129.1-39.1c-28.6-8.7-150.3-10.1-254,39.1 s-91.7-34.4-149.2,0C115.7,118.3,0,39.8,0,39.8V0h1000v36.5c0,0-28.2-18.5-92.1-18.5C810.2,18.1,775.7,67.3,734,67.3z\"\/>\n\t<path class=\"elementor-shape-fill\" d=\"M766.1,28.9c-200-57.5-266,65.5-395.1,19.5C242,1.8,242,5.4,184.8,20.6C128,35.8,132.3,44.9,89.9,52.5C28.6,63.7,0,0,0,0 h1000c0,0-9.9,40.9-83.6,48.1S829.6,47,766.1,28.9z\"\/>\n<\/svg>\t\t<\/div>\n\t\t\t\t<div class=\"elementor-element elementor-element-13c1a46 elementor-widget elementor-widget-text-editor\" data-id=\"13c1a46\" data-element_type=\"widget\" data-e-type=\"widget\" data-widget_type=\"text-editor.default\">\n\t\t\t\t<div class=\"elementor-widget-container\">\n\t\t\t\t\t\t\t\t\t<p>Route<\/p><h4>Hier finden Sie einen Routenplaner, H\u00e4fen und F\u00e4hren<\/h4>\t\t\t\t\t\t\t\t<\/div>\n\t\t\t\t<\/div>\n\t\t\t\t<\/div>\n\t\t<div class=\"elementor-element elementor-element-f9a60b2 e-flex e-con-boxed e-con e-parent\" data-id=\"f9a60b2\" data-element_type=\"container\" data-e-type=\"container\">\n\t\t\t\t\t<div class=\"e-con-inner\">\n\t\t\t\t<div class=\"elementor-element elementor-element-df51f21 elementor-widget elementor-widget-text-editor\" data-id=\"df51f21\" data-element_type=\"widget\" data-e-type=\"widget\" data-widget_type=\"text-editor.default\">\n\t\t\t\t<div class=\"elementor-widget-container\">\n\t\t\t\t\t\t\t\t\t<p><strong>Reisen auf die Insel Elba aus den Niederlanden<\/strong><\/p>\n<p>Es gibt mehrere M\u00f6glichkeiten, von den Niederlanden aus auf die sch\u00f6ne Insel Elba zu reisen, je nach Ihren Vorlieben und Ihrem Reisestil. Hier sind die Optionen: <\/p>\n<p><strong>Mit dem Auto<\/strong><br>Von den Niederlanden aus ist die Fahrt nach Piombino, der Hafenstadt von Elba, etwa 1.400 km lang und dauert etwa 14-16 Stunden. Die schnellste Route f\u00fchrt Sie durch die Schweiz oder \u00fcber Deutschland und \u00d6sterreich. Auf dem Weg dorthin werden Sie atemberaubende Landschaften genie\u00dfen. In Piombino k\u00f6nnen Sie bequem die F\u00e4hre nach Portoferraio, Elbas gr\u00f6\u00dftem Hafen, nehmen.   <\/p>\n<p><strong>Mit dem Zug<\/strong><br>Reisen mit dem Zug ist bequem und umweltfreundlich. Von den Niederlanden aus reisen Sie nach Italien, wobei Sie oft in St\u00e4dten wie Paris und Mailand umsteigen. Ihr Endziel ist die Stadt Pisa oder Grosseto, von wo aus Sie mit dem Regionalzug nach Piombino weiterfahren. Von Piombino aus nehmen Sie die F\u00e4hre nach Elba.   <\/p>\n<p><strong>Mit dem Flugzeug<\/strong><br>Am schnellsten geht es mit dem Flugzeug. Es gibt Direktfl\u00fcge nach Pisa oder Florenz. Von diesen St\u00e4dten aus k\u00f6nnen Sie mit dem Mietwagen, Taxi oder Zug zum Hafen von Piombino fahren. Ein alternativer Flughafen in der N\u00e4he ist Marina di Campo auf Elba selbst, der jedoch weniger h\u00e4ufig angeflogen wird.   <\/p>\n<p><strong>F\u00e4hren<\/strong><br>Von Piombino aus fahren mehrere Gesellschaften, wie Moby Lines und Toremar, regelm\u00e4\u00dfig nach Elba. Die \u00dcberfahrt dauert etwa 40-60 Minuten und bringt Sie zu H\u00e4fen wie Portoferraio, Rio Marina oder Cavo. Sie k\u00f6nnen Ihr Auto mit auf die F\u00e4hre nehmen oder als Fu\u00dfg\u00e4nger reisen und vor Ort ein Transportmittel mieten.  <\/p><p>Verwenden Sie den Rabattcode: elbatravels, um einen zus\u00e4tzlichen Rabatt auf F\u00e4hren zu erhalten.<\/p>\n<p>Welche Route Sie auch immer w\u00e4hlen, die Reise nach Elba ist ein Abenteuer f\u00fcr sich!<\/p>\t\t\t\t\t\t\t\t<\/div>\n\t\t\t\t<\/div>\n\t\t\t\t\t<\/div>\n\t\t\t\t<\/div>\n\t\t<div class=\"elementor-element elementor-element-d541149 e-flex e-con-boxed e-con e-parent\" data-id=\"d541149\" data-element_type=\"container\" data-e-type=\"container\">\n\t\t\t\t\t<div class=\"e-con-inner\">\n\t\t\t\t<div class=\"elementor-element elementor-element-caed0ea elementor-widget elementor-widget-text-editor\" data-id=\"caed0ea\" data-element_type=\"widget\" data-e-type=\"widget\" data-widget_type=\"text-editor.default\">\n\t\t\t\t<div class=\"elementor-widget-container\">\n\t\t\t\t\t\t\t\t\t<div style=\"margin-left: auto; margin-right: auto; max-width: 100%;\">\n<iframe id=\"tlines\" class=\"tlines_frame\" style=\"border: 0px; width: 100%;\" src=\"https:\/\/www.misterferry.com\/en\/elba-island-ferries.aspx?UAID=589971&amp;bkcolor=F1E082&amp;txtcolor=2B2B2B&amp;bkbtncolor=88D3D7&amp;txtbtncolor=FFFFFF&amp;bktitolo=3399CC&amp;txttitolo=FFFFFF&amp;language=en&amp;iframe_booking=true&amp;v2=true\" scrolling=\"no\"><\/iframe>\n<p style=\"font-size: 11px; margin: auto; font-family: Verdana; width: 100%; color: #666; margin-bottom: 12px; text-align: center;\">Der Service wird von <a style=\"color: #666; text-decoration: none;\" href=\"https:\/\/www.misterferry.com\/en\/elba-island-ferries.aspx?UAID=589971&amp;bkcolor=F1E082&amp;txtcolor=2B2B2B&amp;bkbtncolor=88D3D7&amp;txtbtncolor=FFFFFF&amp;bktitolo=3399CC&amp;txttitolo=FFFFFF\" target=\"_blank\" rel=\"noopener\">Misterferry.com abgewickelt .<\/a><\/p>\n<script type=\"text\/javascript\" src=\"https:\/\/www.misterferry.com\/Ajax\/tlines_resp_v2.js\"><\/script>\n\n<\/div>\t\t\t\t\t\t\t\t<\/div>\n\t\t\t\t<\/div>\n\t\t\t\t\t<\/div>\n\t\t\t\t<\/div>\n\t\t<div class=\"elementor-element elementor-element-cd882b6 e-con-full e-flex e-con e-parent\" data-id=\"cd882b6\" data-element_type=\"container\" data-e-type=\"container\" data-settings=\"{&quot;background_background&quot;:&quot;classic&quot;,&quot;shape_divider_top&quot;:&quot;mountains&quot;,&quot;shape_divider_bottom&quot;:&quot;mountains&quot;}\">\n\t\t\t\t<div class=\"elementor-shape elementor-shape-top\" aria-hidden=\"true\" data-negative=\"false\">\n\t\t\t<svg xmlns=\"http:\/\/www.w3.org\/2000\/svg\" viewBox=\"0 0 1000 100\" preserveAspectRatio=\"none\">\n\t<path class=\"elementor-shape-fill\" opacity=\"0.33\" d=\"M473,67.3c-203.9,88.3-263.1-34-320.3,0C66,119.1,0,59.7,0,59.7V0h1000v59.7 c0,0-62.1,26.1-94.9,29.3c-32.8,3.3-62.8-12.3-75.8-22.1C806,49.6,745.3,8.7,694.9,4.7S492.4,59,473,67.3z\"\/>\n\t<path class=\"elementor-shape-fill\" opacity=\"0.66\" d=\"M734,67.3c-45.5,0-77.2-23.2-129.1-39.1c-28.6-8.7-150.3-10.1-254,39.1 s-91.7-34.4-149.2,0C115.7,118.3,0,39.8,0,39.8V0h1000v36.5c0,0-28.2-18.5-92.1-18.5C810.2,18.1,775.7,67.3,734,67.3z\"\/>\n\t<path class=\"elementor-shape-fill\" d=\"M766.1,28.9c-200-57.5-266,65.5-395.1,19.5C242,1.8,242,5.4,184.8,20.6C128,35.8,132.3,44.9,89.9,52.5C28.6,63.7,0,0,0,0 h1000c0,0-9.9,40.9-83.6,48.1S829.6,47,766.1,28.9z\"\/>\n<\/svg>\t\t<\/div>\n\t\t\t\t<div class=\"elementor-shape elementor-shape-bottom\" aria-hidden=\"true\" data-negative=\"false\">\n\t\t\t<svg xmlns=\"http:\/\/www.w3.org\/2000\/svg\" viewBox=\"0 0 1000 100\" preserveAspectRatio=\"none\">\n\t<path class=\"elementor-shape-fill\" opacity=\"0.33\" d=\"M473,67.3c-203.9,88.3-263.1-34-320.3,0C66,119.1,0,59.7,0,59.7V0h1000v59.7 c0,0-62.1,26.1-94.9,29.3c-32.8,3.3-62.8-12.3-75.8-22.1C806,49.6,745.3,8.7,694.9,4.7S492.4,59,473,67.3z\"\/>\n\t<path class=\"elementor-shape-fill\" opacity=\"0.66\" d=\"M734,67.3c-45.5,0-77.2-23.2-129.1-39.1c-28.6-8.7-150.3-10.1-254,39.1 s-91.7-34.4-149.2,0C115.7,118.3,0,39.8,0,39.8V0h1000v36.5c0,0-28.2-18.5-92.1-18.5C810.2,18.1,775.7,67.3,734,67.3z\"\/>\n\t<path class=\"elementor-shape-fill\" d=\"M766.1,28.9c-200-57.5-266,65.5-395.1,19.5C242,1.8,242,5.4,184.8,20.6C128,35.8,132.3,44.9,89.9,52.5C28.6,63.7,0,0,0,0 h1000c0,0-9.9,40.9-83.6,48.1S829.6,47,766.1,28.9z\"\/>\n<\/svg>\t\t<\/div>\n\t\t\t\t<div class=\"elementor-element elementor-element-99fc7cd elementor-widget elementor-widget-text-editor\" data-id=\"99fc7cd\" data-element_type=\"widget\" data-e-type=\"widget\" data-widget_type=\"text-editor.default\">\n\t\t\t\t<div class=\"elementor-widget-container\">\n\t\t\t\t\t\t\t\t\t<p>Route<\/p>\n<h4>Buchen Sie Ihre F\u00e4hre rechtzeitig, im Sommer kann es sehr voll werden<\/h4>\t\t\t\t\t\t\t\t<\/div>\n\t\t\t\t<\/div>\n\t\t\t\t<\/div>\n\t\t\t\t<\/div>\n\t\t","protected":false},"excerpt":{"rendered":"<p>Route Hier finden Sie einen Routenplaner, H\u00e4fen und F\u00e4hren Reisen auf die Insel Elba aus den Niederlanden Es gibt mehrere M\u00f6glichkeiten, von den Niederlanden aus auf die sch\u00f6ne Insel Elba zu reisen, je nach Ihren Vorlieben und Ihrem Reisestil. Hier sind die Optionen: Mit dem AutoVon den Niederlanden aus ist die Fahrt nach Piombino, der [&hellip;]<\/p>\n","protected":false},"author":1,"featured_media":0,"parent":0,"menu_order":0,"comment_status":"closed","ping_status":"closed","template":"","meta":{"footnotes":""},"class_list":["post-2385","page","type-page","status-publish","hentry"],"yoast_head":"<!-- This site is optimized with the Yoast SEO plugin v25.3 - https:\/\/yoast.com\/wordpress\/plugins\/seo\/ -->\n<title>Route -<\/title>\n<meta name=\"robots\" content=\"index, follow, max-snippet:-1, max-image-preview:large, max-video-preview:-1\" \/>\n<link rel=\"canonical\" href=\"https:\/\/elba-travels.com\/de\/route\/\" \/>\n<meta property=\"og:locale\" content=\"de_DE\" \/>\n<meta property=\"og:type\" content=\"article\" \/>\n<meta property=\"og:title\" content=\"Route -\" \/>\n<meta property=\"og:description\" content=\"Route Hier finden Sie einen Routenplaner, H\u00e4fen und F\u00e4hren Reisen auf die Insel Elba aus den Niederlanden Es gibt mehrere M\u00f6glichkeiten, von den Niederlanden aus auf die sch\u00f6ne Insel Elba zu reisen, je nach Ihren Vorlieben und Ihrem Reisestil. Hier sind die Optionen: Mit dem AutoVon den Niederlanden aus ist die Fahrt nach Piombino, der [&hellip;]\" \/>\n<meta property=\"og:url\" content=\"https:\/\/elba-travels.com\/de\/route\/\" \/>\n<meta property=\"article:publisher\" content=\"https:\/\/www.facebook.com\/elbatravels\" \/>\n<meta property=\"article:modified_time\" content=\"2025-06-18T08:12:48+00:00\" \/>\n<meta name=\"twitter:card\" content=\"summary_large_image\" \/>\n<meta name=\"twitter:label1\" content=\"Gesch\u00e4tzte Lesezeit\" \/>\n\t<meta name=\"twitter:data1\" content=\"2\u00a0Minuten\" \/>\n<script type=\"application\/ld+json\" class=\"yoast-schema-graph\">{\"@context\":\"https:\/\/schema.org\",\"@graph\":[{\"@type\":\"WebPage\",\"@id\":\"https:\/\/elba-travels.com\/de\/route\/\",\"url\":\"https:\/\/elba-travels.com\/de\/route\/\",\"name\":\"Route -\",\"isPartOf\":{\"@id\":\"https:\/\/elba-travels.com\/de\/#website\"},\"datePublished\":\"2024-11-14T15:50:25+00:00\",\"dateModified\":\"2025-06-18T08:12:48+00:00\",\"breadcrumb\":{\"@id\":\"https:\/\/elba-travels.com\/de\/route\/#breadcrumb\"},\"inLanguage\":\"de\",\"potentialAction\":[{\"@type\":\"ReadAction\",\"target\":[\"https:\/\/elba-travels.com\/de\/route\/\"]}]},{\"@type\":\"BreadcrumbList\",\"@id\":\"https:\/\/elba-travels.com\/de\/route\/#breadcrumb\",\"itemListElement\":[{\"@type\":\"ListItem\",\"position\":1,\"name\":\"Home\",\"item\":\"https:\/\/elba-travels.com\/de\/hauptseite\/\"},{\"@type\":\"ListItem\",\"position\":2,\"name\":\"Route\"}]},{\"@type\":\"WebSite\",\"@id\":\"https:\/\/elba-travels.com\/de\/#website\",\"url\":\"https:\/\/elba-travels.com\/de\/\",\"name\":\"Elba Travels\",\"description\":\"\",\"publisher\":{\"@id\":\"https:\/\/elba-travels.com\/de\/#organization\"},\"potentialAction\":[{\"@type\":\"SearchAction\",\"target\":{\"@type\":\"EntryPoint\",\"urlTemplate\":\"https:\/\/elba-travels.com\/de\/?s={search_term_string}\"},\"query-input\":{\"@type\":\"PropertyValueSpecification\",\"valueRequired\":true,\"valueName\":\"search_term_string\"}}],\"inLanguage\":\"de\"},{\"@type\":\"Organization\",\"@id\":\"https:\/\/elba-travels.com\/de\/#organization\",\"name\":\"Elba Travels\",\"url\":\"https:\/\/elba-travels.com\/de\/\",\"logo\":{\"@type\":\"ImageObject\",\"inLanguage\":\"de\",\"@id\":\"https:\/\/elba-travels.com\/de\/#\/schema\/logo\/image\/\",\"url\":\"https:\/\/elba-travels.com\/wp-content\/uploads\/2024\/11\/Elbatravels_logo_groot.png\",\"contentUrl\":\"https:\/\/elba-travels.com\/wp-content\/uploads\/2024\/11\/Elbatravels_logo_groot.png\",\"width\":2245,\"height\":349,\"caption\":\"Elba Travels\"},\"image\":{\"@id\":\"https:\/\/elba-travels.com\/de\/#\/schema\/logo\/image\/\"},\"sameAs\":[\"https:\/\/www.facebook.com\/elbatravels\",\"https:\/\/www.instagram.com\/elbatravels\/\"]}]}<\/script>\n<!-- \/ Yoast SEO plugin. -->","yoast_head_json":{"title":"Route -","robots":{"index":"index","follow":"follow","max-snippet":"max-snippet:-1","max-image-preview":"max-image-preview:large","max-video-preview":"max-video-preview:-1"},"canonical":"https:\/\/elba-travels.com\/de\/route\/","og_locale":"de_DE","og_type":"article","og_title":"Route -","og_description":"Route Hier finden Sie einen Routenplaner, H\u00e4fen und F\u00e4hren Reisen auf die Insel Elba aus den Niederlanden Es gibt mehrere M\u00f6glichkeiten, von den Niederlanden aus auf die sch\u00f6ne Insel Elba zu reisen, je nach Ihren Vorlieben und Ihrem Reisestil. Hier sind die Optionen: Mit dem AutoVon den Niederlanden aus ist die Fahrt nach Piombino, der [&hellip;]","og_url":"https:\/\/elba-travels.com\/de\/route\/","article_publisher":"https:\/\/www.facebook.com\/elbatravels","article_modified_time":"2025-06-18T08:12:48+00:00","twitter_card":"summary_large_image","twitter_misc":{"Gesch\u00e4tzte Lesezeit":"2\u00a0Minuten"},"schema":{"@context":"https:\/\/schema.org","@graph":[{"@type":"WebPage","@id":"https:\/\/elba-travels.com\/de\/route\/","url":"https:\/\/elba-travels.com\/de\/route\/","name":"Route -","isPartOf":{"@id":"https:\/\/elba-travels.com\/de\/#website"},"datePublished":"2024-11-14T15:50:25+00:00","dateModified":"2025-06-18T08:12:48+00:00","breadcrumb":{"@id":"https:\/\/elba-travels.com\/de\/route\/#breadcrumb"},"inLanguage":"de","potentialAction":[{"@type":"ReadAction","target":["https:\/\/elba-travels.com\/de\/route\/"]}]},{"@type":"BreadcrumbList","@id":"https:\/\/elba-travels.com\/de\/route\/#breadcrumb","itemListElement":[{"@type":"ListItem","position":1,"name":"Home","item":"https:\/\/elba-travels.com\/de\/hauptseite\/"},{"@type":"ListItem","position":2,"name":"Route"}]},{"@type":"WebSite","@id":"https:\/\/elba-travels.com\/de\/#website","url":"https:\/\/elba-travels.com\/de\/","name":"Elba Travels","description":"","publisher":{"@id":"https:\/\/elba-travels.com\/de\/#organization"},"potentialAction":[{"@type":"SearchAction","target":{"@type":"EntryPoint","urlTemplate":"https:\/\/elba-travels.com\/de\/?s={search_term_string}"},"query-input":{"@type":"PropertyValueSpecification","valueRequired":true,"valueName":"search_term_string"}}],"inLanguage":"de"},{"@type":"Organization","@id":"https:\/\/elba-travels.com\/de\/#organization","name":"Elba Travels","url":"https:\/\/elba-travels.com\/de\/","logo":{"@type":"ImageObject","inLanguage":"de","@id":"https:\/\/elba-travels.com\/de\/#\/schema\/logo\/image\/","url":"https:\/\/elba-travels.com\/wp-content\/uploads\/2024\/11\/Elbatravels_logo_groot.png","contentUrl":"https:\/\/elba-travels.com\/wp-content\/uploads\/2024\/11\/Elbatravels_logo_groot.png","width":2245,"height":349,"caption":"Elba Travels"},"image":{"@id":"https:\/\/elba-travels.com\/de\/#\/schema\/logo\/image\/"},"sameAs":["https:\/\/www.facebook.com\/elbatravels","https:\/\/www.instagram.com\/elbatravels\/"]}]}},"_links":{"self":[{"href":"https:\/\/elba-travels.com\/de\/wp-json\/wp\/v2\/pages\/2385","targetHints":{"allow":["GET"]}}],"collection":[{"href":"https:\/\/elba-travels.com\/de\/wp-json\/wp\/v2\/pages"}],"about":[{"href":"https:\/\/elba-travels.com\/de\/wp-json\/wp\/v2\/types\/page"}],"author":[{"embeddable":true,"href":"https:\/\/elba-travels.com\/de\/wp-json\/wp\/v2\/users\/1"}],"replies":[{"embeddable":true,"href":"https:\/\/elba-travels.com\/de\/wp-json\/wp\/v2\/comments?post=2385"}],"version-history":[{"count":1,"href":"https:\/\/elba-travels.com\/de\/wp-json\/wp\/v2\/pages\/2385\/revisions"}],"predecessor-version":[{"id":2386,"href":"https:\/\/elba-travels.com\/de\/wp-json\/wp\/v2\/pages\/2385\/revisions\/2386"}],"wp:attachment":[{"href":"https:\/\/elba-travels.com\/de\/wp-json\/wp\/v2\/media?parent=2385"}],"curies":[{"name":"wp","href":"https:\/\/api.w.org\/{rel}","templated":true}]}}