{"id":2379,"date":"2024-11-16T19:11:38","date_gmt":"2024-11-16T19:11:38","guid":{"rendered":"https:\/\/elba-travels.com\/unsere-vision\/"},"modified":"2025-06-12T17:33:44","modified_gmt":"2025-06-12T17:33:44","slug":"unsere-vision","status":"publish","type":"page","link":"https:\/\/elba-travels.com\/de\/unsere-vision\/","title":{"rendered":"Unsere Vision"},"content":{"rendered":"\t\t<div data-elementor-type=\"wp-page\" data-elementor-id=\"2379\" class=\"elementor elementor-2379 elementor-663\" data-elementor-post-type=\"page\">\n\t\t\t\t<div class=\"elementor-element elementor-element-181766c e-con-full e-flex e-con e-parent\" data-id=\"181766c\" data-element_type=\"container\" data-e-type=\"container\" data-settings=\"{&quot;shape_divider_top&quot;:&quot;waves&quot;}\">\n\t\t\t\t<div class=\"elementor-shape elementor-shape-top\" aria-hidden=\"true\" data-negative=\"false\">\n\t\t\t<svg xmlns=\"http:\/\/www.w3.org\/2000\/svg\" viewBox=\"0 0 1000 100\" preserveAspectRatio=\"none\">\n\t<path class=\"elementor-shape-fill\" d=\"M421.9,6.5c22.6-2.5,51.5,0.4,75.5,5.3c23.6,4.9,70.9,23.5,100.5,35.7c75.8,32.2,133.7,44.5,192.6,49.7\n\tc23.6,2.1,48.7,3.5,103.4-2.5c54.7-6,106.2-25.6,106.2-25.6V0H0v30.3c0,0,72,32.6,158.4,30.5c39.2-0.7,92.8-6.7,134-22.4\n\tc21.2-8.1,52.2-18.2,79.7-24.2C399.3,7.9,411.6,7.5,421.9,6.5z\"\/>\n<\/svg>\t\t<\/div>\n\t\t\t\t<div class=\"elementor-element elementor-element-51dcf74 elementor--v-position-top elementor--h-position-center elementor-arrows-position-inside elementor-pagination-position-inside elementor-widget elementor-widget-slides\" data-id=\"51dcf74\" data-element_type=\"widget\" data-e-type=\"widget\" data-settings=\"{&quot;navigation&quot;:&quot;both&quot;,&quot;autoplay&quot;:&quot;yes&quot;,&quot;pause_on_hover&quot;:&quot;yes&quot;,&quot;pause_on_interaction&quot;:&quot;yes&quot;,&quot;autoplay_speed&quot;:5000,&quot;infinite&quot;:&quot;yes&quot;,&quot;transition&quot;:&quot;slide&quot;,&quot;transition_speed&quot;:500}\" data-widget_type=\"slides.default\">\n\t\t\t\t<div class=\"elementor-widget-container\">\n\t\t\t\t\t\t\t\t\t<div class=\"elementor-swiper\">\n\t\t\t\t\t<div class=\"elementor-slides-wrapper elementor-main-swiper swiper\" role=\"region\" aria-roledescription=\"carousel\" aria-label=\"Slider\" dir=\"ltr\" data-animation=\"fadeInUp\">\n\t\t\t\t<div class=\"swiper-wrapper elementor-slides\">\n\t\t\t\t\t\t\t\t\t\t<div class=\"elementor-repeater-item-cecf8ca swiper-slide\" role=\"group\" aria-roledescription=\"slide\"><div class=\"swiper-slide-bg\" role=\"img\" aria-label=\"Santa Lucia 2\"><\/div><div class=\"swiper-slide-inner\" ><div class=\"swiper-slide-contents\"><\/div><\/div><\/div>\t\t\t\t<\/div>\n\t\t\t\t\t\t\t<\/div>\n\t\t\t\t<\/div>\n\t\t\t\t\t\t\t\t<\/div>\n\t\t\t\t<\/div>\n\t\t\t\t<\/div>\n\t\t<div class=\"elementor-element elementor-element-d195dfb e-con-full e-flex e-con e-parent\" data-id=\"d195dfb\" data-element_type=\"container\" data-e-type=\"container\" data-settings=\"{&quot;background_background&quot;:&quot;classic&quot;,&quot;shape_divider_top&quot;:&quot;mountains&quot;,&quot;shape_divider_bottom&quot;:&quot;mountains&quot;}\">\n\t\t\t\t<div class=\"elementor-shape elementor-shape-top\" aria-hidden=\"true\" data-negative=\"false\">\n\t\t\t<svg xmlns=\"http:\/\/www.w3.org\/2000\/svg\" viewBox=\"0 0 1000 100\" preserveAspectRatio=\"none\">\n\t<path class=\"elementor-shape-fill\" opacity=\"0.33\" d=\"M473,67.3c-203.9,88.3-263.1-34-320.3,0C66,119.1,0,59.7,0,59.7V0h1000v59.7 c0,0-62.1,26.1-94.9,29.3c-32.8,3.3-62.8-12.3-75.8-22.1C806,49.6,745.3,8.7,694.9,4.7S492.4,59,473,67.3z\"\/>\n\t<path class=\"elementor-shape-fill\" opacity=\"0.66\" d=\"M734,67.3c-45.5,0-77.2-23.2-129.1-39.1c-28.6-8.7-150.3-10.1-254,39.1 s-91.7-34.4-149.2,0C115.7,118.3,0,39.8,0,39.8V0h1000v36.5c0,0-28.2-18.5-92.1-18.5C810.2,18.1,775.7,67.3,734,67.3z\"\/>\n\t<path class=\"elementor-shape-fill\" d=\"M766.1,28.9c-200-57.5-266,65.5-395.1,19.5C242,1.8,242,5.4,184.8,20.6C128,35.8,132.3,44.9,89.9,52.5C28.6,63.7,0,0,0,0 h1000c0,0-9.9,40.9-83.6,48.1S829.6,47,766.1,28.9z\"\/>\n<\/svg>\t\t<\/div>\n\t\t\t\t<div class=\"elementor-shape elementor-shape-bottom\" aria-hidden=\"true\" data-negative=\"false\">\n\t\t\t<svg xmlns=\"http:\/\/www.w3.org\/2000\/svg\" viewBox=\"0 0 1000 100\" preserveAspectRatio=\"none\">\n\t<path class=\"elementor-shape-fill\" opacity=\"0.33\" d=\"M473,67.3c-203.9,88.3-263.1-34-320.3,0C66,119.1,0,59.7,0,59.7V0h1000v59.7 c0,0-62.1,26.1-94.9,29.3c-32.8,3.3-62.8-12.3-75.8-22.1C806,49.6,745.3,8.7,694.9,4.7S492.4,59,473,67.3z\"\/>\n\t<path class=\"elementor-shape-fill\" opacity=\"0.66\" d=\"M734,67.3c-45.5,0-77.2-23.2-129.1-39.1c-28.6-8.7-150.3-10.1-254,39.1 s-91.7-34.4-149.2,0C115.7,118.3,0,39.8,0,39.8V0h1000v36.5c0,0-28.2-18.5-92.1-18.5C810.2,18.1,775.7,67.3,734,67.3z\"\/>\n\t<path class=\"elementor-shape-fill\" d=\"M766.1,28.9c-200-57.5-266,65.5-395.1,19.5C242,1.8,242,5.4,184.8,20.6C128,35.8,132.3,44.9,89.9,52.5C28.6,63.7,0,0,0,0 h1000c0,0-9.9,40.9-83.6,48.1S829.6,47,766.1,28.9z\"\/>\n<\/svg>\t\t<\/div>\n\t\t\t\t<div class=\"elementor-element elementor-element-e84e51b elementor-widget elementor-widget-text-editor\" data-id=\"e84e51b\" data-element_type=\"widget\" data-e-type=\"widget\" data-widget_type=\"text-editor.default\">\n\t\t\t\t<div class=\"elementor-widget-container\">\n\t\t\t\t\t\t\t\t\t<p>Unsere Vision<\/p>\n<h4>Entdecken Sie ELBA mit Elba Travels<\/h4>\t\t\t\t\t\t\t\t<\/div>\n\t\t\t\t<\/div>\n\t\t\t\t<\/div>\n\t\t<div class=\"elementor-element elementor-element-d86dae7 e-flex e-con-boxed e-con e-parent\" data-id=\"d86dae7\" data-element_type=\"container\" data-e-type=\"container\">\n\t\t\t\t\t<div class=\"e-con-inner\">\n\t\t\t\t<div class=\"elementor-element elementor-element-1c27e6a elementor-widget elementor-widget-text-editor\" data-id=\"1c27e6a\" data-element_type=\"widget\" data-e-type=\"widget\" data-widget_type=\"text-editor.default\">\n\t\t\t\t<div class=\"elementor-widget-container\">\n\t\t\t\t\t\t\t\t\t<p><span style=\"color: var( --e-global-color-text ); font-family: var( --e-global-typography-text-font-family ), Sans-serif; font-weight: var( --e-global-typography-text-font-weight ); text-align: var(--text-align); font-size: 1rem;\">Unter <\/span><strong style=\"color: var( --e-global-color-text ); font-family: var( --e-global-typography-text-font-family ), Sans-serif; text-align: var(--text-align); font-size: 1rem;\">Elba Reisen<\/strong><span style=\"color: var( --e-global-color-text ); font-family: var( --e-global-typography-text-font-family ), Sans-serif; font-weight: var( --e-global-typography-text-font-weight ); text-align: var(--text-align); font-size: 1rem;\">  geht es nur um eines: Ihr ultimatives Urlaubserlebnis auf der gr\u00f6\u00dften und vielseitigsten Insel des Toskanischen Archipels. Seit mehr als 10 Jahren sind wir der Spezialist f\u00fcr Reisen nach Elba, die Abenteuer, Entspannung und Natur zu einem unvergesslichen Urlaub vereinen &#8211; und das zu erstaunlich g\u00fcnstigen Preisen. <\/span><\/p><p>Ob Sie nun aktiven Sport im Freien, Entspannung am Strand oder eine Mischung aus beidem bevorzugen, mit uns haben Sie die Freiheit, Ihren Urlaub ganz nach Ihren W\u00fcnschen zu gestalten. Genie\u00dfen Sie abends die freundliche Atmosph\u00e4re in unserem eigenen Elba Travels Camp, wo unser Reiseleiter und unsere Ausbilder immer f\u00fcr Sie da sind. <\/p><h3><strong>Warum Elba Travels w\u00e4hlen?<\/strong><\/h3><ul><li><strong>Erfahrung, die z\u00e4hlt:<\/strong> Wir organisieren seit vielen Jahren Abenteuerurlaube und Spezialtouren auf Elba. Urspr\u00fcnglich begannen wir mit Schulausfl\u00fcgen und Arbeitswochen, jetzt bieten wir auch Privatreisenden unvergessliche Urlaubserlebnisse. <\/li><li><strong>Erschwinglicher Luxus:<\/strong> Elba ist als teure Insel bekannt, aber wir bieten hochwertige Unterk\u00fcnfte und Aktivit\u00e4ten zu einem wettbewerbsf\u00e4higen Preis.<\/li><li><strong>Freiheit in Ihrem Urlaub:<\/strong> Mit unserer Formel <em>\u201enichts ist obligatorisch, alles ist m\u00f6glich\u201c<\/em> sind Sie frei, Ihren Urlaub so zu gestalten, wie Sie es w\u00fcnschen.<\/li><\/ul><hr><h3><strong>Einzigartiger Aufenthalt im Elba Travels Camp<\/strong><\/h3><p>Auf dem <strong>Camping Croce Del Sud<\/strong> haben wir unser eigenes Camp mit verschiedenen Zelttypen eingerichtet. Von komfortablen Safarizelten mit privaten Terrassen bis hin zu preisg\u00fcnstigen Bungalowzelten und Herbergszelten f\u00fcr Alleinreisende &#8211; es gibt f\u00fcr jeden eine passende Option. <\/p><p><strong>Einrichtungen in unserem Camp:<\/strong><\/p><ul><li>Gemeinsame Terrasse mit einem entspannenden Loungebereich und H\u00e4ngematten<\/li><li>Gro\u00dfe Gemeinschaftsk\u00fcche<\/li><li>Internationale Atmosph\u00e4re mit G\u00e4sten aus der ganzen Welt<\/li><\/ul><hr><h3><strong>Aktivit\u00e4ten: W\u00e4hlen Sie Ihr Abenteuer<\/strong><\/h3><p>Ob Sie Adrenalin oder Ruhe suchen, bei <strong>Elba Travels<\/strong> bestimmen Sie Ihr Tempo. W\u00e4hlen Sie aus einem breiten Angebot an Wasser- und Outdoor-Sportaktivit\u00e4ten, wie Kajakfahren, Schnorcheln und Bergwandern. Melden Sie sich an der Rezeption an und erleben Sie die Vielseitigkeit von Elba &#8211; aber seien Sie schnell, denn voll=voll!  <\/p><p><strong>Sind die Aktivit\u00e4ten obligatorisch?<\/strong>  Ganz bestimmt nicht! Es ist Ihr Urlaub, also entscheiden Sie, woran Sie teilnehmen. <\/p><hr><h3><strong>Gem\u00fctlichkeit und gutes Essen<\/strong><\/h3><p>In der Hochsaison bieten wir regelm\u00e4\u00dfig k\u00f6stliche, ansprechende Mahlzeiten an. Von einem italienischen Abend mit Pizza und Pasta bis hin zu den Spezialit\u00e4ten des K\u00fcchenchefs: essen Sie sch\u00f6n zu Abend. Lust auf einen Drink? Unsere Bar ist immer f\u00fcr ein erfrischendes Getr\u00e4nk oder einen kleinen Snack ge\u00f6ffnet.   <\/p><hr><h3><strong>Unsere Crew: Ihre Urlaubsexperten<\/strong><\/h3><p>Die Reiseleiter und Ausbilder von Elba Travels sind nicht nur Experten f\u00fcr Wasser- und Outdoor-Sportarten, sondern auch gesellig und umg\u00e4nglich. Sie sorgen f\u00fcr eine sichere und freundliche Atmosph\u00e4re sowohl w\u00e4hrend der Aktivit\u00e4ten als auch im Camp. <\/p><hr><h3><strong>W\u00e4hlen Sie Freiheit und Abenteuer mit Elba Travels<\/strong><\/h3><p>Bei <strong>Elba Travels<\/strong> buchen Sie nicht nur einen Urlaub, sondern ein komplettes Erlebnis. Genie\u00dfen Sie die perfekte Balance zwischen Abenteuer, Entspannung und Geselligkeit. M\u00f6chten Sie einen Urlaub, bei dem <em>Sie<\/em> entscheiden, wie Ihr Tag aussieht? <strong>Elba Travels<\/strong> macht es m\u00f6glich.  <\/p><p>Entdecken Sie noch heute Ihr n\u00e4chstes Abenteuer auf Elba!<\/p>\t\t\t\t\t\t\t\t<\/div>\n\t\t\t\t<\/div>\n\t\t\t\t\t<\/div>\n\t\t\t\t<\/div>\n\t\t<div class=\"elementor-element elementor-element-7bbb1fa e-con-full e-flex e-con e-parent\" data-id=\"7bbb1fa\" data-element_type=\"container\" data-e-type=\"container\" data-settings=\"{&quot;background_background&quot;:&quot;classic&quot;,&quot;shape_divider_top&quot;:&quot;mountains&quot;,&quot;shape_divider_bottom&quot;:&quot;mountains&quot;}\">\n\t\t\t\t<div class=\"elementor-shape elementor-shape-top\" aria-hidden=\"true\" data-negative=\"false\">\n\t\t\t<svg xmlns=\"http:\/\/www.w3.org\/2000\/svg\" viewBox=\"0 0 1000 100\" preserveAspectRatio=\"none\">\n\t<path class=\"elementor-shape-fill\" opacity=\"0.33\" d=\"M473,67.3c-203.9,88.3-263.1-34-320.3,0C66,119.1,0,59.7,0,59.7V0h1000v59.7 c0,0-62.1,26.1-94.9,29.3c-32.8,3.3-62.8-12.3-75.8-22.1C806,49.6,745.3,8.7,694.9,4.7S492.4,59,473,67.3z\"\/>\n\t<path class=\"elementor-shape-fill\" opacity=\"0.66\" d=\"M734,67.3c-45.5,0-77.2-23.2-129.1-39.1c-28.6-8.7-150.3-10.1-254,39.1 s-91.7-34.4-149.2,0C115.7,118.3,0,39.8,0,39.8V0h1000v36.5c0,0-28.2-18.5-92.1-18.5C810.2,18.1,775.7,67.3,734,67.3z\"\/>\n\t<path class=\"elementor-shape-fill\" d=\"M766.1,28.9c-200-57.5-266,65.5-395.1,19.5C242,1.8,242,5.4,184.8,20.6C128,35.8,132.3,44.9,89.9,52.5C28.6,63.7,0,0,0,0 h1000c0,0-9.9,40.9-83.6,48.1S829.6,47,766.1,28.9z\"\/>\n<\/svg>\t\t<\/div>\n\t\t\t\t<div class=\"elementor-shape elementor-shape-bottom\" aria-hidden=\"true\" data-negative=\"false\">\n\t\t\t<svg xmlns=\"http:\/\/www.w3.org\/2000\/svg\" viewBox=\"0 0 1000 100\" preserveAspectRatio=\"none\">\n\t<path class=\"elementor-shape-fill\" opacity=\"0.33\" d=\"M473,67.3c-203.9,88.3-263.1-34-320.3,0C66,119.1,0,59.7,0,59.7V0h1000v59.7 c0,0-62.1,26.1-94.9,29.3c-32.8,3.3-62.8-12.3-75.8-22.1C806,49.6,745.3,8.7,694.9,4.7S492.4,59,473,67.3z\"\/>\n\t<path class=\"elementor-shape-fill\" opacity=\"0.66\" d=\"M734,67.3c-45.5,0-77.2-23.2-129.1-39.1c-28.6-8.7-150.3-10.1-254,39.1 s-91.7-34.4-149.2,0C115.7,118.3,0,39.8,0,39.8V0h1000v36.5c0,0-28.2-18.5-92.1-18.5C810.2,18.1,775.7,67.3,734,67.3z\"\/>\n\t<path class=\"elementor-shape-fill\" d=\"M766.1,28.9c-200-57.5-266,65.5-395.1,19.5C242,1.8,242,5.4,184.8,20.6C128,35.8,132.3,44.9,89.9,52.5C28.6,63.7,0,0,0,0 h1000c0,0-9.9,40.9-83.6,48.1S829.6,47,766.1,28.9z\"\/>\n<\/svg>\t\t<\/div>\n\t\t\t\t<div class=\"elementor-element elementor-element-089494f elementor-widget elementor-widget-text-editor\" data-id=\"089494f\" data-element_type=\"widget\" data-e-type=\"widget\" data-widget_type=\"text-editor.default\">\n\t\t\t\t<div class=\"elementor-widget-container\">\n\t\t\t\t\t\t\t\t\t<p>Unsere Vision<\/p>\n<h4>Entdecken Sie ELBA mit Elba Travels<\/h4>\t\t\t\t\t\t\t\t<\/div>\n\t\t\t\t<\/div>\n\t\t\t\t<\/div>\n\t\t\t\t<\/div>\n\t\t","protected":false},"excerpt":{"rendered":"<p>Unsere Vision Entdecken Sie ELBA mit Elba Travels Unter Elba Reisen geht es nur um eines: Ihr ultimatives Urlaubserlebnis auf der gr\u00f6\u00dften und vielseitigsten Insel des Toskanischen Archipels. Seit mehr als 10 Jahren sind wir der Spezialist f\u00fcr Reisen nach Elba, die Abenteuer, Entspannung und Natur zu einem unvergesslichen Urlaub vereinen &#8211; und das zu [&hellip;]<\/p>\n","protected":false},"author":1,"featured_media":0,"parent":0,"menu_order":0,"comment_status":"closed","ping_status":"closed","template":"","meta":{"footnotes":""},"class_list":["post-2379","page","type-page","status-publish","hentry"],"yoast_head":"<!-- This site is optimized with the Yoast SEO plugin v25.3 - https:\/\/yoast.com\/wordpress\/plugins\/seo\/ -->\n<title>Unsere Vision -<\/title>\n<meta name=\"robots\" content=\"index, follow, max-snippet:-1, max-image-preview:large, max-video-preview:-1\" \/>\n<link rel=\"canonical\" href=\"https:\/\/elba-travels.com\/de\/unsere-vision\/\" \/>\n<meta property=\"og:locale\" content=\"de_DE\" \/>\n<meta property=\"og:type\" content=\"article\" \/>\n<meta property=\"og:title\" content=\"Unsere Vision -\" \/>\n<meta property=\"og:description\" content=\"Unsere Vision Entdecken Sie ELBA mit Elba Travels Unter Elba Reisen geht es nur um eines: Ihr ultimatives Urlaubserlebnis auf der gr\u00f6\u00dften und vielseitigsten Insel des Toskanischen Archipels. Seit mehr als 10 Jahren sind wir der Spezialist f\u00fcr Reisen nach Elba, die Abenteuer, Entspannung und Natur zu einem unvergesslichen Urlaub vereinen &#8211; und das zu [&hellip;]\" \/>\n<meta property=\"og:url\" content=\"https:\/\/elba-travels.com\/de\/unsere-vision\/\" \/>\n<meta property=\"article:publisher\" content=\"https:\/\/www.facebook.com\/elbatravels\" \/>\n<meta property=\"article:modified_time\" content=\"2025-06-12T17:33:44+00:00\" \/>\n<meta name=\"twitter:card\" content=\"summary_large_image\" \/>\n<meta name=\"twitter:label1\" content=\"Gesch\u00e4tzte Lesezeit\" \/>\n\t<meta name=\"twitter:data1\" content=\"3\u00a0Minuten\" \/>\n<script type=\"application\/ld+json\" class=\"yoast-schema-graph\">{\"@context\":\"https:\/\/schema.org\",\"@graph\":[{\"@type\":\"WebPage\",\"@id\":\"https:\/\/elba-travels.com\/de\/unsere-vision\/\",\"url\":\"https:\/\/elba-travels.com\/de\/unsere-vision\/\",\"name\":\"Unsere Vision -\",\"isPartOf\":{\"@id\":\"https:\/\/elba-travels.com\/de\/#website\"},\"datePublished\":\"2024-11-16T19:11:38+00:00\",\"dateModified\":\"2025-06-12T17:33:44+00:00\",\"breadcrumb\":{\"@id\":\"https:\/\/elba-travels.com\/de\/unsere-vision\/#breadcrumb\"},\"inLanguage\":\"de\",\"potentialAction\":[{\"@type\":\"ReadAction\",\"target\":[\"https:\/\/elba-travels.com\/de\/unsere-vision\/\"]}]},{\"@type\":\"BreadcrumbList\",\"@id\":\"https:\/\/elba-travels.com\/de\/unsere-vision\/#breadcrumb\",\"itemListElement\":[{\"@type\":\"ListItem\",\"position\":1,\"name\":\"Home\",\"item\":\"https:\/\/elba-travels.com\/de\/hauptseite\/\"},{\"@type\":\"ListItem\",\"position\":2,\"name\":\"Unsere Vision\"}]},{\"@type\":\"WebSite\",\"@id\":\"https:\/\/elba-travels.com\/de\/#website\",\"url\":\"https:\/\/elba-travels.com\/de\/\",\"name\":\"Elba Travels\",\"description\":\"\",\"publisher\":{\"@id\":\"https:\/\/elba-travels.com\/de\/#organization\"},\"potentialAction\":[{\"@type\":\"SearchAction\",\"target\":{\"@type\":\"EntryPoint\",\"urlTemplate\":\"https:\/\/elba-travels.com\/de\/?s={search_term_string}\"},\"query-input\":{\"@type\":\"PropertyValueSpecification\",\"valueRequired\":true,\"valueName\":\"search_term_string\"}}],\"inLanguage\":\"de\"},{\"@type\":\"Organization\",\"@id\":\"https:\/\/elba-travels.com\/de\/#organization\",\"name\":\"Elba Travels\",\"url\":\"https:\/\/elba-travels.com\/de\/\",\"logo\":{\"@type\":\"ImageObject\",\"inLanguage\":\"de\",\"@id\":\"https:\/\/elba-travels.com\/de\/#\/schema\/logo\/image\/\",\"url\":\"https:\/\/elba-travels.com\/wp-content\/uploads\/2024\/11\/Elbatravels_logo_groot.png\",\"contentUrl\":\"https:\/\/elba-travels.com\/wp-content\/uploads\/2024\/11\/Elbatravels_logo_groot.png\",\"width\":2245,\"height\":349,\"caption\":\"Elba Travels\"},\"image\":{\"@id\":\"https:\/\/elba-travels.com\/de\/#\/schema\/logo\/image\/\"},\"sameAs\":[\"https:\/\/www.facebook.com\/elbatravels\",\"https:\/\/www.instagram.com\/elbatravels\/\"]}]}<\/script>\n<!-- \/ Yoast SEO plugin. -->","yoast_head_json":{"title":"Unsere Vision -","robots":{"index":"index","follow":"follow","max-snippet":"max-snippet:-1","max-image-preview":"max-image-preview:large","max-video-preview":"max-video-preview:-1"},"canonical":"https:\/\/elba-travels.com\/de\/unsere-vision\/","og_locale":"de_DE","og_type":"article","og_title":"Unsere Vision -","og_description":"Unsere Vision Entdecken Sie ELBA mit Elba Travels Unter Elba Reisen geht es nur um eines: Ihr ultimatives Urlaubserlebnis auf der gr\u00f6\u00dften und vielseitigsten Insel des Toskanischen Archipels. Seit mehr als 10 Jahren sind wir der Spezialist f\u00fcr Reisen nach Elba, die Abenteuer, Entspannung und Natur zu einem unvergesslichen Urlaub vereinen &#8211; und das zu [&hellip;]","og_url":"https:\/\/elba-travels.com\/de\/unsere-vision\/","article_publisher":"https:\/\/www.facebook.com\/elbatravels","article_modified_time":"2025-06-12T17:33:44+00:00","twitter_card":"summary_large_image","twitter_misc":{"Gesch\u00e4tzte Lesezeit":"3\u00a0Minuten"},"schema":{"@context":"https:\/\/schema.org","@graph":[{"@type":"WebPage","@id":"https:\/\/elba-travels.com\/de\/unsere-vision\/","url":"https:\/\/elba-travels.com\/de\/unsere-vision\/","name":"Unsere Vision -","isPartOf":{"@id":"https:\/\/elba-travels.com\/de\/#website"},"datePublished":"2024-11-16T19:11:38+00:00","dateModified":"2025-06-12T17:33:44+00:00","breadcrumb":{"@id":"https:\/\/elba-travels.com\/de\/unsere-vision\/#breadcrumb"},"inLanguage":"de","potentialAction":[{"@type":"ReadAction","target":["https:\/\/elba-travels.com\/de\/unsere-vision\/"]}]},{"@type":"BreadcrumbList","@id":"https:\/\/elba-travels.com\/de\/unsere-vision\/#breadcrumb","itemListElement":[{"@type":"ListItem","position":1,"name":"Home","item":"https:\/\/elba-travels.com\/de\/hauptseite\/"},{"@type":"ListItem","position":2,"name":"Unsere Vision"}]},{"@type":"WebSite","@id":"https:\/\/elba-travels.com\/de\/#website","url":"https:\/\/elba-travels.com\/de\/","name":"Elba Travels","description":"","publisher":{"@id":"https:\/\/elba-travels.com\/de\/#organization"},"potentialAction":[{"@type":"SearchAction","target":{"@type":"EntryPoint","urlTemplate":"https:\/\/elba-travels.com\/de\/?s={search_term_string}"},"query-input":{"@type":"PropertyValueSpecification","valueRequired":true,"valueName":"search_term_string"}}],"inLanguage":"de"},{"@type":"Organization","@id":"https:\/\/elba-travels.com\/de\/#organization","name":"Elba Travels","url":"https:\/\/elba-travels.com\/de\/","logo":{"@type":"ImageObject","inLanguage":"de","@id":"https:\/\/elba-travels.com\/de\/#\/schema\/logo\/image\/","url":"https:\/\/elba-travels.com\/wp-content\/uploads\/2024\/11\/Elbatravels_logo_groot.png","contentUrl":"https:\/\/elba-travels.com\/wp-content\/uploads\/2024\/11\/Elbatravels_logo_groot.png","width":2245,"height":349,"caption":"Elba Travels"},"image":{"@id":"https:\/\/elba-travels.com\/de\/#\/schema\/logo\/image\/"},"sameAs":["https:\/\/www.facebook.com\/elbatravels","https:\/\/www.instagram.com\/elbatravels\/"]}]}},"_links":{"self":[{"href":"https:\/\/elba-travels.com\/de\/wp-json\/wp\/v2\/pages\/2379","targetHints":{"allow":["GET"]}}],"collection":[{"href":"https:\/\/elba-travels.com\/de\/wp-json\/wp\/v2\/pages"}],"about":[{"href":"https:\/\/elba-travels.com\/de\/wp-json\/wp\/v2\/types\/page"}],"author":[{"embeddable":true,"href":"https:\/\/elba-travels.com\/de\/wp-json\/wp\/v2\/users\/1"}],"replies":[{"embeddable":true,"href":"https:\/\/elba-travels.com\/de\/wp-json\/wp\/v2\/comments?post=2379"}],"version-history":[{"count":1,"href":"https:\/\/elba-travels.com\/de\/wp-json\/wp\/v2\/pages\/2379\/revisions"}],"predecessor-version":[{"id":2380,"href":"https:\/\/elba-travels.com\/de\/wp-json\/wp\/v2\/pages\/2379\/revisions\/2380"}],"wp:attachment":[{"href":"https:\/\/elba-travels.com\/de\/wp-json\/wp\/v2\/media?parent=2379"}],"curies":[{"name":"wp","href":"https:\/\/api.w.org\/{rel}","templated":true}]}}