{"id":2339,"date":"2024-11-14T15:46:46","date_gmt":"2024-11-14T15:46:46","guid":{"rendered":"https:\/\/elba-travels.com\/basis-zelte\/"},"modified":"2025-06-12T17:05:42","modified_gmt":"2025-06-12T17:05:42","slug":"basis-zelte","status":"publish","type":"page","link":"https:\/\/elba-travels.com\/de\/basis-zelte\/","title":{"rendered":"Basis Zelte"},"content":{"rendered":"\t\t<div data-elementor-type=\"wp-page\" data-elementor-id=\"2339\" class=\"elementor elementor-2339 elementor-298\" data-elementor-post-type=\"page\">\n\t\t\t\t<div class=\"elementor-element elementor-element-eecf7de e-con-full e-flex e-con e-parent\" data-id=\"eecf7de\" data-element_type=\"container\" data-e-type=\"container\">\n\t\t\t\t<div class=\"elementor-element elementor-element-46481e4 elementor--h-position-center elementor--v-position-middle elementor-arrows-position-inside elementor-pagination-position-inside elementor-widget elementor-widget-slides\" data-id=\"46481e4\" data-element_type=\"widget\" data-e-type=\"widget\" data-settings=\"{&quot;navigation&quot;:&quot;both&quot;,&quot;autoplay&quot;:&quot;yes&quot;,&quot;pause_on_hover&quot;:&quot;yes&quot;,&quot;pause_on_interaction&quot;:&quot;yes&quot;,&quot;autoplay_speed&quot;:5000,&quot;infinite&quot;:&quot;yes&quot;,&quot;transition&quot;:&quot;slide&quot;,&quot;transition_speed&quot;:500}\" data-widget_type=\"slides.default\">\n\t\t\t\t<div class=\"elementor-widget-container\">\n\t\t\t\t\t\t\t\t\t<div class=\"elementor-swiper\">\n\t\t\t\t\t<div class=\"elementor-slides-wrapper elementor-main-swiper swiper\" role=\"region\" aria-roledescription=\"carousel\" aria-label=\"Slides\" dir=\"ltr\" data-animation=\"fadeInUp\">\n\t\t\t\t<div class=\"swiper-wrapper elementor-slides\">\n\t\t\t\t\t\t\t\t\t\t<div class=\"elementor-repeater-item-69b4f37 swiper-slide\" role=\"group\" aria-roledescription=\"slide\"><div class=\"swiper-slide-bg elementor-ken-burns elementor-ken-burns--in\" role=\"img\" aria-label=\"Santa Lucia 2\"><\/div><div class=\"swiper-slide-inner\" ><div class=\"swiper-slide-contents\"><\/div><\/div><\/div>\t\t\t\t<\/div>\n\t\t\t\t\t\t\t<\/div>\n\t\t\t\t<\/div>\n\t\t\t\t\t\t\t\t<\/div>\n\t\t\t\t<\/div>\n\t\t\t\t<\/div>\n\t\t<div class=\"elementor-element elementor-element-361eb46 e-con-full e-flex e-con e-parent\" data-id=\"361eb46\" data-element_type=\"container\" data-e-type=\"container\" data-settings=\"{&quot;background_background&quot;:&quot;classic&quot;,&quot;shape_divider_top&quot;:&quot;mountains&quot;,&quot;shape_divider_bottom&quot;:&quot;mountains&quot;}\">\n\t\t\t\t<div class=\"elementor-shape elementor-shape-top\" aria-hidden=\"true\" data-negative=\"false\">\n\t\t\t<svg xmlns=\"http:\/\/www.w3.org\/2000\/svg\" viewBox=\"0 0 1000 100\" preserveAspectRatio=\"none\">\n\t<path class=\"elementor-shape-fill\" opacity=\"0.33\" d=\"M473,67.3c-203.9,88.3-263.1-34-320.3,0C66,119.1,0,59.7,0,59.7V0h1000v59.7 c0,0-62.1,26.1-94.9,29.3c-32.8,3.3-62.8-12.3-75.8-22.1C806,49.6,745.3,8.7,694.9,4.7S492.4,59,473,67.3z\"\/>\n\t<path class=\"elementor-shape-fill\" opacity=\"0.66\" d=\"M734,67.3c-45.5,0-77.2-23.2-129.1-39.1c-28.6-8.7-150.3-10.1-254,39.1 s-91.7-34.4-149.2,0C115.7,118.3,0,39.8,0,39.8V0h1000v36.5c0,0-28.2-18.5-92.1-18.5C810.2,18.1,775.7,67.3,734,67.3z\"\/>\n\t<path class=\"elementor-shape-fill\" d=\"M766.1,28.9c-200-57.5-266,65.5-395.1,19.5C242,1.8,242,5.4,184.8,20.6C128,35.8,132.3,44.9,89.9,52.5C28.6,63.7,0,0,0,0 h1000c0,0-9.9,40.9-83.6,48.1S829.6,47,766.1,28.9z\"\/>\n<\/svg>\t\t<\/div>\n\t\t\t\t<div class=\"elementor-shape elementor-shape-bottom\" aria-hidden=\"true\" data-negative=\"false\">\n\t\t\t<svg xmlns=\"http:\/\/www.w3.org\/2000\/svg\" viewBox=\"0 0 1000 100\" preserveAspectRatio=\"none\">\n\t<path class=\"elementor-shape-fill\" opacity=\"0.33\" d=\"M473,67.3c-203.9,88.3-263.1-34-320.3,0C66,119.1,0,59.7,0,59.7V0h1000v59.7 c0,0-62.1,26.1-94.9,29.3c-32.8,3.3-62.8-12.3-75.8-22.1C806,49.6,745.3,8.7,694.9,4.7S492.4,59,473,67.3z\"\/>\n\t<path class=\"elementor-shape-fill\" opacity=\"0.66\" d=\"M734,67.3c-45.5,0-77.2-23.2-129.1-39.1c-28.6-8.7-150.3-10.1-254,39.1 s-91.7-34.4-149.2,0C115.7,118.3,0,39.8,0,39.8V0h1000v36.5c0,0-28.2-18.5-92.1-18.5C810.2,18.1,775.7,67.3,734,67.3z\"\/>\n\t<path class=\"elementor-shape-fill\" d=\"M766.1,28.9c-200-57.5-266,65.5-395.1,19.5C242,1.8,242,5.4,184.8,20.6C128,35.8,132.3,44.9,89.9,52.5C28.6,63.7,0,0,0,0 h1000c0,0-9.9,40.9-83.6,48.1S829.6,47,766.1,28.9z\"\/>\n<\/svg>\t\t<\/div>\n\t\t\t\t<div class=\"elementor-element elementor-element-1c370a6 elementor-widget elementor-widget-text-editor\" data-id=\"1c370a6\" data-element_type=\"widget\" data-e-type=\"widget\" data-widget_type=\"text-editor.default\">\n\t\t\t\t<div class=\"elementor-widget-container\">\n\t\t\t\t\t\t\t\t\t<p>Basis Zelte<\/p>\n<h4>siehe unser Angebot unten<\/h4>\t\t\t\t\t\t\t\t<\/div>\n\t\t\t\t<\/div>\n\t\t\t\t<\/div>\n\t\t<div class=\"elementor-element elementor-element-51ef80c e-con-full e-flex e-con e-parent\" data-id=\"51ef80c\" data-element_type=\"container\" data-e-type=\"container\">\n\t\t\t\t<div class=\"elementor-element elementor-element-b16b0b2 elementor-widget elementor-widget-text-editor\" data-id=\"b16b0b2\" data-element_type=\"widget\" data-e-type=\"widget\" data-widget_type=\"text-editor.default\">\n\t\t\t\t<div class=\"elementor-widget-container\">\n\t\t\t\t\t\t\t\t\t<p><strong style=\"color: var( --e-global-color-text ); font-family: var( --e-global-typography-text-font-family ), Sans-serif; text-align: var(--text-align); font-size: 1rem;\">Erleben Sie den Luxus des Glamping im Camp von Elba Travels<\/strong><\/p>\n<p><b>Verschiedene Schlafm\u00f6glichkeiten<\/b><br><span style=\"color: var( --e-global-color-text ); font-family: var( --e-global-typography-text-font-family ), Sans-serif; font-size: 1rem; text-align: var(--text-align);\">\u00dcbernachten Sie in einem unserer komfortablen privaten Basiszelte. Die Zelte haben Einzel-, Doppel- oder Etagenbetten und k\u00f6nnen 1, 2, 3 oder 4 Personen beherbergen. Es gibt Platz f\u00fcr Ihr Gep\u00e4ck und alle Zelte sind mit Licht und Strom ausgestattet.  &nbsp;<\/span><\/p>\n<p><b style=\"color: var( --e-global-color-text ); font-family: var( --e-global-typography-text-font-family ), Sans-serif; font-size: 1rem; text-align: var(--text-align);\">Vollst\u00e4ndig ausgestattete K\u00fcche<br><\/b><span style=\"color: var( --e-global-color-text ); font-family: var( --e-global-typography-text-font-family ), Sans-serif; font-weight: var( --e-global-typography-text-font-weight ); text-align: var(--text-align); font-size: 1rem;\">Genie\u00dfen Sie den Komfort einer gro\u00dfen Gemeinschaftsk\u00fcche, die mit allem ausgestattet ist, was Sie brauchen, einschlie\u00dflich eines K\u00fchlschranks, in dem Ihre Speisen und Getr\u00e4nke frisch bleiben.&nbsp;<\/span><span style=\"color: var( --e-global-color-text ); font-family: var( --e-global-typography-text-font-family ), Sans-serif; font-weight: var( --e-global-typography-text-font-weight ); text-align: var(--text-align); font-size: 1rem;\">Kochen Sie Ihre Lieblingsgerichte, w\u00e4hrend Sie die Natur auf Elba genie\u00dfen.&nbsp;<\/span><span style=\"color: var( --e-global-color-text ); font-family: var( --e-global-typography-text-font-family ), Sans-serif; font-weight: var( --e-global-typography-text-font-weight ); text-align: var(--text-align); font-size: 1rem;\">Sie haben keine Lust, f\u00fcr sich selbst zu kochen? Kein Problem! Auf dem Campingplatz k\u00f6nnen Sie jeden Morgen frisches Brot aus dem Laden holen, und in der N\u00e4he gibt es mehrere Restaurants, in denen Sie k\u00f6stliche lokale Gerichte genie\u00dfen k\u00f6nnen. Sie entscheiden also selbst, wie Sie sich w\u00e4hrend Ihres Aufenthalts verpflegen m\u00f6chten.   <\/span><\/p>\n<p><b style=\"color: var( --e-global-color-text ); font-family: var( --e-global-typography-text-font-family ), Sans-serif; font-size: 1rem; text-align: var(--text-align);\">Sanit\u00e4re Einrichtungen in kurzer Entfernung<br><\/b><span style=\"color: var( --e-global-color-text ); font-family: var( --e-global-typography-text-font-family ), Sans-serif; font-size: 1rem; font-weight: var( --e-global-typography-text-font-weight ); text-align: var(--text-align);\">Das Sanit\u00e4rgeb\u00e4ude ist nur wenige Gehminuten von den Zelten entfernt und bietet kostenloses warmes Wasser, separate Toiletten und Duschen f\u00fcr M\u00e4nner und Frauen. Es gibt auch praktische Duschen im Freien, einen Waschbereich und Waschmaschinen f\u00fcr zus\u00e4tzlichen Komfort. <\/span><\/p>\n<p><span style=\"font-weight: bold;\">Gro\u00dfe gemeinsame Terrasse, Zelt und Loungebereich<br><\/span><span style=\"color: var( --e-global-color-text ); font-family: var( --e-global-typography-text-font-family ), Sans-serif; font-weight: var( --e-global-typography-text-font-weight ); text-align: var(--text-align); font-size: 1rem;\">Das Camp bietet umfangreiche Gemeinschaftseinrichtungen, die f\u00fcr eine lebendige und gesellige Atmosph\u00e4re sorgen. Die gro\u00dfe Terrasse ist der zentrale Treffpunkt, ausgestattet mit bequemen Sofas und einer gem\u00fctlichen Lounge, wo Sie sich entspannen, ein Buch lesen oder einen Drink genie\u00dfen k\u00f6nnen, w\u00e4hrend Sie die anderen G\u00e4ste kennenlernen. Die Schaukel und die H\u00e4ngematten sind eine lustige Erg\u00e4nzung, die von Kindern und Erwachsenen gleicherma\u00dfen geliebt wird!  <\/span><span style=\"font-weight: bold;\"><br><\/span><\/p>\n<p>F\u00fcr Kochbegeisterte gibt es ein ger\u00e4umiges gemeinsames Kochzelt. Es verf\u00fcgt \u00fcber eine sch\u00f6ne Terrasse mit Tischen und B\u00e4nken, die zum gemeinsamen Essen und zum Austausch mit anderen Campern einl\u00e4dt. Es ist nicht nur ein Ort zum Essen, sondern auch zum Austausch von Geschichten \u00fcber die sch\u00f6nsten Str\u00e4nde Elbas, Wanderrouten und die Aktivit\u00e4ten des Tages.  <br><span style=\"color: var( --e-global-color-text ); font-family: var( --e-global-typography-text-font-family ), Sans-serif; font-weight: var( --e-global-typography-text-font-weight ); text-align: var(--text-align); font-size: 1rem;\">Am Abend verwandelt sich dieser Gemeinschaftsbereich in einen stimmungsvollen Treffpunkt. Denken Sie an gem\u00fctliche Gespr\u00e4che unter dem Sternenhimmel, spontane Kartenspiele oder eines unserer vielen anderen Spiele, oder organisieren Sie vielleicht ein gemeinsames Grillfest. F\u00fcr Kinder bietet die Terrasse gen\u00fcgend Platz, um sicher zu spielen, w\u00e4hrend die Eltern in der Lounge entspannen.  <\/span><\/p>\n<p><strong>Glamping auf Elba: Luxus und Abenteuer kombiniert<\/strong><br>W\u00e4hlen Sie ein unvergessliches Glamping-Erlebnis in den luxuri\u00f6sen Safarizelten von Elba Travels. Buchen Sie jetzt und erleben Sie das Beste aus Natur, Komfort und Abenteuer auf der wundersch\u00f6nen Insel Elba. <\/p>\t\t\t\t\t\t\t\t<\/div>\n\t\t\t\t<\/div>\n\t\t\t\t<\/div>\n\t\t<div class=\"elementor-element elementor-element-e81dd1f e-flex e-con-boxed e-con e-parent\" data-id=\"e81dd1f\" data-element_type=\"container\" data-e-type=\"container\">\n\t\t\t\t\t<div class=\"e-con-inner\">\n\t\t\t\t<div class=\"elementor-element elementor-element-68e7ed6 elementor-align-justify elementor-widget elementor-widget-button\" data-id=\"68e7ed6\" data-element_type=\"widget\" data-e-type=\"widget\" data-widget_type=\"button.default\">\n\t\t\t\t<div class=\"elementor-widget-container\">\n\t\t\t\t\t\t\t\t\t<div class=\"elementor-button-wrapper\">\n\t\t\t\t\t<a class=\"elementor-button elementor-button-link elementor-size-sm elementor-animation-grow\" href=\"https:\/\/elbatravels.bookinglayer.com\/nl\">\n\t\t\t\t\t\t<span class=\"elementor-button-content-wrapper\">\n\t\t\t\t\t\t\t\t\t<span class=\"elementor-button-text\">Jetzt buchen<\/span>\n\t\t\t\t\t<\/span>\n\t\t\t\t\t<\/a>\n\t\t\t\t<\/div>\n\t\t\t\t\t\t\t\t<\/div>\n\t\t\t\t<\/div>\n\t\t\t\t\t<\/div>\n\t\t\t\t<\/div>\n\t\t<div class=\"elementor-element elementor-element-12e4a9e e-con-full e-flex e-con e-parent\" data-id=\"12e4a9e\" data-element_type=\"container\" data-e-type=\"container\">\n\t\t\t\t<div class=\"elementor-element elementor-element-5c07c07 elementor-widget elementor-widget-html\" data-id=\"5c07c07\" data-element_type=\"widget\" data-e-type=\"widget\" data-widget_type=\"html.default\">\n\t\t\t\t<div class=\"elementor-widget-container\">\n\t\t\t\t\t<iframe src=\"https:\/\/elbatravels.bookinglayer.com\/nl\/product\/basistent%20\" width=\"100%\" height=\"800\" style=\"border:none;\"><\/iframe>\t\t\t\t<\/div>\n\t\t\t\t<\/div>\n\t\t\t\t<\/div>\n\t\t<div class=\"elementor-element elementor-element-82cf1d5 e-con-full e-flex e-con e-parent\" data-id=\"82cf1d5\" data-element_type=\"container\" data-e-type=\"container\" data-settings=\"{&quot;background_background&quot;:&quot;classic&quot;,&quot;shape_divider_top&quot;:&quot;mountains&quot;,&quot;shape_divider_bottom&quot;:&quot;mountains&quot;}\">\n\t\t\t\t<div class=\"elementor-shape elementor-shape-top\" aria-hidden=\"true\" data-negative=\"false\">\n\t\t\t<svg xmlns=\"http:\/\/www.w3.org\/2000\/svg\" viewBox=\"0 0 1000 100\" preserveAspectRatio=\"none\">\n\t<path class=\"elementor-shape-fill\" opacity=\"0.33\" d=\"M473,67.3c-203.9,88.3-263.1-34-320.3,0C66,119.1,0,59.7,0,59.7V0h1000v59.7 c0,0-62.1,26.1-94.9,29.3c-32.8,3.3-62.8-12.3-75.8-22.1C806,49.6,745.3,8.7,694.9,4.7S492.4,59,473,67.3z\"\/>\n\t<path class=\"elementor-shape-fill\" opacity=\"0.66\" d=\"M734,67.3c-45.5,0-77.2-23.2-129.1-39.1c-28.6-8.7-150.3-10.1-254,39.1 s-91.7-34.4-149.2,0C115.7,118.3,0,39.8,0,39.8V0h1000v36.5c0,0-28.2-18.5-92.1-18.5C810.2,18.1,775.7,67.3,734,67.3z\"\/>\n\t<path class=\"elementor-shape-fill\" d=\"M766.1,28.9c-200-57.5-266,65.5-395.1,19.5C242,1.8,242,5.4,184.8,20.6C128,35.8,132.3,44.9,89.9,52.5C28.6,63.7,0,0,0,0 h1000c0,0-9.9,40.9-83.6,48.1S829.6,47,766.1,28.9z\"\/>\n<\/svg>\t\t<\/div>\n\t\t\t\t<div class=\"elementor-shape elementor-shape-bottom\" aria-hidden=\"true\" data-negative=\"false\">\n\t\t\t<svg xmlns=\"http:\/\/www.w3.org\/2000\/svg\" viewBox=\"0 0 1000 100\" preserveAspectRatio=\"none\">\n\t<path class=\"elementor-shape-fill\" opacity=\"0.33\" d=\"M473,67.3c-203.9,88.3-263.1-34-320.3,0C66,119.1,0,59.7,0,59.7V0h1000v59.7 c0,0-62.1,26.1-94.9,29.3c-32.8,3.3-62.8-12.3-75.8-22.1C806,49.6,745.3,8.7,694.9,4.7S492.4,59,473,67.3z\"\/>\n\t<path class=\"elementor-shape-fill\" opacity=\"0.66\" d=\"M734,67.3c-45.5,0-77.2-23.2-129.1-39.1c-28.6-8.7-150.3-10.1-254,39.1 s-91.7-34.4-149.2,0C115.7,118.3,0,39.8,0,39.8V0h1000v36.5c0,0-28.2-18.5-92.1-18.5C810.2,18.1,775.7,67.3,734,67.3z\"\/>\n\t<path class=\"elementor-shape-fill\" d=\"M766.1,28.9c-200-57.5-266,65.5-395.1,19.5C242,1.8,242,5.4,184.8,20.6C128,35.8,132.3,44.9,89.9,52.5C28.6,63.7,0,0,0,0 h1000c0,0-9.9,40.9-83.6,48.1S829.6,47,766.1,28.9z\"\/>\n<\/svg>\t\t<\/div>\n\t\t\t\t<div class=\"elementor-element elementor-element-39551c8 elementor-widget elementor-widget-text-editor\" data-id=\"39551c8\" data-element_type=\"widget\" data-e-type=\"widget\" data-widget_type=\"text-editor.default\">\n\t\t\t\t<div class=\"elementor-widget-container\">\n\t\t\t\t\t\t\t\t\t<p>Basis Zelte<\/p>\n<h4>siehe unser Angebot unten<\/h4>\t\t\t\t\t\t\t\t<\/div>\n\t\t\t\t<\/div>\n\t\t\t\t<\/div>\n\t\t\t\t<\/div>\n\t\t","protected":false},"excerpt":{"rendered":"<p>Basis Zelte siehe unser Angebot unten Erleben Sie den Luxus des Glamping im Camp von Elba Travels Verschiedene Schlafm\u00f6glichkeiten\u00dcbernachten Sie in einem unserer komfortablen privaten Basiszelte. Die Zelte haben Einzel-, Doppel- oder Etagenbetten und k\u00f6nnen 1, 2, 3 oder 4 Personen beherbergen. Es gibt Platz f\u00fcr Ihr Gep\u00e4ck und alle Zelte sind mit Licht und [&hellip;]<\/p>\n","protected":false},"author":1,"featured_media":0,"parent":0,"menu_order":0,"comment_status":"closed","ping_status":"closed","template":"","meta":{"footnotes":""},"class_list":["post-2339","page","type-page","status-publish","hentry"],"yoast_head":"<!-- This site is optimized with the Yoast SEO plugin v25.3 - https:\/\/yoast.com\/wordpress\/plugins\/seo\/ -->\n<title>Basis Zelte -<\/title>\n<meta name=\"robots\" content=\"index, follow, max-snippet:-1, max-image-preview:large, max-video-preview:-1\" \/>\n<link rel=\"canonical\" href=\"https:\/\/elba-travels.com\/de\/basis-zelte\/\" \/>\n<meta property=\"og:locale\" content=\"de_DE\" \/>\n<meta property=\"og:type\" content=\"article\" \/>\n<meta property=\"og:title\" content=\"Basis Zelte -\" \/>\n<meta property=\"og:description\" content=\"Basis Zelte siehe unser Angebot unten Erleben Sie den Luxus des Glamping im Camp von Elba Travels Verschiedene Schlafm\u00f6glichkeiten\u00dcbernachten Sie in einem unserer komfortablen privaten Basiszelte. Die Zelte haben Einzel-, Doppel- oder Etagenbetten und k\u00f6nnen 1, 2, 3 oder 4 Personen beherbergen. Es gibt Platz f\u00fcr Ihr Gep\u00e4ck und alle Zelte sind mit Licht und [&hellip;]\" \/>\n<meta property=\"og:url\" content=\"https:\/\/elba-travels.com\/de\/basis-zelte\/\" \/>\n<meta property=\"article:publisher\" content=\"https:\/\/www.facebook.com\/elbatravels\" \/>\n<meta property=\"article:modified_time\" content=\"2025-06-12T17:05:42+00:00\" \/>\n<meta name=\"twitter:card\" content=\"summary_large_image\" \/>\n<meta name=\"twitter:label1\" content=\"Gesch\u00e4tzte Lesezeit\" \/>\n\t<meta name=\"twitter:data1\" content=\"2\u00a0Minuten\" \/>\n<script type=\"application\/ld+json\" class=\"yoast-schema-graph\">{\"@context\":\"https:\/\/schema.org\",\"@graph\":[{\"@type\":\"WebPage\",\"@id\":\"https:\/\/elba-travels.com\/de\/basis-zelte\/\",\"url\":\"https:\/\/elba-travels.com\/de\/basis-zelte\/\",\"name\":\"Basis Zelte -\",\"isPartOf\":{\"@id\":\"https:\/\/elba-travels.com\/de\/#website\"},\"datePublished\":\"2024-11-14T15:46:46+00:00\",\"dateModified\":\"2025-06-12T17:05:42+00:00\",\"breadcrumb\":{\"@id\":\"https:\/\/elba-travels.com\/de\/basis-zelte\/#breadcrumb\"},\"inLanguage\":\"de\",\"potentialAction\":[{\"@type\":\"ReadAction\",\"target\":[\"https:\/\/elba-travels.com\/de\/basis-zelte\/\"]}]},{\"@type\":\"BreadcrumbList\",\"@id\":\"https:\/\/elba-travels.com\/de\/basis-zelte\/#breadcrumb\",\"itemListElement\":[{\"@type\":\"ListItem\",\"position\":1,\"name\":\"Home\",\"item\":\"https:\/\/elba-travels.com\/de\/hauptseite\/\"},{\"@type\":\"ListItem\",\"position\":2,\"name\":\"Basis Zelte\"}]},{\"@type\":\"WebSite\",\"@id\":\"https:\/\/elba-travels.com\/de\/#website\",\"url\":\"https:\/\/elba-travels.com\/de\/\",\"name\":\"Elba Travels\",\"description\":\"\",\"publisher\":{\"@id\":\"https:\/\/elba-travels.com\/de\/#organization\"},\"potentialAction\":[{\"@type\":\"SearchAction\",\"target\":{\"@type\":\"EntryPoint\",\"urlTemplate\":\"https:\/\/elba-travels.com\/de\/?s={search_term_string}\"},\"query-input\":{\"@type\":\"PropertyValueSpecification\",\"valueRequired\":true,\"valueName\":\"search_term_string\"}}],\"inLanguage\":\"de\"},{\"@type\":\"Organization\",\"@id\":\"https:\/\/elba-travels.com\/de\/#organization\",\"name\":\"Elba Travels\",\"url\":\"https:\/\/elba-travels.com\/de\/\",\"logo\":{\"@type\":\"ImageObject\",\"inLanguage\":\"de\",\"@id\":\"https:\/\/elba-travels.com\/de\/#\/schema\/logo\/image\/\",\"url\":\"https:\/\/elba-travels.com\/wp-content\/uploads\/2024\/11\/Elbatravels_logo_groot.png\",\"contentUrl\":\"https:\/\/elba-travels.com\/wp-content\/uploads\/2024\/11\/Elbatravels_logo_groot.png\",\"width\":2245,\"height\":349,\"caption\":\"Elba Travels\"},\"image\":{\"@id\":\"https:\/\/elba-travels.com\/de\/#\/schema\/logo\/image\/\"},\"sameAs\":[\"https:\/\/www.facebook.com\/elbatravels\",\"https:\/\/www.instagram.com\/elbatravels\/\"]}]}<\/script>\n<!-- \/ Yoast SEO plugin. -->","yoast_head_json":{"title":"Basis Zelte -","robots":{"index":"index","follow":"follow","max-snippet":"max-snippet:-1","max-image-preview":"max-image-preview:large","max-video-preview":"max-video-preview:-1"},"canonical":"https:\/\/elba-travels.com\/de\/basis-zelte\/","og_locale":"de_DE","og_type":"article","og_title":"Basis Zelte -","og_description":"Basis Zelte siehe unser Angebot unten Erleben Sie den Luxus des Glamping im Camp von Elba Travels Verschiedene Schlafm\u00f6glichkeiten\u00dcbernachten Sie in einem unserer komfortablen privaten Basiszelte. Die Zelte haben Einzel-, Doppel- oder Etagenbetten und k\u00f6nnen 1, 2, 3 oder 4 Personen beherbergen. Es gibt Platz f\u00fcr Ihr Gep\u00e4ck und alle Zelte sind mit Licht und [&hellip;]","og_url":"https:\/\/elba-travels.com\/de\/basis-zelte\/","article_publisher":"https:\/\/www.facebook.com\/elbatravels","article_modified_time":"2025-06-12T17:05:42+00:00","twitter_card":"summary_large_image","twitter_misc":{"Gesch\u00e4tzte Lesezeit":"2\u00a0Minuten"},"schema":{"@context":"https:\/\/schema.org","@graph":[{"@type":"WebPage","@id":"https:\/\/elba-travels.com\/de\/basis-zelte\/","url":"https:\/\/elba-travels.com\/de\/basis-zelte\/","name":"Basis Zelte -","isPartOf":{"@id":"https:\/\/elba-travels.com\/de\/#website"},"datePublished":"2024-11-14T15:46:46+00:00","dateModified":"2025-06-12T17:05:42+00:00","breadcrumb":{"@id":"https:\/\/elba-travels.com\/de\/basis-zelte\/#breadcrumb"},"inLanguage":"de","potentialAction":[{"@type":"ReadAction","target":["https:\/\/elba-travels.com\/de\/basis-zelte\/"]}]},{"@type":"BreadcrumbList","@id":"https:\/\/elba-travels.com\/de\/basis-zelte\/#breadcrumb","itemListElement":[{"@type":"ListItem","position":1,"name":"Home","item":"https:\/\/elba-travels.com\/de\/hauptseite\/"},{"@type":"ListItem","position":2,"name":"Basis Zelte"}]},{"@type":"WebSite","@id":"https:\/\/elba-travels.com\/de\/#website","url":"https:\/\/elba-travels.com\/de\/","name":"Elba Travels","description":"","publisher":{"@id":"https:\/\/elba-travels.com\/de\/#organization"},"potentialAction":[{"@type":"SearchAction","target":{"@type":"EntryPoint","urlTemplate":"https:\/\/elba-travels.com\/de\/?s={search_term_string}"},"query-input":{"@type":"PropertyValueSpecification","valueRequired":true,"valueName":"search_term_string"}}],"inLanguage":"de"},{"@type":"Organization","@id":"https:\/\/elba-travels.com\/de\/#organization","name":"Elba Travels","url":"https:\/\/elba-travels.com\/de\/","logo":{"@type":"ImageObject","inLanguage":"de","@id":"https:\/\/elba-travels.com\/de\/#\/schema\/logo\/image\/","url":"https:\/\/elba-travels.com\/wp-content\/uploads\/2024\/11\/Elbatravels_logo_groot.png","contentUrl":"https:\/\/elba-travels.com\/wp-content\/uploads\/2024\/11\/Elbatravels_logo_groot.png","width":2245,"height":349,"caption":"Elba Travels"},"image":{"@id":"https:\/\/elba-travels.com\/de\/#\/schema\/logo\/image\/"},"sameAs":["https:\/\/www.facebook.com\/elbatravels","https:\/\/www.instagram.com\/elbatravels\/"]}]}},"_links":{"self":[{"href":"https:\/\/elba-travels.com\/de\/wp-json\/wp\/v2\/pages\/2339","targetHints":{"allow":["GET"]}}],"collection":[{"href":"https:\/\/elba-travels.com\/de\/wp-json\/wp\/v2\/pages"}],"about":[{"href":"https:\/\/elba-travels.com\/de\/wp-json\/wp\/v2\/types\/page"}],"author":[{"embeddable":true,"href":"https:\/\/elba-travels.com\/de\/wp-json\/wp\/v2\/users\/1"}],"replies":[{"embeddable":true,"href":"https:\/\/elba-travels.com\/de\/wp-json\/wp\/v2\/comments?post=2339"}],"version-history":[{"count":1,"href":"https:\/\/elba-travels.com\/de\/wp-json\/wp\/v2\/pages\/2339\/revisions"}],"predecessor-version":[{"id":2340,"href":"https:\/\/elba-travels.com\/de\/wp-json\/wp\/v2\/pages\/2339\/revisions\/2340"}],"wp:attachment":[{"href":"https:\/\/elba-travels.com\/de\/wp-json\/wp\/v2\/media?parent=2339"}],"curies":[{"name":"wp","href":"https:\/\/api.w.org\/{rel}","templated":true}]}}