{"id":2321,"date":"2024-11-13T22:22:01","date_gmt":"2024-11-13T22:22:01","guid":{"rendered":"https:\/\/elba-travels.com\/unterkuenfte\/"},"modified":"2025-06-12T17:00:12","modified_gmt":"2025-06-12T17:00:12","slug":"unterkuenfte","status":"publish","type":"page","link":"https:\/\/elba-travels.com\/de\/unterkuenfte\/","title":{"rendered":"Unterk\u00fcnfte"},"content":{"rendered":"\t\t<div data-elementor-type=\"wp-page\" data-elementor-id=\"2321\" class=\"elementor elementor-2321 elementor-45\" data-elementor-post-type=\"page\">\n\t\t\t\t<div class=\"elementor-element elementor-element-fdd3968 e-con-full e-flex e-con e-parent\" data-id=\"fdd3968\" data-element_type=\"container\" data-e-type=\"container\">\n\t\t\t\t<div class=\"elementor-element elementor-element-3cfe1b3 elementor--h-position-center elementor--v-position-middle elementor-arrows-position-inside elementor-pagination-position-inside elementor-widget elementor-widget-slides\" data-id=\"3cfe1b3\" data-element_type=\"widget\" data-e-type=\"widget\" data-settings=\"{&quot;navigation&quot;:&quot;both&quot;,&quot;autoplay&quot;:&quot;yes&quot;,&quot;pause_on_hover&quot;:&quot;yes&quot;,&quot;pause_on_interaction&quot;:&quot;yes&quot;,&quot;autoplay_speed&quot;:5000,&quot;infinite&quot;:&quot;yes&quot;,&quot;transition&quot;:&quot;slide&quot;,&quot;transition_speed&quot;:500}\" data-widget_type=\"slides.default\">\n\t\t\t\t<div class=\"elementor-widget-container\">\n\t\t\t\t\t\t\t\t\t<div class=\"elementor-swiper\">\n\t\t\t\t\t<div class=\"elementor-slides-wrapper elementor-main-swiper swiper\" role=\"region\" aria-roledescription=\"carousel\" aria-label=\"Slides\" dir=\"ltr\" data-animation=\"fadeInUp\">\n\t\t\t\t<div class=\"swiper-wrapper elementor-slides\">\n\t\t\t\t\t\t\t\t\t\t<div class=\"elementor-repeater-item-69b4f37 swiper-slide\" role=\"group\" aria-roledescription=\"slide\"><div class=\"swiper-slide-bg elementor-ken-burns elementor-ken-burns--in\" role=\"img\" aria-label=\"Safaritent voorkant\"><\/div><div class=\"swiper-slide-inner\" ><div class=\"swiper-slide-contents\"><div class=\"elementor-slide-heading\">Safari Zelt<\/div><div  class=\"elementor-button elementor-slide-button elementor-size-sm\">mehr...<\/div><\/div><\/div><\/div><div class=\"elementor-repeater-item-e4a9432 swiper-slide\" role=\"group\" aria-roledescription=\"slide\"><div class=\"swiper-slide-bg elementor-ken-burns elementor-ken-burns--in\" role=\"img\" aria-label=\"1p tent - inside\"><\/div><div class=\"swiper-slide-inner\" ><div class=\"swiper-slide-contents\"><div class=\"elementor-slide-heading\">1 Person Zelt<\/div><div  class=\"elementor-button elementor-slide-button elementor-size-sm\">mehr...<\/div><\/div><\/div><\/div><div class=\"elementor-repeater-item-1fb21f3 swiper-slide\" role=\"group\" aria-roledescription=\"slide\"><div class=\"swiper-slide-bg elementor-ken-burns elementor-ken-burns--in\" role=\"img\" aria-label=\"2p tent - two single beds\"><\/div><div class=\"swiper-slide-inner\" ><div class=\"swiper-slide-contents\"><div class=\"elementor-slide-heading\">2-Personen-Zelt<\/div><div  class=\"elementor-button elementor-slide-button elementor-size-sm\">mehr...<\/div><\/div><\/div><\/div><div class=\"elementor-repeater-item-51f76f4 swiper-slide\" role=\"group\" aria-roledescription=\"slide\"><div class=\"swiper-slide-bg elementor-ken-burns elementor-ken-burns--in\" role=\"img\" aria-label=\"3p tent - inside\"><\/div><div class=\"swiper-slide-inner\" ><div class=\"swiper-slide-contents\"><div class=\"elementor-slide-heading\">3-Personen-Zelt<\/div><div  class=\"elementor-button elementor-slide-button elementor-size-sm\">mehr...<\/div><\/div><\/div><\/div><div class=\"elementor-repeater-item-9ad1550 swiper-slide\" role=\"group\" aria-roledescription=\"slide\"><div class=\"swiper-slide-bg elementor-ken-burns elementor-ken-burns--in\" role=\"img\" aria-label=\"4p tent - inside\"><\/div><div class=\"swiper-slide-inner\" ><div class=\"swiper-slide-contents\"><div class=\"elementor-slide-heading\">4-Personen-Zelt<\/div><div  class=\"elementor-button elementor-slide-button elementor-size-sm\">mehr...<\/div><\/div><\/div><\/div><div class=\"elementor-repeater-item-0880f82 swiper-slide\" role=\"group\" aria-roledescription=\"slide\"><div class=\"swiper-slide-bg elementor-ken-burns elementor-ken-burns--in\" role=\"img\" aria-label=\"P5243021\"><\/div><div class=\"swiper-slide-inner\" ><div class=\"swiper-slide-contents\"><div class=\"elementor-slide-heading\">Herbergszelt<\/div><div  class=\"elementor-button elementor-slide-button elementor-size-sm\">mehr...<\/div><\/div><\/div><\/div>\t\t\t\t<\/div>\n\t\t\t\t\t\t\t\t\t\t\t\t\t\t\t<div class=\"elementor-swiper-button elementor-swiper-button-prev\" role=\"button\" tabindex=\"0\" aria-label=\"Vorheriger Slide\">\n\t\t\t\t\t\t\t<svg aria-hidden=\"true\" class=\"e-font-icon-svg e-eicon-chevron-left\" viewBox=\"0 0 1000 1000\" xmlns=\"http:\/\/www.w3.org\/2000\/svg\"><path d=\"M646 125C629 125 613 133 604 142L308 442C296 454 292 471 292 487 292 504 296 521 308 533L604 854C617 867 629 875 646 875 663 875 679 871 692 858 704 846 713 829 713 812 713 796 708 779 692 767L438 487 692 225C700 217 708 204 708 187 708 171 704 154 692 142 675 129 663 125 646 125Z\"><\/path><\/svg>\t\t\t\t\t\t<\/div>\n\t\t\t\t\t\t<div class=\"elementor-swiper-button elementor-swiper-button-next\" role=\"button\" tabindex=\"0\" aria-label=\"N\u00e4chster Slide\">\n\t\t\t\t\t\t\t<svg aria-hidden=\"true\" class=\"e-font-icon-svg e-eicon-chevron-right\" viewBox=\"0 0 1000 1000\" xmlns=\"http:\/\/www.w3.org\/2000\/svg\"><path d=\"M696 533C708 521 713 504 713 487 713 471 708 454 696 446L400 146C388 133 375 125 354 125 338 125 325 129 313 142 300 154 292 171 292 187 292 204 296 221 308 233L563 492 304 771C292 783 288 800 288 817 288 833 296 850 308 863 321 871 338 875 354 875 371 875 388 867 400 854L696 533Z\"><\/path><\/svg>\t\t\t\t\t\t<\/div>\n\t\t\t\t\t\t\t\t\t\t\t\t\t\t\t\t<div class=\"swiper-pagination\"><\/div>\n\t\t\t\t\t\t\t\t\t\t\t\t<\/div>\n\t\t\t\t<\/div>\n\t\t\t\t\t\t\t\t<\/div>\n\t\t\t\t<\/div>\n\t\t\t\t<\/div>\n\t\t<div class=\"elementor-element elementor-element-f8b6085 e-con-full e-flex e-con e-parent\" data-id=\"f8b6085\" data-element_type=\"container\" data-e-type=\"container\" data-settings=\"{&quot;background_background&quot;:&quot;classic&quot;,&quot;shape_divider_top&quot;:&quot;mountains&quot;,&quot;shape_divider_bottom&quot;:&quot;mountains&quot;}\">\n\t\t\t\t<div class=\"elementor-shape elementor-shape-top\" aria-hidden=\"true\" data-negative=\"false\">\n\t\t\t<svg xmlns=\"http:\/\/www.w3.org\/2000\/svg\" viewBox=\"0 0 1000 100\" preserveAspectRatio=\"none\">\n\t<path class=\"elementor-shape-fill\" opacity=\"0.33\" d=\"M473,67.3c-203.9,88.3-263.1-34-320.3,0C66,119.1,0,59.7,0,59.7V0h1000v59.7 c0,0-62.1,26.1-94.9,29.3c-32.8,3.3-62.8-12.3-75.8-22.1C806,49.6,745.3,8.7,694.9,4.7S492.4,59,473,67.3z\"\/>\n\t<path class=\"elementor-shape-fill\" opacity=\"0.66\" d=\"M734,67.3c-45.5,0-77.2-23.2-129.1-39.1c-28.6-8.7-150.3-10.1-254,39.1 s-91.7-34.4-149.2,0C115.7,118.3,0,39.8,0,39.8V0h1000v36.5c0,0-28.2-18.5-92.1-18.5C810.2,18.1,775.7,67.3,734,67.3z\"\/>\n\t<path class=\"elementor-shape-fill\" d=\"M766.1,28.9c-200-57.5-266,65.5-395.1,19.5C242,1.8,242,5.4,184.8,20.6C128,35.8,132.3,44.9,89.9,52.5C28.6,63.7,0,0,0,0 h1000c0,0-9.9,40.9-83.6,48.1S829.6,47,766.1,28.9z\"\/>\n<\/svg>\t\t<\/div>\n\t\t\t\t<div class=\"elementor-shape elementor-shape-bottom\" aria-hidden=\"true\" data-negative=\"false\">\n\t\t\t<svg xmlns=\"http:\/\/www.w3.org\/2000\/svg\" viewBox=\"0 0 1000 100\" preserveAspectRatio=\"none\">\n\t<path class=\"elementor-shape-fill\" opacity=\"0.33\" d=\"M473,67.3c-203.9,88.3-263.1-34-320.3,0C66,119.1,0,59.7,0,59.7V0h1000v59.7 c0,0-62.1,26.1-94.9,29.3c-32.8,3.3-62.8-12.3-75.8-22.1C806,49.6,745.3,8.7,694.9,4.7S492.4,59,473,67.3z\"\/>\n\t<path class=\"elementor-shape-fill\" opacity=\"0.66\" d=\"M734,67.3c-45.5,0-77.2-23.2-129.1-39.1c-28.6-8.7-150.3-10.1-254,39.1 s-91.7-34.4-149.2,0C115.7,118.3,0,39.8,0,39.8V0h1000v36.5c0,0-28.2-18.5-92.1-18.5C810.2,18.1,775.7,67.3,734,67.3z\"\/>\n\t<path class=\"elementor-shape-fill\" d=\"M766.1,28.9c-200-57.5-266,65.5-395.1,19.5C242,1.8,242,5.4,184.8,20.6C128,35.8,132.3,44.9,89.9,52.5C28.6,63.7,0,0,0,0 h1000c0,0-9.9,40.9-83.6,48.1S829.6,47,766.1,28.9z\"\/>\n<\/svg>\t\t<\/div>\n\t\t\t\t<div class=\"elementor-element elementor-element-9c39da3 elementor-widget elementor-widget-text-editor\" data-id=\"9c39da3\" data-element_type=\"widget\" data-e-type=\"widget\" data-widget_type=\"text-editor.default\">\n\t\t\t\t<div class=\"elementor-widget-container\">\n\t\t\t\t\t\t\t\t\t<p>Alle Unterk\u00fcnfte auf einen Blick<\/p><h4>siehe unser Angebot unten<\/h4>\t\t\t\t\t\t\t\t<\/div>\n\t\t\t\t<\/div>\n\t\t\t\t<\/div>\n\t\t<div class=\"elementor-element elementor-element-3c055cb e-flex e-con-boxed e-con e-parent\" data-id=\"3c055cb\" data-element_type=\"container\" data-e-type=\"container\">\n\t\t\t\t\t<div class=\"e-con-inner\">\n\t\t\t\t<div class=\"elementor-element elementor-element-7e5d3c0 elementor-position-left elementor-vertical-align-top elementor-widget elementor-widget-image-box\" data-id=\"7e5d3c0\" data-element_type=\"widget\" data-e-type=\"widget\" data-widget_type=\"image-box.default\">\n\t\t\t\t<div class=\"elementor-widget-container\">\n\t\t\t\t\t<div class=\"elementor-image-box-wrapper\"><figure class=\"elementor-image-box-img\"><a href=\"https:\/\/elba-travels.com\/safaritenten\/\" tabindex=\"-1\"><img decoding=\"async\" src=\"https:\/\/elba-travels.com\/wp-content\/uploads\/elementor\/thumbs\/unnamed-2-qx02a6qffemcv6vt09a26274cfihg8jrxlt519ksls.jpg\" title=\"Safaritent voorkant\" alt=\"Safaritent voorkant\" loading=\"lazy\" \/><\/a><\/figure><div class=\"elementor-image-box-content\"><h3 class=\"elementor-image-box-title\"><a href=\"https:\/\/elba-travels.com\/safaritenten\/\">Safari Zelt<\/a><\/h3><p class=\"elementor-image-box-description\">Das Flaggschiff unseres Angebots. Ger\u00e4umiges Zelt mit 2 Schlafkabinen und einem Wohnbereich. Mit eigener K\u00fcche und Terrasse.  <br>Standardm\u00e4\u00dfig f\u00fcr bis zu 4 Personen, aber erweiterbar auf 6.  <\/p><\/div><\/div>\t\t\t\t<\/div>\n\t\t\t\t<\/div>\n\t\t\t\t<div class=\"elementor-element elementor-element-17e578a elementor-position-left elementor-vertical-align-top elementor-widget elementor-widget-image-box\" data-id=\"17e578a\" data-element_type=\"widget\" data-e-type=\"widget\" data-widget_type=\"image-box.default\">\n\t\t\t\t<div class=\"elementor-widget-container\">\n\t\t\t\t\t<div class=\"elementor-image-box-wrapper\"><figure class=\"elementor-image-box-img\"><a href=\"https:\/\/elba-travels.com\/basistenten\/\" tabindex=\"-1\"><img decoding=\"async\" src=\"https:\/\/elba-travels.com\/wp-content\/uploads\/elementor\/thumbs\/1p-tent-inside-scaled-qx1um9277h501qo4te0pxlytrbxbnn5yd27mtvix1s.jpg\" title=\"1p tent &#8211; inside\" alt=\"1p tent - inside\" loading=\"lazy\" \/><\/a><\/figure><div class=\"elementor-image-box-content\"><h3 class=\"elementor-image-box-title\"><a href=\"https:\/\/elba-travels.com\/basistenten\/\">Basiszelt<\/a><\/h3><p class=\"elementor-image-box-description\">Dieses private Zelt ist in Varianten f\u00fcr 1, 2, 3 und 4 Personen erh\u00e4ltlich.  \nEinfach und budgetfreundlich: mit echten Betten, Licht und Strom.  <\/p><\/div><\/div>\t\t\t\t<\/div>\n\t\t\t\t<\/div>\n\t\t\t\t<div class=\"elementor-element elementor-element-9e19e72 elementor-position-left elementor-vertical-align-top elementor-widget elementor-widget-image-box\" data-id=\"9e19e72\" data-element_type=\"widget\" data-e-type=\"widget\" data-widget_type=\"image-box.default\">\n\t\t\t\t<div class=\"elementor-widget-container\">\n\t\t\t\t\t<div class=\"elementor-image-box-wrapper\"><figure class=\"elementor-image-box-img\"><a href=\"https:\/\/elba-travels.com\/hosteltent\/\" tabindex=\"-1\"><img decoding=\"async\" src=\"https:\/\/elba-travels.com\/wp-content\/uploads\/elementor\/thumbs\/P5243021-scaled-qx1uo7k3g1ti8htqdqhqmm6eb89uoxxtmr51tmme34.jpg\" title=\"P5243021\" alt=\"P5243021\" loading=\"lazy\" \/><\/a><\/figure><div class=\"elementor-image-box-content\"><h3 class=\"elementor-image-box-title\"><a href=\"https:\/\/elba-travels.com\/hosteltent\/\">Herbergszelt<\/a><\/h3><p class=\"elementor-image-box-description\">Unsere beste Budget-Option f\u00fcr Reisende. Sie buchen ein Bett in unserem Herbergszelt, das Sie mit bis zu 5 anderen Personen teilen. Strom und Licht sind nat\u00fcrlich auch vorhanden.  <\/p><\/div><\/div>\t\t\t\t<\/div>\n\t\t\t\t<\/div>\n\t\t\t\t\t<\/div>\n\t\t\t\t<\/div>\n\t\t<div class=\"elementor-element elementor-element-15fb59b e-con-full e-flex e-con e-parent\" data-id=\"15fb59b\" data-element_type=\"container\" data-e-type=\"container\" data-settings=\"{&quot;background_background&quot;:&quot;classic&quot;,&quot;shape_divider_top&quot;:&quot;mountains&quot;,&quot;shape_divider_bottom&quot;:&quot;mountains&quot;}\">\n\t\t\t\t<div class=\"elementor-shape elementor-shape-top\" aria-hidden=\"true\" data-negative=\"false\">\n\t\t\t<svg xmlns=\"http:\/\/www.w3.org\/2000\/svg\" viewBox=\"0 0 1000 100\" preserveAspectRatio=\"none\">\n\t<path class=\"elementor-shape-fill\" opacity=\"0.33\" d=\"M473,67.3c-203.9,88.3-263.1-34-320.3,0C66,119.1,0,59.7,0,59.7V0h1000v59.7 c0,0-62.1,26.1-94.9,29.3c-32.8,3.3-62.8-12.3-75.8-22.1C806,49.6,745.3,8.7,694.9,4.7S492.4,59,473,67.3z\"\/>\n\t<path class=\"elementor-shape-fill\" opacity=\"0.66\" d=\"M734,67.3c-45.5,0-77.2-23.2-129.1-39.1c-28.6-8.7-150.3-10.1-254,39.1 s-91.7-34.4-149.2,0C115.7,118.3,0,39.8,0,39.8V0h1000v36.5c0,0-28.2-18.5-92.1-18.5C810.2,18.1,775.7,67.3,734,67.3z\"\/>\n\t<path class=\"elementor-shape-fill\" d=\"M766.1,28.9c-200-57.5-266,65.5-395.1,19.5C242,1.8,242,5.4,184.8,20.6C128,35.8,132.3,44.9,89.9,52.5C28.6,63.7,0,0,0,0 h1000c0,0-9.9,40.9-83.6,48.1S829.6,47,766.1,28.9z\"\/>\n<\/svg>\t\t<\/div>\n\t\t\t\t<div class=\"elementor-shape elementor-shape-bottom\" aria-hidden=\"true\" data-negative=\"false\">\n\t\t\t<svg xmlns=\"http:\/\/www.w3.org\/2000\/svg\" viewBox=\"0 0 1000 100\" preserveAspectRatio=\"none\">\n\t<path class=\"elementor-shape-fill\" opacity=\"0.33\" d=\"M473,67.3c-203.9,88.3-263.1-34-320.3,0C66,119.1,0,59.7,0,59.7V0h1000v59.7 c0,0-62.1,26.1-94.9,29.3c-32.8,3.3-62.8-12.3-75.8-22.1C806,49.6,745.3,8.7,694.9,4.7S492.4,59,473,67.3z\"\/>\n\t<path class=\"elementor-shape-fill\" opacity=\"0.66\" d=\"M734,67.3c-45.5,0-77.2-23.2-129.1-39.1c-28.6-8.7-150.3-10.1-254,39.1 s-91.7-34.4-149.2,0C115.7,118.3,0,39.8,0,39.8V0h1000v36.5c0,0-28.2-18.5-92.1-18.5C810.2,18.1,775.7,67.3,734,67.3z\"\/>\n\t<path class=\"elementor-shape-fill\" d=\"M766.1,28.9c-200-57.5-266,65.5-395.1,19.5C242,1.8,242,5.4,184.8,20.6C128,35.8,132.3,44.9,89.9,52.5C28.6,63.7,0,0,0,0 h1000c0,0-9.9,40.9-83.6,48.1S829.6,47,766.1,28.9z\"\/>\n<\/svg>\t\t<\/div>\n\t\t\t\t<div class=\"elementor-element elementor-element-c1d01a2 elementor-widget elementor-widget-text-editor\" data-id=\"c1d01a2\" data-element_type=\"widget\" data-e-type=\"widget\" data-widget_type=\"text-editor.default\">\n\t\t\t\t<div class=\"elementor-widget-container\">\n\t\t\t\t\t\t\t\t\t<p>Alle Unterk\u00fcnfte auf einen Blick<\/p><h4>Oh, ist das schon das Ende? Klicken Sie auf eine der Unterk\u00fcnfte f\u00fcr weitere Informationen<\/h4>\t\t\t\t\t\t\t\t<\/div>\n\t\t\t\t<\/div>\n\t\t\t\t<\/div>\n\t\t\t\t<\/div>\n\t\t","protected":false},"excerpt":{"rendered":"<p>Safari Zeltmehr&#8230;1 Person Zeltmehr&#8230;2-Personen-Zeltmehr&#8230;3-Personen-Zeltmehr&#8230;4-Personen-Zeltmehr&#8230;Herbergszeltmehr&#8230; Alle Unterk\u00fcnfte auf einen Blick siehe unser Angebot unten Safari Zelt Das Flaggschiff unseres Angebots. Ger\u00e4umiges Zelt mit 2 Schlafkabinen und einem Wohnbereich. Mit eigener K\u00fcche und Terrasse. Standardm\u00e4\u00dfig f\u00fcr bis zu 4 Personen, aber erweiterbar auf 6. Basiszelt Dieses private Zelt ist in Varianten f\u00fcr 1, 2, 3 und 4 [&hellip;]<\/p>\n","protected":false},"author":1,"featured_media":0,"parent":0,"menu_order":0,"comment_status":"closed","ping_status":"closed","template":"","meta":{"footnotes":""},"class_list":["post-2321","page","type-page","status-publish","hentry"],"yoast_head":"<!-- This site is optimized with the Yoast SEO plugin v25.3 - https:\/\/yoast.com\/wordpress\/plugins\/seo\/ -->\n<title>Unterk\u00fcnfte -<\/title>\n<meta name=\"robots\" content=\"index, follow, max-snippet:-1, max-image-preview:large, max-video-preview:-1\" \/>\n<link rel=\"canonical\" href=\"https:\/\/elba-travels.com\/de\/unterkuenfte\/\" \/>\n<meta property=\"og:locale\" content=\"de_DE\" \/>\n<meta property=\"og:type\" content=\"article\" \/>\n<meta property=\"og:title\" content=\"Unterk\u00fcnfte -\" \/>\n<meta property=\"og:description\" content=\"Safari Zeltmehr&#8230;1 Person Zeltmehr&#8230;2-Personen-Zeltmehr&#8230;3-Personen-Zeltmehr&#8230;4-Personen-Zeltmehr&#8230;Herbergszeltmehr&#8230; Alle Unterk\u00fcnfte auf einen Blick siehe unser Angebot unten Safari Zelt Das Flaggschiff unseres Angebots. Ger\u00e4umiges Zelt mit 2 Schlafkabinen und einem Wohnbereich. Mit eigener K\u00fcche und Terrasse. Standardm\u00e4\u00dfig f\u00fcr bis zu 4 Personen, aber erweiterbar auf 6. Basiszelt Dieses private Zelt ist in Varianten f\u00fcr 1, 2, 3 und 4 [&hellip;]\" \/>\n<meta property=\"og:url\" content=\"https:\/\/elba-travels.com\/de\/unterkuenfte\/\" \/>\n<meta property=\"article:publisher\" content=\"https:\/\/www.facebook.com\/elbatravels\" \/>\n<meta property=\"article:modified_time\" content=\"2025-06-12T17:00:12+00:00\" \/>\n<meta property=\"og:image\" content=\"https:\/\/elba-travels.com\/wp-content\/uploads\/elementor\/thumbs\/unnamed-2-qx02a6qffemcv6vt09a26274cfihg8jrxlt519ksls.jpg\" \/>\n<meta name=\"twitter:card\" content=\"summary_large_image\" \/>\n<meta name=\"twitter:label1\" content=\"Gesch\u00e4tzte Lesezeit\" \/>\n\t<meta name=\"twitter:data1\" content=\"1\u00a0Minute\" \/>\n<script type=\"application\/ld+json\" class=\"yoast-schema-graph\">{\"@context\":\"https:\/\/schema.org\",\"@graph\":[{\"@type\":\"WebPage\",\"@id\":\"https:\/\/elba-travels.com\/de\/unterkuenfte\/\",\"url\":\"https:\/\/elba-travels.com\/de\/unterkuenfte\/\",\"name\":\"Unterk\u00fcnfte -\",\"isPartOf\":{\"@id\":\"https:\/\/elba-travels.com\/de\/#website\"},\"primaryImageOfPage\":{\"@id\":\"https:\/\/elba-travels.com\/de\/unterkuenfte\/#primaryimage\"},\"image\":{\"@id\":\"https:\/\/elba-travels.com\/de\/unterkuenfte\/#primaryimage\"},\"thumbnailUrl\":\"https:\/\/elba-travels.com\/wp-content\/uploads\/elementor\/thumbs\/unnamed-2-qx02a6qffemcv6vt09a26274cfihg8jrxlt519ksls.jpg\",\"datePublished\":\"2024-11-13T22:22:01+00:00\",\"dateModified\":\"2025-06-12T17:00:12+00:00\",\"breadcrumb\":{\"@id\":\"https:\/\/elba-travels.com\/de\/unterkuenfte\/#breadcrumb\"},\"inLanguage\":\"de\",\"potentialAction\":[{\"@type\":\"ReadAction\",\"target\":[\"https:\/\/elba-travels.com\/de\/unterkuenfte\/\"]}]},{\"@type\":\"ImageObject\",\"inLanguage\":\"de\",\"@id\":\"https:\/\/elba-travels.com\/de\/unterkuenfte\/#primaryimage\",\"url\":\"https:\/\/elba-travels.com\/wp-content\/uploads\/elementor\/thumbs\/unnamed-2-qx02a6qffemcv6vt09a26274cfihg8jrxlt519ksls.jpg\",\"contentUrl\":\"https:\/\/elba-travels.com\/wp-content\/uploads\/elementor\/thumbs\/unnamed-2-qx02a6qffemcv6vt09a26274cfihg8jrxlt519ksls.jpg\"},{\"@type\":\"BreadcrumbList\",\"@id\":\"https:\/\/elba-travels.com\/de\/unterkuenfte\/#breadcrumb\",\"itemListElement\":[{\"@type\":\"ListItem\",\"position\":1,\"name\":\"Home\",\"item\":\"https:\/\/elba-travels.com\/de\/hauptseite\/\"},{\"@type\":\"ListItem\",\"position\":2,\"name\":\"Unterk\u00fcnfte\"}]},{\"@type\":\"WebSite\",\"@id\":\"https:\/\/elba-travels.com\/de\/#website\",\"url\":\"https:\/\/elba-travels.com\/de\/\",\"name\":\"Elba Travels\",\"description\":\"\",\"publisher\":{\"@id\":\"https:\/\/elba-travels.com\/de\/#organization\"},\"potentialAction\":[{\"@type\":\"SearchAction\",\"target\":{\"@type\":\"EntryPoint\",\"urlTemplate\":\"https:\/\/elba-travels.com\/de\/?s={search_term_string}\"},\"query-input\":{\"@type\":\"PropertyValueSpecification\",\"valueRequired\":true,\"valueName\":\"search_term_string\"}}],\"inLanguage\":\"de\"},{\"@type\":\"Organization\",\"@id\":\"https:\/\/elba-travels.com\/de\/#organization\",\"name\":\"Elba Travels\",\"url\":\"https:\/\/elba-travels.com\/de\/\",\"logo\":{\"@type\":\"ImageObject\",\"inLanguage\":\"de\",\"@id\":\"https:\/\/elba-travels.com\/de\/#\/schema\/logo\/image\/\",\"url\":\"https:\/\/elba-travels.com\/wp-content\/uploads\/2024\/11\/Elbatravels_logo_groot.png\",\"contentUrl\":\"https:\/\/elba-travels.com\/wp-content\/uploads\/2024\/11\/Elbatravels_logo_groot.png\",\"width\":2245,\"height\":349,\"caption\":\"Elba Travels\"},\"image\":{\"@id\":\"https:\/\/elba-travels.com\/de\/#\/schema\/logo\/image\/\"},\"sameAs\":[\"https:\/\/www.facebook.com\/elbatravels\",\"https:\/\/www.instagram.com\/elbatravels\/\"]}]}<\/script>\n<!-- \/ Yoast SEO plugin. -->","yoast_head_json":{"title":"Unterk\u00fcnfte -","robots":{"index":"index","follow":"follow","max-snippet":"max-snippet:-1","max-image-preview":"max-image-preview:large","max-video-preview":"max-video-preview:-1"},"canonical":"https:\/\/elba-travels.com\/de\/unterkuenfte\/","og_locale":"de_DE","og_type":"article","og_title":"Unterk\u00fcnfte -","og_description":"Safari Zeltmehr&#8230;1 Person Zeltmehr&#8230;2-Personen-Zeltmehr&#8230;3-Personen-Zeltmehr&#8230;4-Personen-Zeltmehr&#8230;Herbergszeltmehr&#8230; Alle Unterk\u00fcnfte auf einen Blick siehe unser Angebot unten Safari Zelt Das Flaggschiff unseres Angebots. Ger\u00e4umiges Zelt mit 2 Schlafkabinen und einem Wohnbereich. Mit eigener K\u00fcche und Terrasse. Standardm\u00e4\u00dfig f\u00fcr bis zu 4 Personen, aber erweiterbar auf 6. Basiszelt Dieses private Zelt ist in Varianten f\u00fcr 1, 2, 3 und 4 [&hellip;]","og_url":"https:\/\/elba-travels.com\/de\/unterkuenfte\/","article_publisher":"https:\/\/www.facebook.com\/elbatravels","article_modified_time":"2025-06-12T17:00:12+00:00","og_image":[{"url":"https:\/\/elba-travels.com\/wp-content\/uploads\/elementor\/thumbs\/unnamed-2-qx02a6qffemcv6vt09a26274cfihg8jrxlt519ksls.jpg","type":"","width":"","height":""}],"twitter_card":"summary_large_image","twitter_misc":{"Gesch\u00e4tzte Lesezeit":"1\u00a0Minute"},"schema":{"@context":"https:\/\/schema.org","@graph":[{"@type":"WebPage","@id":"https:\/\/elba-travels.com\/de\/unterkuenfte\/","url":"https:\/\/elba-travels.com\/de\/unterkuenfte\/","name":"Unterk\u00fcnfte -","isPartOf":{"@id":"https:\/\/elba-travels.com\/de\/#website"},"primaryImageOfPage":{"@id":"https:\/\/elba-travels.com\/de\/unterkuenfte\/#primaryimage"},"image":{"@id":"https:\/\/elba-travels.com\/de\/unterkuenfte\/#primaryimage"},"thumbnailUrl":"https:\/\/elba-travels.com\/wp-content\/uploads\/elementor\/thumbs\/unnamed-2-qx02a6qffemcv6vt09a26274cfihg8jrxlt519ksls.jpg","datePublished":"2024-11-13T22:22:01+00:00","dateModified":"2025-06-12T17:00:12+00:00","breadcrumb":{"@id":"https:\/\/elba-travels.com\/de\/unterkuenfte\/#breadcrumb"},"inLanguage":"de","potentialAction":[{"@type":"ReadAction","target":["https:\/\/elba-travels.com\/de\/unterkuenfte\/"]}]},{"@type":"ImageObject","inLanguage":"de","@id":"https:\/\/elba-travels.com\/de\/unterkuenfte\/#primaryimage","url":"https:\/\/elba-travels.com\/wp-content\/uploads\/elementor\/thumbs\/unnamed-2-qx02a6qffemcv6vt09a26274cfihg8jrxlt519ksls.jpg","contentUrl":"https:\/\/elba-travels.com\/wp-content\/uploads\/elementor\/thumbs\/unnamed-2-qx02a6qffemcv6vt09a26274cfihg8jrxlt519ksls.jpg"},{"@type":"BreadcrumbList","@id":"https:\/\/elba-travels.com\/de\/unterkuenfte\/#breadcrumb","itemListElement":[{"@type":"ListItem","position":1,"name":"Home","item":"https:\/\/elba-travels.com\/de\/hauptseite\/"},{"@type":"ListItem","position":2,"name":"Unterk\u00fcnfte"}]},{"@type":"WebSite","@id":"https:\/\/elba-travels.com\/de\/#website","url":"https:\/\/elba-travels.com\/de\/","name":"Elba Travels","description":"","publisher":{"@id":"https:\/\/elba-travels.com\/de\/#organization"},"potentialAction":[{"@type":"SearchAction","target":{"@type":"EntryPoint","urlTemplate":"https:\/\/elba-travels.com\/de\/?s={search_term_string}"},"query-input":{"@type":"PropertyValueSpecification","valueRequired":true,"valueName":"search_term_string"}}],"inLanguage":"de"},{"@type":"Organization","@id":"https:\/\/elba-travels.com\/de\/#organization","name":"Elba Travels","url":"https:\/\/elba-travels.com\/de\/","logo":{"@type":"ImageObject","inLanguage":"de","@id":"https:\/\/elba-travels.com\/de\/#\/schema\/logo\/image\/","url":"https:\/\/elba-travels.com\/wp-content\/uploads\/2024\/11\/Elbatravels_logo_groot.png","contentUrl":"https:\/\/elba-travels.com\/wp-content\/uploads\/2024\/11\/Elbatravels_logo_groot.png","width":2245,"height":349,"caption":"Elba Travels"},"image":{"@id":"https:\/\/elba-travels.com\/de\/#\/schema\/logo\/image\/"},"sameAs":["https:\/\/www.facebook.com\/elbatravels","https:\/\/www.instagram.com\/elbatravels\/"]}]}},"_links":{"self":[{"href":"https:\/\/elba-travels.com\/de\/wp-json\/wp\/v2\/pages\/2321","targetHints":{"allow":["GET"]}}],"collection":[{"href":"https:\/\/elba-travels.com\/de\/wp-json\/wp\/v2\/pages"}],"about":[{"href":"https:\/\/elba-travels.com\/de\/wp-json\/wp\/v2\/types\/page"}],"author":[{"embeddable":true,"href":"https:\/\/elba-travels.com\/de\/wp-json\/wp\/v2\/users\/1"}],"replies":[{"embeddable":true,"href":"https:\/\/elba-travels.com\/de\/wp-json\/wp\/v2\/comments?post=2321"}],"version-history":[{"count":1,"href":"https:\/\/elba-travels.com\/de\/wp-json\/wp\/v2\/pages\/2321\/revisions"}],"predecessor-version":[{"id":2322,"href":"https:\/\/elba-travels.com\/de\/wp-json\/wp\/v2\/pages\/2321\/revisions\/2322"}],"wp:attachment":[{"href":"https:\/\/elba-travels.com\/de\/wp-json\/wp\/v2\/media?parent=2321"}],"curies":[{"name":"wp","href":"https:\/\/api.w.org\/{rel}","templated":true}]}}